{"id":941,"date":"2018-02-27T19:04:53","date_gmt":"2018-02-27T18:04:53","guid":{"rendered":"http:\/\/zupa-svik-recica.hr\/?page_id=941"},"modified":"2022-04-03T11:11:16","modified_gmt":"2022-04-03T09:11:16","slug":"iz-ureda","status":"publish","type":"page","link":"https:\/\/zupa-svik-recica.hr\/index.php\/iz-ureda\/","title":{"rendered":"OBAVIJESTI"},"content":{"rendered":"<div id=\"page\" class=\"hfeed site\">\n<div id=\"content\" class=\"site-content no-slider\">\n<section id=\"section-29\" class=\"parallax-section clearfix service_template\">\n<div class=\"mid-content\">\n<div class=\"service-listing clearfix\">\n<div class=\"clearfix service-list odd wow fadeInLeft animated\" data-wow-delay=\"0.75s\">\n<div class=\"service-detail\">\n<div id=\"page\" class=\"hfeed site\">\n<div id=\"content\" class=\"site-content no-slider\">\n<section id=\"section-29\" class=\"parallax-section clearfix service_template\">\n<div class=\"mid-content\">\n<div class=\"service-listing clearfix\">\n<div class=\"clearfix service-list odd wow fadeInLeft animated\" data-wow-delay=\"0.75s\">\n<div class=\"service-detail\">\n<div class=\"service-content\">\n<p><span style=\"color: #ff0000;\"><strong><span style=\"color: #ff0000;\"><a href=\"https:\/\/pitoazaduse.blogspot.com\/2022\/04\/cvjetnica-u-recici.html\"><span style=\"color: #ff0000;\">CVJETNICA U RE\u010cICI<\/span><\/a><br \/>\n<a style=\"color: #ff0000;\" href=\"https:\/\/pitoazaduse.blogspot.com\/2022\/02\/sanacija-kroviste-kod-tornja.html\">Sanacija krovi\u0161ta kod tornja<\/a><\/span><br \/>\n<a style=\"color: #ff0000;\" href=\"https:\/\/pitoazaduse.blogspot.com\/2022\/01\/statisticki-podaci.html\">Statisti\u010dki podaci za 2021. godinu<\/a><\/strong><\/span><\/p>\n<p><strong>PREGLED \u00a0ZBIVANJA \u00a0U \u00a0<\/strong><strong>\u017d<\/strong><strong>UPI U \u00a02021. \u00a0GODINI<br \/>\n<\/strong><\/p>\n<ol start=\"28\">\n<li><em> p<\/em><em>rosinca 2020. u 6 sati i 28\u00a0minute dogodio se jak\u00a0potres magnitude M=5.0 s epicentrom kod Petrinje<\/em><em>.\u00a0Isti dan, uslijedilo je jo\u0161 nekoliko ja\u010dih potresa, a naredni dan\u00a029. prosinca 2020. u 12\u00a0sati i 19 minuta\u00a0podru\u010dje oko Petrinje pogodio je razoran potres magnitude M=6.2. Ovi potresi i prije toga onaj \u201ezagreba\u010dki\u201c u o\u017eujku ostavili su tragove na na\u0161oj \u017eupnoj crkvi koja je jako o\u0161te\u0107ena i na \u017eupnoj ku\u0107i. Sre\u0107om dio crkve koji smo obnovili (kor) nije o\u0161te\u0107en.<\/em><\/li>\n<\/ol>\n<p><em>Odmah nakon potresa iza\u0161la je prva komisija na teren koja je onako \u201eodokativno\u201c zaklju\u010dila da nije ni\u0161ta stra\u0161no. Nakon prijave \u017eupnika nadle\u017enim dr\u017eavnim tijelima po\u010detkom sije\u010dnja izlazi dr\u017eavna komisija koja ustanovljuje ozbiljna o\u0161te\u0107enja i izdaje privremenu ZABRANU okupljanja u crkvi, stavlja \u017eutu naljepnicu na crkvu. Po\u010dinjemo se okupljati u na\u0161oj<\/em><em> \u017eupnoj dvorani i u domu DVD Dolnja Re\u010dica \u2013 dobrotom dobrovoljnog vatrogasnog dru\u0161tva.<\/em><\/p>\n<p><em>Kada je bilo ljep\u0161e vrijeme okupljali smo se ispred \u017eupne crkve.<\/em><em>\u00a0<\/em><\/p>\n<p><em>Nakon jo\u0161 jednog pregleda dobivamo dozvolu po\u010detkom lipnja da se mo\u017eemo okupljati u na\u0161oj \u017eupnoj crkvi nakon jo\u0161 jednog detaljnog pregleda crkve.<\/em><\/p>\n<p><em>Anga\u017eirana je tvrtka TARNIK\u00a0 iz Zagreba za izradu ELABORATA sanacije \u017eupne crkve. U isto vrijeme Ministarstvo kulture i medija uz preporuku Konzervatorskog odjela u Karlovcu dodjeljuje \u017eupi inicijalna sredstva u visini 300.000,00 kuna. I tada slijedi skupljanje, slanje gomile dokumenata, zahtjeva, dozvola\u2026<\/em><\/p>\n<p><em>Elabopratom je ustanovljeno da je potrebno tri oslika \u2013 dva na zidu, jedan na stropu o\u010distiti i u\u010dvrstiti kako nebi propali. To je i u\u010dinjeno i pla\u0107eno je 100.000,00 kn. Za elaborat je pla\u0107eno 25.000,00 kuna.<\/em><\/p>\n<p><em>Sada slijedi sanacija krovi\u0161ta kod tornja za \u0161to je pla\u0107eno 140.000,00 kuna bez PDV-a. S PDV biti \u0107e i vi\u0161e.<\/em><\/p>\n<p><em>Slijede\u0107a faza je postavljanje zatega u crkvu u vezi \u010dega smo u kontaktu sa firmom GRASA iz Zagreba koji su nam poslali inicijalnu ponudu od 170,000,00 kn bez PDV-a i bez ugradnje mre\u017eica u zid i bez skela.Preporu\u010deno je nadalje ugradnja \u010deli\u010dnih nosa\u010da u zidove, postavljanje mre\u017enica na strop i lukove, demonta\u017ea orgulja sanacija kora, bu\u0161enje i sanacija zida crkve prema cesti. Time bi bili zavr\u0161eni gra\u0111evinski radovi na sanaciji potresom o\u0161te\u0107ene \u017eupne crkve.<\/em><\/p>\n<p><em>\u0160to se ti\u010de \u017eupne ku\u0107e najve\u0107a o\u0161te\u0107enja su na katu ku\u0107e. Na\u017ealost za to nisu nigdje predvi\u0111ena sredstva pa \u0107e to pasti na teret \u017eupe. \u017dupnik trenutno \u017eivi u prizemlju ku\u0107e. Nadam se da \u0107emo tu uspjeti dio progurati kroz neke fondove, a dio \u0107emo morati sami.<\/em><\/p>\n<p><em>Donacijom grada Karlovca u visini 25.000,00 kn i vlastitim sredstvima i marljivim \u017eupljanima sagradili smo u prostoru \u017eupnog parka bogoslu\u017eni prostor na otvorenom. Tako smo u vrijeme pandemije corona virusa imali misu na otvorenom i na misi je mogao sudjelovati ve\u0107i broj vjernika. Tako da je cijena toga prostora 30.000,00 kn. U cijelosti je sve podmireno.<\/em><\/p>\n<p><em>Uz probleme s potresima u pro\u0161loj smo se godini susreli i s velikim brojem oboljelih i umrlih \u017eupljana od virusa corone. Sve nas je to spre\u010davalo u na\u0161im redovitim susretima nedjeljom i blagdanima.<\/em><\/p>\n<p><em>\u00a0\u00a0\u00a0\u00a0\u00a0\u00a0\u00a0\u00a0\u00a0\u00a0\u00a0\u00a0\u00a0\u00a0\u00a0\u00a0\u00a0\u00a0\u00a0\u00a0\u00a0\u00a0\u00a0\u00a0\u00a0\u00a0\u00a0\u00a0\u00a0\u00a0\u00a0\u00a0 <\/em><strong>PLANOVI ZA 2022. GODINU<\/strong><\/p>\n<p><em>\u00a0Ponajprije to je \u00a0ure\u0111enje prizemlja \u017eupne ku\u0107e za kakvo takvo pristojno stanovanje \u017eupnika i pristojan \u017eivot i rad. Jer ovo vi\u0161e nije ni za stanovanje i za rad.Ovo su samo 2 slike iz prizemlja \u017eupne ku\u0107e.<\/em><\/p>\n<p><em>Drugo \u0161to bismo trebali urediti jest ulaz u \u017eupno dvori\u0161te koje sada izgleda kao neki put u polju. Ku\u0107a i ulaz slika su brige \u017eupljana za svoju \u017eupu i koliko dr\u017ee do svoga \u017eupnika. Jedno su pri\u010de, drugo je stvarnost. Nadam se da \u0107ete me podr\u017eati u ovoj obnovi Vjerujem da \u017eupljani trebaju omogu\u010diti \u017eupniku pristojan smje\u0161taj i \u017eivot.<\/em><\/p>\n<p><strong>\u00a0<\/strong><\/p>\n<p><strong>\u017dUPNA STATISTIKA ZA 2020. GODINU<\/strong><\/p>\n<table>\n<tbody>\n<tr>\n<td width=\"206\"><strong>KR\u0160TENI<\/strong><\/td>\n<td width=\"206\"><strong>UMRLI<\/strong><\/td>\n<td width=\"206\"><strong>VJEN\u010cANI<\/strong><\/td>\n<\/tr>\n<tr>\n<td width=\"206\"><strong>\u00a0\u00a0\u00a0\u00a0\u00a0 10<\/strong><\/td>\n<td width=\"206\"><strong>\u00a0\u00a0\u00a0 22<\/strong><\/td>\n<td width=\"206\"><strong>\u00a0\u00a0\u00a0 1<\/strong><\/td>\n<\/tr>\n<\/tbody>\n<\/table>\n<blockquote class=\"wp-embedded-content\" data-secret=\"392Wu04uiQ\"><p><a href=\"http:\/\/zupa-svik-recica.hr\/index.php\/2021\/01\/10\/privremeno-neuporabljiva-zupna-crkva\/\">PRIVREMENO NEUPORABLJIVA \u017dUPNA CRKVA<\/a><\/p><\/blockquote>\n<p><iframe class=\"wp-embedded-content\" sandbox=\"allow-scripts\" security=\"restricted\" style=\"position: absolute; clip: rect(1px, 1px, 1px, 1px);\" title=\"&#8220;PRIVREMENO NEUPORABLJIVA \u017dUPNA CRKVA&#8221; &#8212; \u017dupa Sv. Ivana Krstitelja Re\u010dica\" src=\"http:\/\/zupa-svik-recica.hr\/index.php\/2021\/01\/10\/privremeno-neuporabljiva-zupna-crkva\/embed\/#?secret=392Wu04uiQ\" data-secret=\"392Wu04uiQ\" width=\"525\" height=\"296\" frameborder=\"0\" marginwidth=\"0\" marginheight=\"0\" scrolling=\"no\"><\/iframe><\/p>\n<p>Po\u0161tovani \u017eupljani,<br \/>\nuvijek vas obavje\u0161tavamo o svim doga\u0111ajima u na\u0161oj \u017eupi kako bi \u0161to bolje razvijali i njegovali na\u0161e zajedni\u0161tvo i u ovim vremenima isku\u0161enja. To nam je sada ono najva\u017enije.<br \/>\n&#8212;&#8212;&#8212;&#8212;&#8212;&#8212;&#8212;&#8212;&#8212;&#8212;&#8212;&#8212;&#8212;&#8212;&#8212;&#8212;&#8212;&#8212;&#8212;&#8212;&#8212;&#8212;&#8212;&#8212;&#8212;&#8212;&#8212;&#8212;&#8211;<\/p>\n<p><em style=\"font-size: 1rem;\">\u017dUPNA STATISTIKA<\/em><\/p>\n<\/div>\n<\/div>\n<\/div>\n<\/div>\n<\/div>\n<div class=\"mid-content\">\n<div class=\"service-listing clearfix\">\n<div class=\"clearfix service-list odd wow fadeInLeft animated\" data-wow-delay=\"0.75s\">\n<div class=\"service-detail\">\n<div class=\"service-content\">\n<table>\n<tbody>\n<tr>\n<td width=\"98\"><em>KR\u0160TENI<\/em><\/td>\n<td width=\"98\"><em>UMRLI<\/em><\/td>\n<td width=\"98\"><em>VJEN\u010cANI<\/em><\/td>\n<\/tr>\n<tr>\n<td width=\"98\"><strong><em>2019.<\/em><\/strong><\/td>\n<td width=\"98\"><strong><em>2019<\/em><\/strong><em>.<\/em><\/td>\n<td width=\"98\"><strong><em>2019<\/em><\/strong><em>.<\/em><\/td>\n<\/tr>\n<tr>\n<td width=\"98\"><em>\u00a0\u00a0 9<\/em><\/td>\n<td width=\"98\"><em>\u00a0 15<\/em><\/td>\n<td width=\"98\"><em>\u00a0\u00a0 5<\/em><\/td>\n<\/tr>\n<tr>\n<td width=\"98\"><strong><em>2018.\u00a0\u00a0\u00a0 <\/em><\/strong><\/td>\n<td width=\"98\"><strong><em>2018<\/em><\/strong><em>.<\/em><\/td>\n<td width=\"98\"><strong><em>2018.<\/em><\/strong><\/td>\n<\/tr>\n<tr>\n<td width=\"98\"><em>\u00a0\u00a0 9 <\/em><\/td>\n<td width=\"98\"><em>\u00a0 15\u00a0\u00a0 <\/em><\/td>\n<td width=\"98\"><em>\u00a0 4<\/em><\/td>\n<\/tr>\n<tr>\n<td width=\"98\"><strong><em>2017.<\/em><\/strong><\/td>\n<td width=\"98\"><strong><em>2017<\/em><\/strong><em>.<\/em><\/td>\n<td width=\"98\"><strong><em>2017.<\/em><\/strong><\/td>\n<\/tr>\n<tr>\n<td width=\"98\"><em>\u00a0\u00a0 9<\/em><\/td>\n<td width=\"98\"><em>\u00a0\u00a0 19<\/em><\/td>\n<td width=\"98\"><em>\u00a0\u00a0 6<\/em><\/td>\n<\/tr>\n<tr>\n<td width=\"98\"><strong><em>2016.<\/em><\/strong><\/td>\n<td width=\"98\"><strong><em>2016.<\/em><\/strong><\/td>\n<td width=\"98\"><strong><em>2016.<\/em><\/strong><\/td>\n<\/tr>\n<tr>\n<td width=\"98\"><em>\u00a0\u00a0 13<\/em><\/td>\n<td width=\"98\"><em>\u00a0 18<\/em><\/td>\n<td width=\"98\"><em>\u00a0 3<\/em><\/td>\n<\/tr>\n<\/tbody>\n<\/table>\n<p>&nbsp;<\/p>\n<p>&nbsp;<\/p>\n<\/div>\n<\/div>\n<\/div>\n<\/div>\n<\/div>\n<\/section>\n<\/div>\n<\/div>\n<\/div>\n<\/div>\n<\/div>\n<\/div>\n<\/section>\n<\/div>\n<\/div>\n","protected":false},"excerpt":{"rendered":"<p>CVJETNICA U RE\u010cICI Sanacija krovi\u0161ta kod tornja Statisti\u010dki podaci za 2021. godinu PREGLED \u00a0ZBIVANJA \u00a0U \u00a0\u017dUPI U \u00a02021. \u00a0GODINI prosinca 2020. u 6 sati i 28\u00a0minute dogodio se jak\u00a0potres magnitude M=5.0 s epicentrom kod Petrinje.\u00a0Isti dan, uslijedilo je jo\u0161 nekoliko ja\u010dih potresa, a naredni dan\u00a029. prosinca 2020. u 12\u00a0sati i 19 minuta\u00a0podru\u010dje oko Petrinje pogodio &hellip; <\/p>\n<p class=\"link-more\"><a href=\"https:\/\/zupa-svik-recica.hr\/index.php\/iz-ureda\/\" class=\"more-link\">Nastavi \u010ditati<span class=\"screen-reader-text\"> &#8220;OBAVIJESTI&#8221;<\/span><\/a><\/p>\n","protected":false},"author":2,"featured_media":0,"parent":0,"menu_order":0,"comment_status":"closed","ping_status":"closed","template":"","meta":{"_mi_skip_tracking":false},"_links":{"self":[{"href":"https:\/\/zupa-svik-recica.hr\/index.php\/wp-json\/wp\/v2\/pages\/941"}],"collection":[{"href":"https:\/\/zupa-svik-recica.hr\/index.php\/wp-json\/wp\/v2\/pages"}],"about":[{"href":"https:\/\/zupa-svik-recica.hr\/index.php\/wp-json\/wp\/v2\/types\/page"}],"author":[{"embeddable":true,"href":"https:\/\/zupa-svik-recica.hr\/index.php\/wp-json\/wp\/v2\/users\/2"}],"replies":[{"embeddable":true,"href":"https:\/\/zupa-svik-recica.hr\/index.php\/wp-json\/wp\/v2\/comments?post=941"}],"version-history":[{"count":60,"href":"https:\/\/zupa-svik-recica.hr\/index.php\/wp-json\/wp\/v2\/pages\/941\/revisions"}],"predecessor-version":[{"id":3332,"href":"https:\/\/zupa-svik-recica.hr\/index.php\/wp-json\/wp\/v2\/pages\/941\/revisions\/3332"}],"wp:attachment":[{"href":"https:\/\/zupa-svik-recica.hr\/index.php\/wp-json\/wp\/v2\/media?parent=941"}],"curies":[{"name":"wp","href":"https:\/\/api.w.org\/{rel}","templated":true}]}}