{"id":939,"date":"2018-02-27T19:04:30","date_gmt":"2018-02-27T18:04:30","guid":{"rendered":"http:\/\/zupa-svik-recica.hr\/?page_id=939"},"modified":"2021-08-06T15:15:04","modified_gmt":"2021-08-06T13:15:04","slug":"recicki-zupnici","status":"publish","type":"page","link":"https:\/\/zupa-svik-recica.hr\/index.php\/recicki-zupnici\/","title":{"rendered":"Re\u010di\u010dki \u017eupnici"},"content":{"rendered":"<p>Budu\u0107i da je \u017eupna Spomenica nepotpuna bilo je te\u0161ko do\u0107i do popisa re\u010di\u010dkih \u017eupnika. Ipak uspjeli smo donekle do\u0107i barem do dijela \u017eupnika:<br \/>\n<strong style=\"font-size: 1rem;\">Franjo Androvi\u0107<\/strong><span style=\"font-size: 1rem;\"> (1737 &#8211; 1743.)<br \/>\n<\/span><strong>Jakob Rozi\u0107<\/strong> ( 1743 &#8211; ?)<br \/>\n<strong>Josip \u0160afar<\/strong> ( 1872 &#8211; 1911.) &#8211; obnovio unutra\u0161njos crkve, postavio oltar Gospe Lurdske.<br \/>\n<strong>dr. Petar Trbuha<\/strong> ( 1911 &#8211; 1923.)<br \/>\n<strong>Nikola Bori\u0107<\/strong> ( 1923 &#8211; 1935.)<br \/>\n<strong><img loading=\"lazy\" class=\"alignleft size-medium wp-image-1439\" src=\"http:\/\/zupa-svik-recica.hr\/wp-content\/uploads\/2018\/08\/martin-Gecina-218x300.jpg\" alt=\"\" width=\"218\" height=\"300\" srcset=\"https:\/\/zupa-svik-recica.hr\/wp-content\/uploads\/2018\/08\/martin-Gecina-218x300.jpg 218w, https:\/\/zupa-svik-recica.hr\/wp-content\/uploads\/2018\/08\/martin-Gecina.jpg 295w\" sizes=\"(max-width: 218px) 100vw, 218px\" \/>Martin Gecina<\/strong> ( 1935 &#8211; 15.01.1945.) tada ga odvode partizani u nepoznato. Prema nekim podacima ubijen je koncem svibnja 1945. na nepoznatom mjestu bez su\u0111enja i osude. Grob mu je nepoznat.<br \/>\n<span style=\"color: #ff0000;\"><strong><a style=\"color: #ff0000;\" href=\"https:\/\/www.zg-nadbiskupija.hr\/default.aspx?id=30281&amp;mobile=false\">VI\u0160E<\/a><\/strong><\/span><\/p>\n<p>&nbsp;<\/p>\n<p><strong>Tomo Karmeli\u0107<\/strong> ( \u017eupnik iz \u0160i\u0161ljavi\u0107a upravlja privremeno \u017eupom Re\u010dica<strong><img loading=\"lazy\" class=\"alignleft size-full wp-image-1438\" src=\"http:\/\/zupa-svik-recica.hr\/wp-content\/uploads\/2018\/08\/nikola-sertic-3.jpg\" alt=\"\" width=\"169\" height=\"260\" \/><\/strong><\/p>\n<p><strong>dr. Nikola Serti\u0107<\/strong> ( 1945 &#8211; 1950.)\u00a0Prva \u017eupa mu je bila \u201e\u017dupe Svetog Ivana Krstitelja-Re\u010dica\u201d u Re\u010dici kraj Karlovca, gdje djeluje od 9. kolovoza 1945. do 7. studenog 1950. a paralelno djeluje i u susjednoj \u201e\u017dupi Svetog Josipa\u201c \u0160i\u0161ljavi\u0107i (1947. do 1951.) gdje je me\u0111u vjernicima ostao zapam\u0107en kao pravi primjer sve\u0107eni\u010dke revnosti . Osnovao je pjeva\u010dki zbor, ustrajno ga vje\u017ebao, sam skladao.<br \/>\n<a href=\"https:\/\/bib.irb.hr\/datoteka\/537651.Podravski_zbornik_2011pdf.pdf\">VI\u0160E&#8230;<\/a><\/p>\n<p><strong>Josip Dumen\u010di\u0107<\/strong> ( 1950 &#8211; 1961.)<br \/>\n<strong>Alojzije Ko\u010det<\/strong> ( 1961 &#8211; 1986.)<br \/>\n<strong>Dragutin Orai\u0107<\/strong> ( 1986 &#8211; 2001.) obnovio krovi\u0161te \u017eupne crkve, obnovio fasadu na crkvi, izgradio vjeronau\u010dne dvorane i uredio okoli\u0161 \u017eupne crkve&#8230; Premje\u0161ten u \u017dupu Odra gdje je i umro 23. velja\u010de 2006. godine u 63 godini \u017eivota i trideset i sedmoj godini sve\u0107eni\u0161tva. Pokopan na Odri kraj Zagreba.<br \/>\n<strong>Stjepan Ra\u010di\u0107<\/strong> ( 2001. &#8211; 2005.) Premje\u0161ten u \u017eupu Pokupsko. Umirovljen 2015. godine.<br \/>\n<img loading=\"lazy\" class=\"size-medium wp-image-1100 alignleft\" src=\"http:\/\/zupa-svik-recica.hr\/wp-content\/uploads\/2018\/05\/vl\u010d.karas_-300x226.jpg\" alt=\"\" width=\"300\" height=\"226\" srcset=\"https:\/\/zupa-svik-recica.hr\/wp-content\/uploads\/2018\/05\/vl\u010d.karas_-300x226.jpg 300w, https:\/\/zupa-svik-recica.hr\/wp-content\/uploads\/2018\/05\/vl\u010d.karas_.jpg 600w\" sizes=\"(max-width: 300px) 100vw, 300px\" \/><strong>Josip Karas<\/strong> ( 2005 &#8211; 2007.) Ure\u0111ivao unutra\u0161njost ku\u0107e, uveo u crkvu centralno grijanje, pokrenuo dje\u010dji zbor i zbor mladih Charisma, i \u017eupni list Zvona sv. Ivana Krstitelja.<br \/>\n2007. godine premje\u0161ten je u \u017eupu sv. Martin pod Oki\u0107em.<br \/>\nTrenutno je \u017eupnik novoosnovane \u017eupe u Petrinji.<strong><img loading=\"lazy\" class=\"size-medium wp-image-948 alignleft\" src=\"http:\/\/zupa-svik-recica.hr\/wp-content\/uploads\/2018\/02\/lovor-300x300.jpg\" alt=\"\" width=\"300\" height=\"300\" srcset=\"https:\/\/zupa-svik-recica.hr\/wp-content\/uploads\/2018\/02\/lovor-300x300.jpg 300w, https:\/\/zupa-svik-recica.hr\/wp-content\/uploads\/2018\/02\/lovor-150x150.jpg 150w, https:\/\/zupa-svik-recica.hr\/wp-content\/uploads\/2018\/02\/lovor-100x100.jpg 100w, https:\/\/zupa-svik-recica.hr\/wp-content\/uploads\/2018\/02\/lovor.jpg 600w\" sizes=\"(max-width: 300px) 100vw, 300px\" \/><\/strong><\/p>\n<p><strong>Lovro Zaplati\u0107<\/strong> ( 2007 &#8211;\u00a0 \u00a0 \u00a0 ).\u00a0\u017dupom upravlja \u017eupnik Lovro Zaplati\u0107 od 20. kolovoza 2007. godine, koji je na ovu du\u017enost do\u0161ao iz \u017eupe sv. Petra apostola iz Duge Rese.\u00a0Ro\u0111en u Loboru 10.08.1949. godine.Zare\u0111en za sve\u0107enika 26.06.1975. na Mariji Bistrici. Bio kapelan u \u017eupi sv. Bla\u017e u Zagrebu i Zlataru. \u017dupnik u Vrhovcu, Sveticama, Mahi\u0107nu u sv. Petru u Dugoj Resi, tri godine iz Re\u010dice upravljao i \u017eupom \u0160i\u0161ljavi\u0107. \u0160est godina bio urednik i voditelj radio emisije na Radio Mre\u017enici: Za tvoju du\u0161u. Pisao za Karlova\u010dki tjednik redovito kroz nekoliko godina, pokreta\u010d i glavni urednik politi\u010dkog talk portala hrvati.de. Pokreta\u010d i urednik prvog hrvatskog katoli\u010dkog portala katolici.org. Danas pi\u0161e kolumne na portalu KAportal pod nazivom Pitov teatar apsurda.<\/p>\n<p>&nbsp;<\/p>\n","protected":false},"excerpt":{"rendered":"<p>Budu\u0107i da je \u017eupna Spomenica nepotpuna bilo je te\u0161ko do\u0107i do popisa re\u010di\u010dkih \u017eupnika. Ipak uspjeli smo donekle do\u0107i barem do dijela \u017eupnika: Franjo Androvi\u0107 (1737 &#8211; 1743.) Jakob Rozi\u0107 ( 1743 &#8211; ?) Josip \u0160afar ( 1872 &#8211; 1911.) &#8211; obnovio unutra\u0161njos crkve, postavio oltar Gospe Lurdske. dr. Petar Trbuha ( 1911 &#8211; 1923.) &hellip; <\/p>\n<p class=\"link-more\"><a href=\"https:\/\/zupa-svik-recica.hr\/index.php\/recicki-zupnici\/\" class=\"more-link\">Nastavi \u010ditati<span class=\"screen-reader-text\"> &#8220;Re\u010di\u010dki \u017eupnici&#8221;<\/span><\/a><\/p>\n","protected":false},"author":2,"featured_media":0,"parent":0,"menu_order":0,"comment_status":"closed","ping_status":"closed","template":"","meta":{"_mi_skip_tracking":false},"_links":{"self":[{"href":"https:\/\/zupa-svik-recica.hr\/index.php\/wp-json\/wp\/v2\/pages\/939"}],"collection":[{"href":"https:\/\/zupa-svik-recica.hr\/index.php\/wp-json\/wp\/v2\/pages"}],"about":[{"href":"https:\/\/zupa-svik-recica.hr\/index.php\/wp-json\/wp\/v2\/types\/page"}],"author":[{"embeddable":true,"href":"https:\/\/zupa-svik-recica.hr\/index.php\/wp-json\/wp\/v2\/users\/2"}],"replies":[{"embeddable":true,"href":"https:\/\/zupa-svik-recica.hr\/index.php\/wp-json\/wp\/v2\/comments?post=939"}],"version-history":[{"count":7,"href":"https:\/\/zupa-svik-recica.hr\/index.php\/wp-json\/wp\/v2\/pages\/939\/revisions"}],"predecessor-version":[{"id":3099,"href":"https:\/\/zupa-svik-recica.hr\/index.php\/wp-json\/wp\/v2\/pages\/939\/revisions\/3099"}],"wp:attachment":[{"href":"https:\/\/zupa-svik-recica.hr\/index.php\/wp-json\/wp\/v2\/media?parent=939"}],"curies":[{"name":"wp","href":"https:\/\/api.w.org\/{rel}","templated":true}]}}