{"id":283,"date":"2017-12-15T16:58:10","date_gmt":"2017-12-15T15:58:10","guid":{"rendered":"http:\/\/192.168.1.16\/?page_id=283"},"modified":"2018-02-02T14:21:46","modified_gmt":"2018-02-02T13:21:46","slug":"pojmovnik-praznovjerja","status":"publish","type":"page","link":"https:\/\/zupa-svik-recica.hr\/index.php\/pojmovnik-praznovjerja\/","title":{"rendered":"Pojmovnik praznovjerja"},"content":{"rendered":"<h3>CRVENI KONAC<\/h3>\n<p><img loading=\"lazy\" class=\"alignleft wp-image-284\" src=\"http:\/\/zupa-svik-recica.hr\/wp-content\/uploads\/2018\/01\/narukvica.jpg\" alt=\"\" width=\"240\" height=\"161\" \/>Na rukama novoro\u0111en\u010dadi, djece i slavnih osoba, crveni konac oko zape\u0161\u0107a slu\u017ei kao talisman protiv uroka ili prikupljanja pozitivnih energija. Podrijetlo ovog praznovjerja potje\u0107e iz hinduizma u kojemu svetu uzicu oko zape\u0161\u0107a, ve\u017ee sve\u0107enik vjernicima koji obavljaju hinduisti\u010dke obrede. U svijetu celebrity invazija kon\u010di\u0107a povezuje se s<br \/>\nkontroverznim Kabbalah Centrom Philipa Berga i funom tzv. \u201eMadonna kabale\u201c, svojevrsne holivudske interpretacije \u017eidovske kabale.<\/p>\n<h3>AN\u0110EOSKI TALISMAN<\/h3>\n<p><img loading=\"lazy\" class=\"alignleft wp-image-286 size-full\" src=\"http:\/\/zupa-svik-recica.hr\/wp-content\/uploads\/2018\/01\/pp5.jpg\" alt=\"\" width=\"132\" height=\"189\" \/>Sastoji se od kruga s \u010dije se vanjske strane nalazi magijskim pismom ugravirani tekst: \u201cIspred mene, iza mene, s moje desne i s moje lijeve strane, ja sam okru\u017een za\u0161titom\u201d. Iza kruga su ugravirana imena \u010detvorice arkan\u0111ela. An\u0111eoske kartice, i drugi an\u0111eoski talismani, Hrvatskom se \u0161ire zahvaljuju\u0107i okultnim bratstvima koja, u ime komunikacije s an\u0111elima, promi\u010du spiritisti\u010dke tehnike izmi\u0161ljaju\u0107i uvijek nove ponude i nove vrste talismana\u201c<\/p>\n<h3>KETLSKI KRI\u017d<\/h3>\n<p><img loading=\"lazy\" class=\"alignleft size-full wp-image-287\" src=\"http:\/\/zupa-svik-recica.hr\/wp-content\/uploads\/2018\/01\/pp6.jpg\" alt=\"\" width=\"126\" height=\"199\" \/>Potje\u010de iz keltskog svijeta. Predstavlja jedan od najstarijih i najpoznatijih na\u010dina \u010ditanja Tarot karata. Simbolizira most s drugim svijetom, vi\u0161e energije i znanja. Kri\u017e s krugom oko njega, simbol duha Zemlje i bo\u017eanstva, koristi se u svrhu za\u0161tite.<\/p>\n<h3>LUBANJA JARCA<\/h3>\n<p><img loading=\"lazy\" class=\"alignleft size-full wp-image-288\" src=\"http:\/\/zupa-svik-recica.hr\/wp-content\/uploads\/2018\/01\/pp7.jpg\" alt=\"\" width=\"144\" height=\"144\" \/>Antikr\u0161\u0107anski amblem sotonisti\u010dkih skupina. Sljedbenici luciferijanizma shva\u0107aju Lucifera kao utjelovljenje neprestane potrage za mudro\u0161\u0107u i mo\u0107i prirode. Jarac i pentagram s dva kraka prema gore naj\u010de\u0161\u0107i su simboli Sotone i s njim se dovode u usku vezu.<\/p>\n<h3>JANTARSKA OGRLICA<\/h3>\n<p><img loading=\"lazy\" class=\"alignleft wp-image-289\" src=\"http:\/\/zupa-svik-recica.hr\/wp-content\/uploads\/2018\/01\/pp8.jpg\" alt=\"\" width=\"240\" height=\"160\" \/>Op\u0107e rasprostranjeni mineral \u0161to ga nabavljaju majke djeci u fazi izrastanja prvih zubi kako bi im ubla\u017eile bol. Zbog vjerovanja u magijske mo\u0107i jantara, potra\u017enja za njim javlja se jo\u0161 u prapovijesno doba. U najstarijim gr\u010dkim mitovima navode se osobita svojstva jantara nastalog od suza koje su ronile Helijade nad mrtvim Faetonom. U antici je \u010desto povezivan s raznim vjerovanjima, pa se nosio kao amajlija i nakit. Uz spomenute ogrlice, danas su popularne jantarne narukvice i privjesci, dok su u izradi i jantarne nau\u0161nice, prstenje, itd.<\/p>\n<h3>BRACINO TRINAESTKRAKO SUNCE<\/h3>\n<p><img loading=\"lazy\" class=\"alignleft size-full wp-image-290\" src=\"http:\/\/zupa-svik-recica.hr\/wp-content\/uploads\/2018\/01\/pp9.jpg\" alt=\"\" width=\"108\" height=\"85\" \/>Novopoganski talisman pristalica milenaristi\u010dko okultnoga \u201eSaveza\u201c \u0161to ga je, osamdesetih godina pro\u0161log stolje\u0107a, osnovao srpski vidovnjak Ivica Proki\u0107 (1950.- 1995.) koji je najavljivao nastup nove civilizacije i \u010detvrtka kao novog dana Gospodnjeg umjesto nedjelje. Nakon Proki\u0107eve tragi\u010dne smrti sljedbenici su kult li\u010dnosti preusmjerili na njegovoga zagreba\u010dkog adepta, Josipa Grbca, popularno prozvanog Braco sa Srebrnjaka oko kojega se masovno okupljaju na Bracin \u201eiscjeliteljski pogled\u201c odakle obi\u010dno kao talisman ponesu sunce te Ivicine i Bracine \u201eljekovite knjige\u201c.<\/p>\n<h3>PENTAGRAM<\/h3>\n<p><img loading=\"lazy\" class=\"alignleft wp-image-285\" src=\"http:\/\/zupa-svik-recica.hr\/wp-content\/uploads\/2018\/01\/pentagram.jpg\" alt=\"\" width=\"240\" height=\"150\" \/>U jednom potezu izvedena petokraka zvijezda, s jednim krakom prema gore simbolizira prirodu (mikrokozmos), s dva kraka prema gore simbolizira rogatog boga wicce (Baphometa ili Pana), i samog Sotonu. Jedan je od najpoznatijih i najstarijih magijskih simbola (\u201ezvijezda magi\u010dara\u201c) kojim se ulazi u magijski svijet. Predstavlja \u010detiri osnovna elementa (voda, zemlja, vatra, zrak) objedinjenih u peti element duhom. Simbol se redovito koristi u magijskim obredima i zazivanjima duhova prirode, an\u0111eoskih i demonskih bi\u0107a. Sastavni je dio nepoganske vje\u0161ti\u010dje organizacije Wicca. U kombinaciji s drugim simbolima u\u010destalo se pojavljuje na simbolima brojnih okultnih i tajnih dru\u0161tava.<\/p>\n","protected":false},"excerpt":{"rendered":"<p>CRVENI KONAC Na rukama novoro\u0111en\u010dadi, djece i slavnih osoba, crveni konac oko zape\u0161\u0107a slu\u017ei kao talisman protiv uroka ili prikupljanja pozitivnih energija. Podrijetlo ovog praznovjerja potje\u0107e iz hinduizma u kojemu svetu uzicu oko zape\u0161\u0107a, ve\u017ee sve\u0107enik vjernicima koji obavljaju hinduisti\u010dke obrede. U svijetu celebrity invazija kon\u010di\u0107a povezuje se s kontroverznim Kabbalah Centrom Philipa Berga i &hellip; <\/p>\n<p class=\"link-more\"><a href=\"https:\/\/zupa-svik-recica.hr\/index.php\/pojmovnik-praznovjerja\/\" class=\"more-link\">Nastavi \u010ditati<span class=\"screen-reader-text\"> &#8220;Pojmovnik praznovjerja&#8221;<\/span><\/a><\/p>\n","protected":false},"author":2,"featured_media":0,"parent":0,"menu_order":0,"comment_status":"closed","ping_status":"closed","template":"","meta":{"_mi_skip_tracking":false},"_links":{"self":[{"href":"https:\/\/zupa-svik-recica.hr\/index.php\/wp-json\/wp\/v2\/pages\/283"}],"collection":[{"href":"https:\/\/zupa-svik-recica.hr\/index.php\/wp-json\/wp\/v2\/pages"}],"about":[{"href":"https:\/\/zupa-svik-recica.hr\/index.php\/wp-json\/wp\/v2\/types\/page"}],"author":[{"embeddable":true,"href":"https:\/\/zupa-svik-recica.hr\/index.php\/wp-json\/wp\/v2\/users\/2"}],"replies":[{"embeddable":true,"href":"https:\/\/zupa-svik-recica.hr\/index.php\/wp-json\/wp\/v2\/comments?post=283"}],"version-history":[{"count":2,"href":"https:\/\/zupa-svik-recica.hr\/index.php\/wp-json\/wp\/v2\/pages\/283\/revisions"}],"predecessor-version":[{"id":868,"href":"https:\/\/zupa-svik-recica.hr\/index.php\/wp-json\/wp\/v2\/pages\/283\/revisions\/868"}],"wp:attachment":[{"href":"https:\/\/zupa-svik-recica.hr\/index.php\/wp-json\/wp\/v2\/media?parent=283"}],"curies":[{"name":"wp","href":"https:\/\/api.w.org\/{rel}","templated":true}]}}