{"id":278,"date":"2017-12-15T16:43:35","date_gmt":"2017-12-15T15:43:35","guid":{"rendered":"http:\/\/192.168.1.16\/?page_id=278"},"modified":"2022-08-11T15:26:08","modified_gmt":"2022-08-11T13:26:08","slug":"kateheze-firmanici","status":"publish","type":"page","link":"https:\/\/zupa-svik-recica.hr\/index.php\/kateheze-firmanici\/","title":{"rendered":"Firmanici"},"content":{"rendered":"<p><span style=\"color: #ff0000;\"><strong><a style=\"color: #ff0000;\" href=\"http:\/\/zupa-svik-recica.hr\/wp-content\/uploads\/2021\/08\/Prijavnica-za-svetu-potvrdu.docx\">Prijavnica za svetu potvrdu<\/a><\/strong><\/span><br \/>\n<a href=\"http:\/\/zupa-svik-recica.hr\/wp-content\/uploads\/2020\/09\/NITKO-NIJE-OTOK.docx\">NITKO NIJE OTOK<\/a><br \/>\n<a href=\"http:\/\/zupa-svik-recica.hr\/wp-content\/uploads\/2020\/09\/VANZEMALJAC-ILI.docx\">VANZEMALJAC ILI<\/a><br \/>\n<a href=\"http:\/\/zupa-svik-recica.hr\/wp-content\/uploads\/2020\/09\/CRKVA-TVOJ-I-MOJ-DOM.docx\">CRKVA TVOJ I MOJ DOM<\/a><br \/>\n<a href=\"http:\/\/zupa-svik-recica.hr\/wp-content\/uploads\/2022\/02\/Biblija-ili-Sveto-pismo.docx\">Biblija ili Sveto pismo<\/a><br \/>\n<a href=\"http:\/\/zupa-svik-recica.hr\/wp-content\/uploads\/2020\/10\/VJERUJEM-U-BOGA.docx\">VJERUJEM U BOGA<\/a><br \/>\n<a href=\"http:\/\/zupa-svik-recica.hr\/wp-content\/uploads\/2020\/10\/MISIJSKA-NEDJELJ1-1.docx\">MISIJSKA NEDJELJ1<\/a><br \/>\n<a href=\"https:\/\/pozeska-biskupija.hr\/wp-content\/uploads\/2020\/10\/sp19.%20Marija%20-%20Isusova%20i%20moja%20%20majka.pdf\">MARIJA &#8211; ISUSOVA I MOJA MAJKA<\/a><br \/>\n<a href=\"http:\/\/zupa-svik-recica.hr\/wp-content\/uploads\/2020\/10\/SLAVIMO-SVETU-MISU.docx\">SLAVIMO SVETU MISU<\/a><br \/>\n<a href=\"http:\/\/zupa-svik-recica.hr\/wp-content\/uploads\/2020\/11\/Za\u0161to-\u010dovjek-nije-sav-svoj.docx\">Za\u0161to \u010dovjek nije sav svoj<\/a><br \/>\n<a href=\"http:\/\/zupa-svik-recica.hr\/wp-content\/uploads\/2020\/11\/OSNOVNO-O-SAKRAMENTIMA.docx\">OSNOVNO O SAKRAMENTIMA<\/a><br \/>\n<a href=\"https:\/\/pozeska-biskupija.hr\/wp-content\/uploads\/2020\/10\/sp04.%20Moj%20odnos%20s%20Bogom.pdf\">MOJ ODNOS S BOGOM<\/a><br \/>\n<a href=\"https:\/\/pozeska-biskupija.hr\/wp-content\/uploads\/2020\/11\/sp21.%20Pripravljamo%20se%20za%20Spasiteljev%20dolazak.pdf\">PRIPRAVLJAMO SE ZA ISUSOV DOLAZAK<\/a><br \/>\n<a href=\"https:\/\/pozeska-biskupija.hr\/wp-content\/uploads\/2020\/10\/sp02.%20%C5%BDelim%20rasti%20u%20vjeri%20-%20primiti%20sakrament%20potvrde.pdf\">\u017dELIM RASTI U VJERI<\/a><br \/>\n<a href=\"https:\/\/pozeska-biskupija.hr\/wp-content\/uploads\/2020\/11\/sp22.%20Rodio%20nam%20se%20Spasitelj.pdf\">RODIO NAM SE SPASITELJ<\/a><br \/>\n<a href=\"http:\/\/zupa-svik-recica.hr\/wp-content\/uploads\/2021\/01\/Ispovijedati-vjeru-Crkve.docx\">Ispovijedati vjeru Crkve<\/a><br \/>\n<a href=\"https:\/\/pozeska-biskupija.hr\/wp-content\/uploads\/2020\/12\/sp09.%20Euharistija%20%E2%80%93%20izvor%20%C5%BEivota%20Crkve.pdf\">EUHARISTIJA &#8211; IZVOR \u017dIVOTA CRKVE<\/a><br \/>\n<a href=\"https:\/\/pozeska-biskupija.hr\/wp-content\/uploads\/2020\/12\/sp11.%20Isus%20Krist%20-%20pravi%20Bog%20i%20pravi%20%C4%8Dovjek.pdf\">ISUS KRIST &#8211; PRAVI BOG I PRAVI \u010cOVJEK<\/a><br \/>\n<a href=\"http:\/\/zupa-svik-recica.hr\/wp-content\/uploads\/2021\/02\/Vrijeme-obra\u0107enja-i-pokore.docx\">Vrijeme obra\u0107enja i pokore<\/a><\/p>\n<p><img class=\"alignnone\" src=\"https:\/\/mak.glas-koncila.hr\/wp-content\/uploads\/2013\/06\/box_image.jpg\" \/><\/p>\n<h4><b>Mali koncil \u2013 Mak katoli\u010dki je mjese\u010dnik za djecu, obitelji, sve\u0107enike-\u017eupnike, vjerou\u010ditelje i katehete, animatore \u2013 sve one kojima je na srcu rast djece u vjeri. Dulje od 50 godina \u0161iri radosnu vijest, odgajaju\u0107i djecu za Isusove u\u010denike, \u201cosvaja\u010de du\u0161a za Istinu i Dobrotu\u201d!<\/b><\/h4>\n","protected":false},"excerpt":{"rendered":"<p>Prijavnica za svetu potvrdu NITKO NIJE OTOK VANZEMALJAC ILI CRKVA TVOJ I MOJ DOM Biblija ili Sveto pismo VJERUJEM U BOGA MISIJSKA NEDJELJ1 MARIJA &#8211; ISUSOVA I MOJA MAJKA SLAVIMO SVETU MISU Za\u0161to \u010dovjek nije sav svoj OSNOVNO O SAKRAMENTIMA MOJ ODNOS S BOGOM PRIPRAVLJAMO SE ZA ISUSOV DOLAZAK \u017dELIM RASTI U VJERI RODIO NAM &hellip; <\/p>\n<p class=\"link-more\"><a href=\"https:\/\/zupa-svik-recica.hr\/index.php\/kateheze-firmanici\/\" class=\"more-link\">Nastavi \u010ditati<span class=\"screen-reader-text\"> &#8220;Firmanici&#8221;<\/span><\/a><\/p>\n","protected":false},"author":2,"featured_media":0,"parent":0,"menu_order":0,"comment_status":"closed","ping_status":"closed","template":"","meta":{"_mi_skip_tracking":false},"_links":{"self":[{"href":"https:\/\/zupa-svik-recica.hr\/index.php\/wp-json\/wp\/v2\/pages\/278"}],"collection":[{"href":"https:\/\/zupa-svik-recica.hr\/index.php\/wp-json\/wp\/v2\/pages"}],"about":[{"href":"https:\/\/zupa-svik-recica.hr\/index.php\/wp-json\/wp\/v2\/types\/page"}],"author":[{"embeddable":true,"href":"https:\/\/zupa-svik-recica.hr\/index.php\/wp-json\/wp\/v2\/users\/2"}],"replies":[{"embeddable":true,"href":"https:\/\/zupa-svik-recica.hr\/index.php\/wp-json\/wp\/v2\/comments?post=278"}],"version-history":[{"count":33,"href":"https:\/\/zupa-svik-recica.hr\/index.php\/wp-json\/wp\/v2\/pages\/278\/revisions"}],"predecessor-version":[{"id":3253,"href":"https:\/\/zupa-svik-recica.hr\/index.php\/wp-json\/wp\/v2\/pages\/278\/revisions\/3253"}],"wp:attachment":[{"href":"https:\/\/zupa-svik-recica.hr\/index.php\/wp-json\/wp\/v2\/media?parent=278"}],"curies":[{"name":"wp","href":"https:\/\/api.w.org\/{rel}","templated":true}]}}