{"id":276,"date":"2017-12-15T16:38:23","date_gmt":"2017-12-15T15:38:23","guid":{"rendered":"http:\/\/192.168.1.16\/?page_id=276"},"modified":"2021-06-12T15:22:39","modified_gmt":"2021-06-12T13:22:39","slug":"ksteheze-za-odrasle","status":"publish","type":"page","link":"https:\/\/zupa-svik-recica.hr\/index.php\/ksteheze-za-odrasle\/","title":{"rendered":"KATEHEZE ZA ODRASLE"},"content":{"rendered":"<p><strong><img loading=\"lazy\" class=\"size-medium wp-image-1556 aligncenter\" src=\"http:\/\/zupa-svik-recica.hr\/wp-content\/uploads\/2018\/10\/PASS-300x225.png\" alt=\"\" width=\"300\" height=\"225\" srcset=\"https:\/\/zupa-svik-recica.hr\/wp-content\/uploads\/2018\/10\/PASS-300x225.png 300w, https:\/\/zupa-svik-recica.hr\/wp-content\/uploads\/2018\/10\/PASS.png 512w\" sizes=\"(max-width: 300px) 100vw, 300px\" \/><br \/>\n<a href=\"http:\/\/zupa-svik-recica.hr\/wp-content\/uploads\/2020\/11\/CILJEVI-I-SVRHA-\u017dUPNE-KATEHEZE.docx\"><span style=\"color: #ff0000;\">CILJEVI I SVRHA \u017dUPNE KATEHEZE<\/span><\/a><br \/>\n<span style=\"color: #ff0000;\"><a href=\"https:\/\/djos.hr\/wp-content\/uploads\/2020\/10\/27-11_kateheze-maricic.pdf\"><span style=\"color: #993366;\">Molitveno katehetski susreti u obitelji u vrijeme do\u0161a\u0161\u0107a<\/span><\/a><br \/>\n<a style=\"color: #ff0000;\" href=\"http:\/\/zupa-svik-recica.hr\/wp-content\/uploads\/2020\/11\/Vjera-kao-dar-i-odgovornost.docx\">Vjera kao dar i odgovornost<\/a><br \/>\n<a style=\"color: #ff0000;\" href=\"http:\/\/zupa-svik-recica.hr\/wp-content\/uploads\/2021\/02\/Vjera-i-razum.pdf\">Vjera i razum<\/a><br \/>\n<a style=\"color: #ff0000;\" href=\"https:\/\/www.zg-nadbiskupija.hr\/dokumenti\/liturgijski-pastoral\/sto-se-dogadja-u-misi-uvodni-obredi-i\">\u0160to se doga\u0111a na svetoj misi<\/a><\/p>\n<p><\/span><\/strong><\/p>\n<p>&nbsp;<\/p>\n","protected":false},"excerpt":{"rendered":"<p>CILJEVI I SVRHA \u017dUPNE KATEHEZE Molitveno katehetski susreti u obitelji u vrijeme do\u0161a\u0161\u0107a Vjera kao dar i odgovornost Vjera i razum \u0160to se doga\u0111a na svetoj misi &nbsp;<\/p>\n","protected":false},"author":2,"featured_media":0,"parent":0,"menu_order":0,"comment_status":"closed","ping_status":"closed","template":"","meta":{"_mi_skip_tracking":false},"_links":{"self":[{"href":"https:\/\/zupa-svik-recica.hr\/index.php\/wp-json\/wp\/v2\/pages\/276"}],"collection":[{"href":"https:\/\/zupa-svik-recica.hr\/index.php\/wp-json\/wp\/v2\/pages"}],"about":[{"href":"https:\/\/zupa-svik-recica.hr\/index.php\/wp-json\/wp\/v2\/types\/page"}],"author":[{"embeddable":true,"href":"https:\/\/zupa-svik-recica.hr\/index.php\/wp-json\/wp\/v2\/users\/2"}],"replies":[{"embeddable":true,"href":"https:\/\/zupa-svik-recica.hr\/index.php\/wp-json\/wp\/v2\/comments?post=276"}],"version-history":[{"count":12,"href":"https:\/\/zupa-svik-recica.hr\/index.php\/wp-json\/wp\/v2\/pages\/276\/revisions"}],"predecessor-version":[{"id":3055,"href":"https:\/\/zupa-svik-recica.hr\/index.php\/wp-json\/wp\/v2\/pages\/276\/revisions\/3055"}],"wp:attachment":[{"href":"https:\/\/zupa-svik-recica.hr\/index.php\/wp-json\/wp\/v2\/media?parent=276"}],"curies":[{"name":"wp","href":"https:\/\/api.w.org\/{rel}","templated":true}]}}