{"id":250,"date":"2017-12-15T15:14:49","date_gmt":"2017-12-15T14:14:49","guid":{"rendered":"http:\/\/192.168.1.16\/?page_id=250"},"modified":"2017-12-15T15:14:49","modified_gmt":"2017-12-15T14:14:49","slug":"beletristika","status":"publish","type":"page","link":"https:\/\/zupa-svik-recica.hr\/index.php\/beletristika\/","title":{"rendered":"Beletristika"},"content":{"rendered":"<p>D1. &#8211; Erik Axl Sund: SOBA ZLA (triler)<br \/>\nD2. &#8211; Erik Axl Sund: PLAMEN GLADI (triler)<br \/>\nD3. &#8211; Morrell David: ZA\u0160TITNIK (triler)<br \/>\nD4. &#8211; Jo Nesbo: CRVENDA\u010c<br \/>\nD5. &#8211; Jo Nesbo: NEMEZA<br \/>\nD6. &#8211; Jo Nesbo: \u0110AVOLJA ZVIJEZDA<br \/>\nD7. &#8211; Jo Nesbo: LOVCI NA GLAVE<br \/>\nD8. &#8211; Jo Nesbo: SPASITELJ<br \/>\nD9. &#8211; Jussi Adler Olsen: \u017dENA U KAVEZU<br \/>\nD10. &#8211; Jussi Adler Olsen: UBOJICE FAZANA<br \/>\nD11. &#8211; Garland Alex: TESERAKT<br \/>\nD12. &#8211; Roberts Nora: VILA<br \/>\nD13. &#8211; Tuomainen Anti: ISCJELJITELJ<br \/>\nD14. &#8211; Flynn Gillian: O\u0160TRI PREDMETI<br \/>\nD15. &#8211; Phillips Elizabeth: KOMADI\u0106 SNA<br \/>\nD16. &#8211; Larsson Stieg: DJEVOJKA KOJA SE IGRALA VATROM<br \/>\nD17. &#8211; Jay McInerney: SJAJNA SVJETLA VELEGRAD<br \/>\nD18. &#8211; Heitman Lynne: OPASNO SLIJETANJE<br \/>\nD19. &#8211; Gruber Michael: OBRATNICA NO\u0106I<br \/>\nD20. &#8211; Neuhaus Nele: NEVOLJENA \u017dENA<br \/>\nD21. &#8211; Beck Glenn: OVERTONSKI PROZOR<br \/>\nD22. &#8211; Simmons Dan: OPAKI TIP<br \/>\nD23. &#8211; Sansom C.John: RASKOL<br \/>\nD24. &#8211; Pressfield Steven: VATRENA VRATA<br \/>\nD25. &#8211; Montefiore Simon: SA\u0160ENJKA<br \/>\nD26. &#8211; D.J. McIntosh: BABILONSKA VJE\u0160TICA<br \/>\nD27. &#8211; Ridpath Michael: POSLJEDNJI POTHVAT<br \/>\nD28. &#8211; Verghese Abraham: VRATA SUZA<br \/>\nD29. &#8211; Hyland Tara: BOGATE NASLJEDNICE<br \/>\nD30. &#8211; Nicholls David: JEDAN DAN<br \/>\nD31. &#8211; Geritsen Tess: KIRURG<br \/>\nD32. &#8211; Slaughter Karin: TRIPTIH<br \/>\nD33. &#8211; Stevens Chevy: NESTALA BEZ TRAGA<br \/>\nD34. &#8211; Maxwell Robin: TAJNI DNEVNIK ANNE BOLEYN<br \/>\nD35. &#8211; Cooper Glenn: BIBLIOTEKA MRTVIH<br \/>\nD36. &#8211; Rose Karen: TI MI PRIPADA\u0160<br \/>\nD37. &#8211; Lee Child: ZLO I NAOPAKO<br \/>\nD38. &#8211; Lee Child: NE VRA\u0106AJ SE VI\u0160E<br \/>\nD39. &#8211; Paul Finch: \u017dRTVOVANI<br \/>\nD40. &#8211; Simon Becket: ZAPISANO U KOSTIMA<br \/>\nD41. &#8211; Jussi Adler- Olsen: OKUS OSVETE<br \/>\nD42. &#8211; Elisabeth Herrmann: SABLAST U SNIJEGU<br \/>\nD43. &#8211; Daniel Silva: ENGLESKINJA<br \/>\nD44. &#8211; Patreicj Lee: TRKA\u010c<br \/>\nD45. &#8211; Lars Kepler: PAGANINIJEV UGOVOR<\/p>\n","protected":false},"excerpt":{"rendered":"<p>D1. &#8211; Erik Axl Sund: SOBA ZLA (triler) D2. &#8211; Erik Axl Sund: PLAMEN GLADI (triler) D3. &#8211; Morrell David: ZA\u0160TITNIK (triler) D4. &#8211; Jo Nesbo: CRVENDA\u010c D5. &#8211; Jo Nesbo: NEMEZA D6. &#8211; Jo Nesbo: \u0110AVOLJA ZVIJEZDA D7. &#8211; Jo Nesbo: LOVCI NA GLAVE D8. &#8211; Jo Nesbo: SPASITELJ D9. &#8211; Jussi Adler Olsen: &hellip; <\/p>\n<p class=\"link-more\"><a href=\"https:\/\/zupa-svik-recica.hr\/index.php\/beletristika\/\" class=\"more-link\">Nastavi \u010ditati<span class=\"screen-reader-text\"> &#8220;Beletristika&#8221;<\/span><\/a><\/p>\n","protected":false},"author":2,"featured_media":0,"parent":0,"menu_order":0,"comment_status":"closed","ping_status":"closed","template":"","meta":{"_mi_skip_tracking":false},"_links":{"self":[{"href":"https:\/\/zupa-svik-recica.hr\/index.php\/wp-json\/wp\/v2\/pages\/250"}],"collection":[{"href":"https:\/\/zupa-svik-recica.hr\/index.php\/wp-json\/wp\/v2\/pages"}],"about":[{"href":"https:\/\/zupa-svik-recica.hr\/index.php\/wp-json\/wp\/v2\/types\/page"}],"author":[{"embeddable":true,"href":"https:\/\/zupa-svik-recica.hr\/index.php\/wp-json\/wp\/v2\/users\/2"}],"replies":[{"embeddable":true,"href":"https:\/\/zupa-svik-recica.hr\/index.php\/wp-json\/wp\/v2\/comments?post=250"}],"version-history":[{"count":0,"href":"https:\/\/zupa-svik-recica.hr\/index.php\/wp-json\/wp\/v2\/pages\/250\/revisions"}],"wp:attachment":[{"href":"https:\/\/zupa-svik-recica.hr\/index.php\/wp-json\/wp\/v2\/media?parent=250"}],"curies":[{"name":"wp","href":"https:\/\/api.w.org\/{rel}","templated":true}]}}