{"id":248,"date":"2017-12-15T15:13:05","date_gmt":"2017-12-15T14:13:05","guid":{"rendered":"http:\/\/192.168.1.16\/?page_id=248"},"modified":"2017-12-15T15:13:05","modified_gmt":"2017-12-15T14:13:05","slug":"popis-knjiga-r-z","status":"publish","type":"page","link":"https:\/\/zupa-svik-recica.hr\/index.php\/popis-knjiga-r-z\/","title":{"rendered":"Popis knjiga R-\u017d"},"content":{"rendered":"<h2>R<\/h2>\n<p>627. Radi\u0107 Ignacije: MARIJA (1943.)<br \/>\n628. Radi\u0107 Stanko: GOVORIM DANA\u0160NJEM \u010cOVJEKU (1960.)<br \/>\n629. Ramov\u0161 Jo\u017ee: 100 DOMA\u0106IH LIJEKOVA ZA TIJELO I DU\u0160U (1998.)<br \/>\n630. Ratzinger Joseph: U PO\u010cETKU STVORI BOG (2008.)<br \/>\n631. Ratzinger Joseph: DUH LITURGIJE (2001.)<br \/>\n632. Ratzinger Joseph: DEMOKRACIJA U CRKVI \/2002.)<br \/>\n633. Ratzinger Joseph: VJERA, ISTINA, TOLERANCIJA (2004.)<br \/>\n634. Ratzinger Joseph: O VJERI, NADI I LJUBAVI (2007.)<br \/>\n635. Ratzinger Joseph: UVOD U KR\u0160\u0106ANSTVO (2007.)<br \/>\n636. Ratzinger Joseph: BO\u017dJI SJAJ U NA\u0160EM VREMENU (2007.)<br \/>\n637. Ratzinger Joseph: NA PUTU K ISUSU KRISTU (2005.)<br \/>\n638. Ratzinger Joseph: ZAJEDNI\u0160TVO U CRKVI ( 2006.)<br \/>\n639. Ratzinger Josip: ISUS IZ NAZARETA (2001.)<br \/>\n640. Ratzinger Joseph: BOG I SVIJET (2005.)<br \/>\n641. Razum Vlado: ZAGREBA\u010cKA CRKVENA POKRAJINA ( 2004.)<br \/>\n642. Risso Paulo: MLADOST NA RASKR\u0160\u0106U (1995.)<br \/>\n643. Rebi\u0107 Adalbert: BIBLIJSKA POVIJEST (1972.)<br \/>\n644. Rebi\u0107 Adalbert: HOMILIJE (2005.)<br \/>\n645. Rebi\u0107 Adalbert: ISUSOVO USKRSNU\u0106E (1972.)<br \/>\n646. Robinson Dave: NITZSCHE I POSTMODERNIZAM (2001.)<br \/>\n647. Rebula Alojz: KLIC V SREDOZEMLJE (1957.)<br \/>\n648. Regina Terezija: NEBESKI OTAC KAO DOBRA MAJKA (2004.)<br \/>\n649. Rensi Maria Grazia: NAU\u010cITELJ LJUBAVI I NJEGOVA MILOZVU\u010cNA HARFA (2004.)<br \/>\n650. Reville J.M.: SVETI \u017dUPNIK AR\u0160KI ( 1986.)<br \/>\n651. Reville I.M.: SVETI \u017dUPNIK AR\u0160KI (1986.)<br \/>\n652. Roche Michael: \u017dIVOT U BO\u017dJOJ RUCI (1965.)<br \/>\n653. Rodi\u0107 Rafael: DU\u0160OBRI\u017dNIK (1903)<br \/>\n654. Rodi\u0107 Rafael: DU\u0160OBRI\u017dNIK (1907.)<br \/>\n655. Rozgaj Slavko: \u017dIVOT U SVEMIRU (1951.)<br \/>\n656. Rolus D.J.: KRISTUS V NA\u0160IH BRATIH (1943.)<br \/>\n657. Rudolf Viktor: BISERJE KR\u0160\u0106ANSKE NEVINOSTI (1924.)<br \/>\n658. Rausch P. Thomas: BITI KATOLIK U KULTURI IZBORA (2010.)<br \/>\n659. Ridley Matt: GENOM (2001.)<br \/>\n660. Rahner Karl: TEOLO\u0160KI RJE\u010cNIK (2004.)<br \/>\n661. Rendell Ruth: KLJU\u010cEVI ULICE ( 2001.)<br \/>\n662. Robinsob J. John: RO\u0110ENI U KRVI (izgubljene tajne masonerije) (1999.)<\/p>\n<h2>S<\/h2>\n<p>663. Sagardoy Antonio: ZAMAK DU\u0160E (2004.)<br \/>\n664. Saka\u010d Mato: NEDJELJNE PROPOVIJEDI &#8220;A&#8221; (1995,)<br \/>\n665. Saka\u010d Mato: NEDJELJNE PROPOVIJEDI &#8220;B&#8221; ( 1996.)<br \/>\n666. Saka\u010d Mato: MARIJANSKE PROPOVIJEDI \/1995.)<br \/>\n667. Saka\u010d Mato: BLAGDANSKE PROPOVIJEDI (1995.)<br \/>\n668. Saris Wim: OBITELJSKA PRIPREMA PRVE PRI\u010cESTI (1998.)<br \/>\n669. Satura Vladimir: RELIGIJA I DU\u0160EVNO ZDRAVLJE (1995.)<br \/>\n670. Sain-Exupery A.; ZEMLJA LJUDI (2002.)<br \/>\n671. Sain-Exupery A.: MALI PRINC (2002.)<br \/>\n672. Schepping Johanna: LAURA _ DJEVOJ\u010cICA S ANDA (2005.)<br \/>\n673. Schmids Christoph: NAJLJEP\u0160E PRI\u010cE (2002.)<br \/>\n674. Schmids Christoph: PRI\u010cA O MALOM HINKU (2002.)<br \/>\n675. Schlink Basilea: NE O\u010cAJAVAJ, ISUS JE UZ TEBE (2006.)<br \/>\n676. Schlink Basilea: ISUSE, OJA\u010cAJ ME (2006.)<br \/>\n677. Schlink Basilea: KRVI LRISTOVA, SPASI ME (2001.)<br \/>\n678. Schlink Basilea: MOJA MOLITVA (204.)<br \/>\n679. Schlink Basilea: ZARU\u010cNICA ISUSA KRISTA (2005.)<br \/>\n680. Schlink Basilea: RADOST MOGA SRCA ( 2002.)<br \/>\n681. Schlink Basilea: KLANJAJTE SE BOGU (2005.)<br \/>\n682. Schlink Basilea: KLANJAJTE SE BOGU (2005.)<br \/>\n683. Schlink Basilea: PATNJA MI POSTADE DOBITKOM ( 2002.)<br \/>\n684. Schlink Basilea: POKORA &#8211; BLA\u017dENI \u017dIVOT (1999.)<br \/>\n685. Schlink Basilea: SVE ZA JEDNOGA ( 2005.)<br \/>\n686. Schlink basilea: NADA U BEZNADNOM SVIJETU ( 2002.)<br \/>\n687. Schlink Basilea: STVARNOSTI BO\u017dJE ( 1966.)<br \/>\n688. Schlink Basilea: TAKO SE POSTAJE DRUK\u010cIJIM (2005.)<br \/>\n689. Schmidt Anton: SUSRET S TEREZIJOM IZ LIsIEUXA ( 2000.)<br \/>\n690. Schouppe F.X: \u010cISTILI\u0160TE (2004.)<br \/>\n691. Schwor Julij: \u017dIVOT ISUSOV ( 1969.)<br \/>\n692. Schubert Linda: \u010cUDESNI SAT MOLITVE ( 2006.)<br \/>\n693. Sheen F.J. : \u010cUDESNI GALILEJAC (1959.)<br \/>\n694. Sheen F.J. : DUGA BOLI ( 1959.)<br \/>\n695. Simonton Carl: NA PUTU POBOLJ\u0160ANJA ( 1996.)<br \/>\n696. Sinniger Michel: FRANY ( 1977,)<br \/>\n697. Sinniger Michel: FRANY ( 1997.)<br \/>\n698. Sirovec Ivan: PROPOVIJEDI ( 2003.)<br \/>\n699. Sirovec Ivan: PROPOVIJEDI ZA PROPOVJEDNIKE ( 2006.)<br \/>\n700. Sironi\u010d Ante: DVA KRI\u017dNA PUTA ( 1982.)<br \/>\n701. Suenens F. : DOTRAJALO I \u017dIVO U CRKVI ( 1969.)<br \/>\n702. Solordoni Mario: ULOMCI NADE ( 2004.)<br \/>\n703. Spillman Joseph: \u017dRTVA ISPOVJEDNE TAJNE ( 1983.)<br \/>\n704. Spillman Joseph: \u017dRTVA ISPOVJEDNE TAJNE ( 2005.)<br \/>\n705. Stoessel Pius: MIRJAM&#8230;ZA\u0160TO PLA\u010cE\u0160? ( 2004.)<br \/>\n706. Stoessel Pius: MIRJAM&#8230;ZA\u0160TO PLA\u010cE\u0160 (2004.)<br \/>\n707. Stoessel Pius: MIRJAM&#8230;ZA\u0160TO PLA\u010cE\u0160? ( 2004.)<br \/>\n708. Star\u010di\u0107 Franjo: UPUTA ZA TJELESNO GOVORNI\u0160TVO ( 1916,)<br \/>\n709. Stankovi\u0107 Marica: MLADOST VEDRINE ( 1934.)<br \/>\n710. Settinius Edward: ROOSEVELT I RUSI ( 192.)<br \/>\n711. Stri\u017ei\u0107 Bogoljub: \u010cIST NARA\u0160TAJ ( 1919.)<br \/>\n712. Stroj Alojz: DUHOVNI PASTIR ( 1916.)<br \/>\n713. Stroj Alojz; DUHOVNI PASTIR \/ 1917,)<br \/>\n714. Stroj Alojz: DUHOVNI PASTIR \/1919,)<br \/>\n715. Stroj Alojz: HOMILIJE (1918.)<br \/>\n715. Stulmueller M. : BIBLIJSKA RAZMATRANJA ZA KORIZMU ( 2007.)<br \/>\n716. Svedenborg Emanuel: NEBO I PAKAO ( 1988,)<br \/>\n717. Su\u0161ac Miljenko: NAJLJEP\u0160E MOLITVE SVETACA MARIJI (2002.)<br \/>\n718. Su\u0161ac Miljenko: POBO\u017dNOST PO SVETOM JOSIPU ( 2002.)<br \/>\n719. Suenens J. : CRKVA U MISIJSKOM ZAMAHU (1965.)<br \/>\n720. Su\u010di\u0107 Nikola : BOLESTI \u017dIVACA I DU\u0160E ( 1937.)<br \/>\n721. Silva Danijel: MOSKOVSKA PRAVILA (2008.)<br \/>\n722. Scheldon: Sidney: GNJEV AN\u0110ELA (1980.)<br \/>\n723. Scheldon Sidney: IAPRI\u010cAJ MI SVOJE SNOVE (1998.)<br \/>\n724. Stuard Sim: DERRIDA I KRAJ POVIJESTI ( 2001.)<br \/>\n725. Steel Danielle: KRILA ( 2008.)<br \/>\n726. Salinger J.D.: LOVAC U \u017dITU (2007.)<br \/>\n726. Streatfeild Noel: BALETNE PAPU\u010cICE ZA ANNU (2003.)<br \/>\n727. Sol\u017eenjicin Aleksandar: JEDAN DAN IVANA DENISOVI\u0106A (2004.)<br \/>\n728. Schonfield Hugh: pASHALNA UROTA (2003.)<br \/>\n729. Salza John. MASONSTVO BEZ MASKE (2010.)<br \/>\n730. Svidercoschi G. Franco: PISMA PRIJATELJU \u017dIDOVU (1994.)<\/p>\n<h2>\u0160<\/h2>\n<p>731. \u0160afari\u0107 Emanuel: DU\u0160OBRI\u017dNIK (1916.)<br \/>\n732. \u0160agi-Buni\u0107 Tomislav: ALI DRUGOG PUTA NEMA (1985.)<br \/>\n733. \u0160agi-Buni\u0107 Tomislav: KR\u0160\u0106ANSTVO NE MO\u017dE BITI UMORNO (1985)<br \/>\n734. \u0160aravanja Vjekoslav: 10.000 DJECE BETZ RODITELJA U DOMOVINSKOM RATU (2001.)<br \/>\n735. \u0160e\u0161ni\u0107 Milan: PROPOVIJEDI O BL. AUGUSTINU KA\u017dOTI\u0106U (1959.)<br \/>\n736. \u0160etka Jeronim: FATIMSKE PORUKE MAJKE BO\u017dJE (1967.)<br \/>\n737. \u0160etka Jeronim: KRALJICA SRDACA (1969.)<br \/>\n738. \u0160etka Milan: ISUS NA\u0160 \u017dIVOT (1967.)<br \/>\n739. \u0160etka Milan: ISUS NA\u0160A ISTINA (1965.)<br \/>\n740. \u0160etka Milan: ISUS NA\u0160 \u017dIVOT (1965.)<br \/>\n741. \u0160imunovi\u0107 Josip: DAROVANA SRE\u0106A (2002.)<br \/>\n742. \u0160incek Mira: DJETINJSTVO NA DLANU LJUBAVI (igrokazi) )2004.)<br \/>\n743. \u0160irola Stjepan: PEPELJUGA (1930.)<br \/>\n744. \u0160kunca Bernatdin: BOHOSLU\u017dJE U \u017dUPNOJ ZAJEDNICI (1997.)<br \/>\n745. \u0160maljcelj Ivan: GOVEDARSTVO (1943.)<br \/>\n746. \u0160mic Petar: NJEGA TIJELA ( 1939.)<br \/>\n747. \u0160oljan Antun: KRATKI IZLET (2004.)<br \/>\n748. \u0160olji\u0107 Marijan: ON ME GLEDA (1960.)<br \/>\n749. \u0160i\u0161i\u0107 Stipe: OD PAKLA I NATRAG ( 1994.)<br \/>\n750. \u0160tigli\u0107 Martin: PROPOVIJEDI ZA NEDJELJE ( 1894.)<br \/>\n751. \u0160tigli\u0107 Martin: PROPOVIJEDI ZA BLAGDANE (1894.)<br \/>\n752. \u0160tigli\u0107 Martin: PROPOVIJEDI ZA SVE PRIGODE ( 1897.)<br \/>\n753. \u0160tadler Josip: SVETO EVAN\u0110ELJE PO MARKU ( 1896.)<br \/>\n754. \u0160tadler Josip: SVETO EVAN\u0110ELJE PO MATEJU ( 1895.)<br \/>\n755. \u0160urjan Mirjam: BIT \u0106ETE MI SVJEDOCI ( 1982.<br \/>\n756. \u0160anjek Franjo: KR\u0160\u0106ANSTVO NA HRVATSKOM PROSTORU (1991.)<\/p>\n<h2>T<\/h2>\n<p>757. Tambula\u0161 Iva: BIT \u0106ETE MI SVJEDOCI ( 2005.)<br \/>\n758. Tanji\u0107 \u017deljko: \u0160EPER ( 2001.)<br \/>\n759. Terezija od Dj. Isusa: POVIJEST JEDNE DU\u0160E ( 1968.)<br \/>\n760. Terezija od Dj. isusa: POVIJEST JEDNE DU\u0160E ( 1968.)<br \/>\n761. Tilmann Klemens: KAKO SE DANAS GOVORI O BOGU U OBITELJI ( 2003.)<br \/>\n762. Tomi\u0107 Celestin: UZVI\u0160ENA TAJNA ( 1974.)<br \/>\n763. Tomi\u0107 Celestin: PRAOCI IZRAELA \/1978.)<br \/>\n764. Tomi\u0107 Celestin: IZLAZAK ( 1979,)<br \/>\n765. Tomi\u0107 Celestin: U ZEMLJI OBE\u0106ANJA ( 1980)<br \/>\n766. Tomi\u0107 Celestin: DAVIDOVO DOBA ( 1982.)<br \/>\n767. Tomi\u0107 Celestin: SVETI PAVAO ( 1982.)<br \/>\n768. Tomi\u0107 Celestin: PSALMI ( 1973.)<br \/>\n769. Tomi\u0107 Celestin: EVAN\u0110ELJA DJETINJSTVA ISUSOVA ( 1971.)<br \/>\n770. Toth Tihomir: KARAKTER ( 1937.)<br \/>\n771. Torh Tihomir: KARAKTER ( 2001.)<br \/>\n772. Toth Tihomir: PROLJETNE OLUJE ( 2004.)<br \/>\n773. Tournier Paul: VI\u0160E RAZUMJEVANJA U BRAKU ( 2000.)<br \/>\n774. Tournier paul: VI\u0160E RAZUMJEVANJA U BRAKU (2000.)<br \/>\n775. Trench Sally: POKOPAJTE ME U \u010cI\u017dMAMA ( 2002.)<br \/>\n776. Trstenjak Anton: \u010cLOVEK V RAVNOTE\u017dJU ( 1957,)<br \/>\n777. Trestenjak Anton: \u010cOVJEK U TJESKOBI ( 1997.)<br \/>\n778. Trstenjak Anton: \u010cOVJEK SAMOME SEBI (2002.)<br \/>\n779. Trstenjak Anton: PUTOVI K \u010cOVJEKU ( 1995.)<br \/>\n780. Trstenjak Anton: UMIRE\u0160 DA \u017dIVI\u0160 (2000:)<br \/>\n781. Trstenjak Anton: KROZ PRIZMU RIJE\u010cI ( 1998.)<br \/>\n782. Trstenjak Davorin: \u017dIVOTINJE &#8211; PTICE ( 1893.)<br \/>\n783. Tronisch Walter: VOLIO SAM DJEVOJKU (1969.)<br \/>\n784. Trumbull Robert: SAMI NA PACIFIKU (1951.)<br \/>\n785. Tustani\u0107 Mato: ORIOVA\u010cKA \u017dUPA (1969.)<br \/>\n786. Turn\u0161ek Metod: LETO BO\u017dJIH SKRIVNOSTI (1938.)<br \/>\n787. Tuirks Paul: SVETI FILIP NERI (2001.)<br \/>\n788. Tyrrell Bernard: KRISTOTERAPIJA (1995.)<br \/>\n789. Tilmann Klemens: KR\u0160\u0106ANSKA MEDITAVIJA (1.) (1983.)<br \/>\n790. Tilmann Klemens: KR\u0160\u0106ANSKA MEDITACIJA 2. (1983.)<br \/>\n791. Ti\u010dmann Klemens: KR\u0160\u0106ANSKA MEDITACIJA 3. (1983.)<br \/>\n792. Tilmann Klemens: KR\u0160\u0106ANSKA MEDITACIJA 4. ( 1983.)<br \/>\n793. Turgenjev I. Sergejevi\u010d: LOV\u010cEVI ZAPISI ( 2008.)<br \/>\n794. Tanner Leo: NOVO VINO U NOVE MJE\u0160INE (2010.)<\/p>\n<h2>U<\/h2>\n<p>795. Ugendi Antonio: PROBLEM MLADIH ( 2002.)<\/p>\n<h2>V<\/h2>\n<p>796. Valenti\u0107 Josipa: MIR VAM SVOJ DAJEM (2003)<br \/>\n797. Valentin Ivan: MARIJA, KRALJICA SVIBNJA (2000.)<br \/>\n798. Vankin Jonathan: 80 NAJVE\u0106IH ZAVJERA SVIH VREMENA (2007.)<br \/>\n799. Varga Gejza: NEDJELJNE I BLAGDANSKE PROPOVIJEDI &#8220;A&#8221; \/ 1995.)<br \/>\n800. Varga Gejza: NEDJELJNE I BLAGDANSKE PROPOVIJEDI &#8220;C&#8221; (1997.)<br \/>\n801. Vidal Marciano: KR\u0160\u0106ANSKA ETIKA: (2001.)<br \/>\n802. Vigneti Peralta: TAJNE TEMPLARA (2003.)<br \/>\n803. Vimer Rudolf: iSUS kRIST 1. (1925)<br \/>\n804. Vimer Rudolf: ISUS KRIST 2. (1926.)<br \/>\n805. Vimer Rudolf: ISUS KRIST &#8211; \u017dIVOT NA\u0160EG SPASITELJA (2006.)<br \/>\n806. Vimer Rudolf: \u017dIVOT SVETOG PAVLA (2005.)<br \/>\n807. Vismara Silvio: FRA BONIFACIJE PAVLETI\u0106 (2004.)<br \/>\n808. Vlahovec Matija: POZIV LJUBAVI (1965.)<br \/>\n809. Vlahovec Matija: POZIV LJUBAVI ( 1965.)<br \/>\n810. Vlahovec Matija: POZIV LJUBAVI (1965.)<br \/>\n811. Vlahovec Matija: POZIV LJUBAVI (1965.)<br \/>\n812. Vla\u0161i\u0107 Petar: U GRADOVIMA APOKALIPSE (1938.)<br \/>\n813. Vla\u0161i\u0107 Petar: SVAGDANJE ZGODE I NEZGODE (1984.)<br \/>\n814. Vla\u0161i\u0107 Ivan: CRTICE I USPOREDBE (1973,)<br \/>\n815. Vla\u0161i\u0107 Ivan: SRETNA NOVA (1980.)<br \/>\n816. Vla\u0161i\u0107 Ivan : SVETI JOSIPE MOLI ZA NAS ( 1982.)<br \/>\n817. Vodenik H.: MJESEC SRCA ISUSOVA ( 1939.)<br \/>\n818. Volari\u0107 Ivan: Kajsija ili Marelica ( 1941.)<br \/>\n819. Vollebregt G.N.: SPOLNOST I BRAK U BIBLIJI (1972.)<br \/>\n820. Vovk Jo\u017ee: PESMI (1956.)<br \/>\n821. Vrane Andrija: KURSILJO (1974.)<br \/>\n822. Vrkljan Irena: MARINA ILI O BIOGRAFIJI ( 2004.)<br \/>\n823. Vuco Bo\u017eo; JEZIK PRIRODE I PRIRODOSLOVACA ( 1965.)<br \/>\n824. Vuco Bo\u017eo: RAZUMSKO UTEMELJENJE RELIGIJE ( 2002.)<br \/>\n825. Vukasovi\u0107 Ante: OBITELJ I MORALNI RAZVITAK MLADIH (1997)<br \/>\n826. Verlinde Josiph Marie: ZABRANJENO ISKUSTVO (2007.)<br \/>\n827. Vanier Jean: POSTATI \u010cOVJEKOM (2008.)<\/p>\n<h2>W<\/h2>\n<p>828. Wagner Vjekoslav: PUT, ISTINA,\u017dIVOT ( 1938)<br \/>\n829. Waldenfelds Hans: KONTEKSTUALNA FUNDAMENTALNA TEOLOGIJA ( 1995.)<br \/>\n830. Wandmarker Helmut: PRIJESNA HRANA UMJESTO KUHANE ( 2006.)<br \/>\n831. Walker Norman: SVAKODNEVNE SVJE\u017dE SALATE ( 2006.)<br \/>\n832. Walker Norman: SOKOVI OD SVJE\u017dEG VO\u0106A I POVR\u0106A ( 2006.)<br \/>\n833. Walker Norman: VODA I VA\u0160E ZDRAVLJE (2006.)<br \/>\n834. Walker Norman: \u017dELI\u0160 LI OZDRAVITI ( 2003.)<br \/>\n835. Warnach Viktor: TAJNA KRISTA ( 1993.)<br \/>\n836. Weigl A.M.: UZ MARIJINU ZA\u0160TITU (2005.)<br \/>\n837. Weizssgerber Josip: LJUBAV U OBITELJI ( 1974.)<br \/>\n838. Weiser Franc: SIN BIJELOG POGLAVICE ( 2005.)<br \/>\n839. Weiser Franc: SVJETLO PLANINA ( 2004.)<br \/>\n840. Weiser Franc: PUT WALTERA KLINGERA OKO SVIJETA (1982.)<br \/>\n841. West Morris: \u0110AVOLOV ODVJETNIK ( 1978.)<br \/>\n842. Wilde Oscar: SLIKA DORIANA GRAYA (2008.)<br \/>\n843. Wolf Virginia: GOSPO\u0110A DALLOWAY (2008.)<br \/>\n844. Wohl Luis: BO\u017dJA TVR\u0110AVA (2008.)<br \/>\n845. Wohl Luis: DRVO \u017dIVOTA (2008.)<br \/>\n846. Ward Keith: ZA\u0160TO GOTOVO SIGURNO POSTOJI BOG? (2010.)<\/p>\n<h2>Z<\/h2>\n<p>847. Zabret Fran\u010di\u0161ek: VELIKI KATEKIZEM ( 1918)<br \/>\n848. Zimerman Stjepan: FILOZOFIJA I RELIGIJA(1937.)<br \/>\n849. Zing Jorge: VI\u0160E OD TRI \u017dELJE (2005.)<br \/>\n850. Zirdum Iva; EUHARISTIJA (2000.)<br \/>\n851. Zirdum Ivan: SVETI BENEDIKT (2002,)<br \/>\n852. Zirdum Ivan: PU\u0160ENJE, OPIJANJE, DROGIRANJE (2006.)<br \/>\n853. Zirdum Ivan: SNAGA KRISTOVA DUHA (2006.)<br \/>\n854. Zirdum Ivan: BILI SMO OTPISANI (2007.)<br \/>\n855. Zorn Wilhelm: SVINJOGOJSTVO (1958.)<br \/>\n856. Zuccarini Mirjana: GOSPIN POZIV IZ ME\u0110UGORJA (2005.)<br \/>\n857. Zupan Tomo: PROPOVEDI (1905.)<br \/>\n858. Zupan Tomo: PROPOVEDI (1905.)<br \/>\n859. Zirdum Ivan: RADOSNI NA GOZBI ISUSOVE LJUBAVI (2006)<br \/>\n860. Zidari\u0107 Josip: 20 GODINA \u017dUPE SRCA ISUSOVA U KARLOVCU (2001)<\/p>\n","protected":false},"excerpt":{"rendered":"<p>R 627. Radi\u0107 Ignacije: MARIJA (1943.) 628. Radi\u0107 Stanko: GOVORIM DANA\u0160NJEM \u010cOVJEKU (1960.) 629. Ramov\u0161 Jo\u017ee: 100 DOMA\u0106IH LIJEKOVA ZA TIJELO I DU\u0160U (1998.) 630. Ratzinger Joseph: U PO\u010cETKU STVORI BOG (2008.) 631. Ratzinger Joseph: DUH LITURGIJE (2001.) 632. Ratzinger Joseph: DEMOKRACIJA U CRKVI \/2002.) 633. Ratzinger Joseph: VJERA, ISTINA, TOLERANCIJA (2004.) 634. Ratzinger Joseph: &hellip; <\/p>\n<p class=\"link-more\"><a href=\"https:\/\/zupa-svik-recica.hr\/index.php\/popis-knjiga-r-z\/\" class=\"more-link\">Nastavi \u010ditati<span class=\"screen-reader-text\"> &#8220;Popis knjiga R-\u017d&#8221;<\/span><\/a><\/p>\n","protected":false},"author":2,"featured_media":0,"parent":0,"menu_order":0,"comment_status":"closed","ping_status":"closed","template":"","meta":{"_mi_skip_tracking":false},"_links":{"self":[{"href":"https:\/\/zupa-svik-recica.hr\/index.php\/wp-json\/wp\/v2\/pages\/248"}],"collection":[{"href":"https:\/\/zupa-svik-recica.hr\/index.php\/wp-json\/wp\/v2\/pages"}],"about":[{"href":"https:\/\/zupa-svik-recica.hr\/index.php\/wp-json\/wp\/v2\/types\/page"}],"author":[{"embeddable":true,"href":"https:\/\/zupa-svik-recica.hr\/index.php\/wp-json\/wp\/v2\/users\/2"}],"replies":[{"embeddable":true,"href":"https:\/\/zupa-svik-recica.hr\/index.php\/wp-json\/wp\/v2\/comments?post=248"}],"version-history":[{"count":0,"href":"https:\/\/zupa-svik-recica.hr\/index.php\/wp-json\/wp\/v2\/pages\/248\/revisions"}],"wp:attachment":[{"href":"https:\/\/zupa-svik-recica.hr\/index.php\/wp-json\/wp\/v2\/media?parent=248"}],"curies":[{"name":"wp","href":"https:\/\/api.w.org\/{rel}","templated":true}]}}