{"id":246,"date":"2017-12-15T15:09:31","date_gmt":"2017-12-15T14:09:31","guid":{"rendered":"http:\/\/192.168.1.16\/?page_id=246"},"modified":"2017-12-15T15:09:31","modified_gmt":"2017-12-15T14:09:31","slug":"popis-knjiga-l-p","status":"publish","type":"page","link":"https:\/\/zupa-svik-recica.hr\/index.php\/popis-knjiga-l-p\/","title":{"rendered":"Popis knjiga L &#8211; P"},"content":{"rendered":"<h2>L<\/h2>\n<p>401. Ladewig Dieter: OVISNOST I OVISNI\u010cKE BOLESTI (1997.)<br \/>\n402. Lippman Laura: BALTIMORSKI BLUES (2004.)<br \/>\n403. Lach Maksimilijan: \u017dIVOT SVETACA( sije\u010danj) (1939.)<br \/>\n404. Lach Maksimilijan: \u017dIVOT SVETACA ( velja\u010da) (1940.)<br \/>\n405. Lach Maksimilijan: \u017dIVOT SVETACA (o\u017eujak) ( 1942.)<br \/>\n406. Lach Maksimilijan: \u017dIVOT SVETACA ( travanj) (1941.)<br \/>\n407. Lach maksimilijan: \u017dIVOT SVETACA (svibanj) ( 1941.)<br \/>\n408. Lach maksimilijan: \u017dIVOT SVTACA ( lipanj) (1960.)<br \/>\n409. Lach Maksimilijan: \u017dIVOT SVETACA ( srpanj) (1942)<br \/>\n410. Lach Maksimilijan: \u017dIVOT SVETACA ( kolovoz) (1943.)<br \/>\n411. Lach Maksimilijan: \u017dIVOT SVETACA I SVETICA BO\u017dJIH (1898.)<br \/>\n412. Ladika Josip: TI ZNADE\u0160 NAJBOLJE ( 1985)<br \/>\n413. Ladika Josip: TI ZNADE\u0160 NAJBOLJE ( 1985.)<br \/>\n414. Lagerloef Selma: ZDENAC MUDRACA ( 1942.)<br \/>\n415. Lagerloef Selma: BIJEG U EGIPAT ( 1942.)<br \/>\n416. Lagerloef Selma: DVIJE PRI\u010cE (1942.)<br \/>\n417. Landercy M.: KARDINAL ALOJZIJE STEPINAC ( 1989.)<br \/>\n418. Laurand Luce: TERZICIJE, HRABRI DJE\u010cAK ( 2002.)<br \/>\n419. Lamla Gertraud: PA DA MI JE I DOLINOM SMRTI PRO\u0106I ( 2003.)<br \/>\n420. Lamot Mijo: ZABILJE\u017dBE IZ MOJE PASTIRSKE SLU\u017dBE ( 1931.)<br \/>\n421. Lamot Anton: KARTUZIJANCI ( 1951.)<br \/>\n422. Larranaga Ignatio: \u017dIVOT S BOGOM (2005)<br \/>\n423. Larranaga Ignatio: SUSRET (molitveni priru\u010dnik) ( 2005.)<br \/>\n424. Laurentin Rene: LURD (2000.)<br \/>\n425. Laurenceu Jean: PROPOVIJEDI ZA MARIJINE BLAGDANE ( 1996.)<br \/>\n426. Leakovi\u0107 Franjo: PRIRU\u010cNIK ZA VOZA\u010cE ( 1943.)<br \/>\n427. Leist Marielene: MOLITVENIK ZA RODITELJE I DJECU ( 1983.)<br \/>\n428. Leist Marielene: PRVA ISKUSTVA O BOGU ( 2005.)<br \/>\n429. Lejeune Rene: SVETA GENOVEVA ( 2002.)<br \/>\n430. Lelievre Thierry: IVANKA BERRETA MOLLA (1993.)<br \/>\n431. Leliecre Hubert: UPUTIMO SE K ISUSU KRISTU ( 2005.)<br \/>\n432. Lentini Anzelmo: \u017dIVOT SVETOG BENEDIKTA (1980.)<br \/>\n433. Lerscher Ludovico: INSTITUTIONES THEOLOGIAE DOGMATICAE (1934.)<br \/>\n434. Lerscher Ludovico: INSTITUTIONES THEOLOGIAE DOGMATICAE (1934.)<br \/>\n435. Lewis C. Stamples: PISMA STAROG \u0110AVLA MLA\u0110EM ( 1983.)<br \/>\n436. Lippert Petar: OD DU\u0160E K DU\u0160I ( 1939.)<br \/>\n437. Liss Bernhard: BRAK MO\u017dE USPJETI ( 2004.)<br \/>\n438. Lins Joseph: 30 DANA POBO\u017dNOSTI SVETOM JOSIPU ( 2006.)<br \/>\n439. Lins Joseph: FATIMSKA PORUKA ( 2006.)<br \/>\n440. Loch Valentinus: BIBLIA SACRA (1902)<br \/>\n441. Lon\u010dar Josip: KRUH, RIJE\u010c, DUH (1985.)<br \/>\n442. Lopez Martina: UMRIJETI KAO ZORA ( 2000.)<br \/>\n443. Lauf Andre: GOSPODINE, NAU\u010cI NAS MOLITI (2005.)<br \/>\n444. Lelord Francois: HEKTOR U POTRAZI ZA SRE\u0106OM ( 2002.)<br \/>\n445. Lubich Ciara: FERMENTI DI UNITA ( 1963.)<br \/>\n446. Lubich Ciara: \u017dIVJETI \u017dIVOT ( 1969.)<br \/>\n447. Lukas Elizabeth: IZVORI SMISLENOG \u017dIVOTA ( 2006.)<br \/>\n448. Ludlum Robert: HOLCROFTOVA POGODBA ( 2007.)<\/p>\n<h2>LJ<\/h2>\n<p>449. Ljermontov M. Jurjevi\u010d: JUNAK NA\u0160EG DOBA (2008.)<\/p>\n<h2>M<\/h2>\n<p>450. Maccise Camilo: PUTOVIMA GOSPODNJIM ( 1994.)<br \/>\n451. Mann Thomas: SMRT U VENECIJI (1924.)<br \/>\n452. Marques G. Garcia: DVANAEST APOSTOLA (2003.)<br \/>\n453. Meyer Kai: BO\u017dICA PUSTINJE (2002.)<br \/>\n454. Meyer Kai: ALKEMI\u010cARKA (2002.)<br \/>\n455. Madinger Herbert: SVETA MISA (2005.)<br \/>\n456. Madinger Herbert: SVETA MISA (2005.)<br \/>\n457. Madinger Herbert: tEMELJNA NA\u010cELA ZA KR\u0160\u0106ANE ( 2005.)<br \/>\n458. Madinger Herbert: TEMELJNA NA\u010cELA ZA KR\u0160\u0106ANE ( 2005.)<br \/>\n459. Madinger Herbert: BUDITE PRIPRAVNI ( 2005.)<br \/>\n460. Madinger Herbert: KRI\u017dNI PUT SPASENJA ( 2006.)<br \/>\n461. Madinger Herbert: OBITELJSKA MOLITVA ( 2004.)<br \/>\n462. Madinger Herbert: ALI NAJVE\u0106A JE ME\u0110U NJIMA LJUBAV ( 2003.)<br \/>\n463. Madinger Herbert: SUSRET S BOGOM ( 2002.)<br \/>\n464. Madinger Herbert: SUSRET S BOGOM ( 2002.)<br \/>\n465. Madinger Herbert: SUSRET S BOGOM ( 2002.)<br \/>\n466. Madinger Herbert: STVORITE MOLITVENE ZAJEDNICE U CRKVI ( 1993.)<br \/>\n467. Madinger herbert: OTVORITE SRCE JEDNI DRUGIMA (2001.)<br \/>\n468. Madinger Herbert: VRATI SE ( 2003.)<br \/>\n469. Madinger Herbert: BOG SE OBRA\u0106A SVAKOME ( 2005)<br \/>\n470. Madinger Herbert: GOSPODENE, \u0160TO \u017dELI\u0160 DA U\u010cINIM? ( 1991.)<br \/>\n471. Madinger Herbert: TEMELJI VJERE ( 1991.)<br \/>\n472. Madinger Herbert: BOG TE VOLI ( 2005.)<br \/>\n473. Madinger Herbert: HVALA, ISUSE ( 2003.)<br \/>\n474. Madinger Herbert HVALA, ISUSE ( 2003.)<br \/>\n475. Mati\u0107 Predrag Fred: NI\u0160TA LA\u017dNO (2006.)<br \/>\n476. Marques G. Garcia: LJUBAV U DOBA KOLERE ( 1999.)<br \/>\n477. May Antoinette: PILATOVA \u017dENA ( 2010.)<br \/>\n478. Matsakis Aphrodite: \u017dIVJETI S VETERANOM ( 2009.)<br \/>\n479. Mabi\u0107 Franjo: O SMRTI ( 2002.)<br \/>\n480. Matasovi\u0107 Antun: CRNO KRALJEVSTVO ( 1994.)<br \/>\n481. Matasovi\u0107 Antun: PRED \u017dIVOTOM ( 1994.)<br \/>\n482. Matasovi\u0107 Antun: ZA KRUH SVAGDANJI ( 1994.)<br \/>\n483. Matasovi\u0107 Antun: BARTOL I BARA (1994)<br \/>\n484. Mariae Anne: TKO \u0106E MI ODGOVORITI \/1978,)<br \/>\n485. Majka Terezija: MOLITVA (1993.)<br \/>\n486. Merton Thomas: \u017dIVOT I SVETOST (2010.)<br \/>\n487. Martin Celina: TEREZIJA IZ LISIEUXA (2003.)<br \/>\n488. Maras An\u0111elko: HEFFERE ORGEL (2000.)<br \/>\n489. Matijevi\u0107 Pavao: SVETI ANTUN PADOVANSKI (1936.)<br \/>\n490. Matijevi\u0107 Pavao: RASIPNI SIN (1936.)<br \/>\n491. Ma\u017eurani\u0107 Ivan: PISMA, GOVORI&#8230; (1979.)<br \/>\n492. Ma\u017eurani\u0107 Ivan: PROZA (1979.)<br \/>\n493. Ma\u017eurani\u0107 Ivan: PJESME 1979.)<br \/>\n494. Ma\u017eurani\u0107 Ivan: SMRT SMAIL AGE \u010cENGI\u0106A ( 1979.)<br \/>\n495. Melesi Palmira: PAULINA JARICOT (1939.)<br \/>\n496. Mer\u010dep Vladimir: POVIJESNOST ISUSOVA DJETINJSTVA ( 1998.)<br \/>\n497. Merz Ivan: MISLI (2002.)<br \/>\n498. Meves Christa: SRETAN JE TKO \u017dIVI DRUGA\u010cIJE (1997.)<br \/>\n499. Meves Christa: \u017dELIM SE PROMIJENITI (1996.)<br \/>\n500. Meves Christa: PRIPOVIJEDATI I ODGAJATI (2000.)<br \/>\n501. Meves Christa: NA\u0160A DJECA ODRASTAJU (1999.)<br \/>\n502. Meves Christa: KRISTA LJUBITI &#8211; \u0160TO JE TO? (2004.)<br \/>\n503. Meves Christa: \u017dELIM \u017dIVJETI (2002.)<br \/>\n504. Meves Christa: ODGOVORITE ODMAH ( 2001.)<br \/>\n505. Meves Christa: MAIPULIRANA NEUMJERENOST ( 2005.)<br \/>\n506. Meves Christa: ABECEDA ZA BAKE I DJEDOVE (2006.)<br \/>\n507. Meves Christa: U\u010cITI IZ OSOBNE PRO\u0160LOSTI ( 1993.)<br \/>\n508. Meves Christa: SUDBINA DJECE U NA\u0160IM RUKAMA (2000.)<br \/>\n509. Meves Christa: DU\u0160EVNO ZDRAVLJE I BIBLIJSKO SPASENJE ( 1995.)<br \/>\n510. Meves Christa: SEKSUALNI ODGOJ PRIMJEREN DJECI ( 2004.)<br \/>\n511. Meves Christa: KAMO IDEMO? ( 1990.)<br \/>\n512. Meves Christa: DJECI S PROBLEMIMA TREBA POMO\u0106I (2001.)<br \/>\n513. Milani Artur : ZDRAVO KRALJICE ( 1941.)<br \/>\n514. Mihael Dami\u0107: CRKVENE PJESME (1955.)<br \/>\n515. Mihaljevi\u0107 Nikica: MINISTRANT (2005.)<br \/>\n516. Mihaljevi\u0107 Nikica: KAKO SU POZVANI? ( 2005.)<br \/>\n517. Maertens Therry: KOMENTAR NOVOG LEKCIONARA (1969.)<br \/>\n518. Mandeki\u0107 Vinko: KU\u0106ICA ZA KUNI\u0106E (1946.)<br \/>\n519. Mandeki\u0107 Vinko: TEMELJI RATARSTVA ( 1946.)<br \/>\n520. Mauriac Francois: \u017dIVOT ISUSOV (1946.)<br \/>\n521. Majstorovi\u0107 Sre\u0107ko: OSVAJA\u010c VJEKOVA(1971.)<br \/>\n522. Me\u0161ko Ksaver: PRIDIGE ( 1944.)<br \/>\n523. Milojevi\u0107 M. : OBUKA U VO\u017dNJI ( 1932.)<br \/>\n524. Markovi\u0107 Dragan: MOTOCIKL ( 1947,)<br \/>\n525. Mla\u010d Kre\u0161imir: PUTNIK MARIJANSKI ( 1971.)<br \/>\n526. Mauriac Pierre: RASTAVLJENA ( 1976.)<br \/>\n527. Moha\u010dek Marko: KAKO SE HRANI BILJE ( 1945.)<br \/>\n528. Merton Thomas: MUDROST PUSTINJE (1996.)<br \/>\n529. Mrzljak Josip: ZAJEDNI\u010cKO SVJEDO\u010cANSTVO VJERE (1999.)<br \/>\n530. Mueller Joachim: DEMONI ME\u0110U NAMA ( 2006.)<br \/>\n531. Monfort Maria: POBO\u017dNOST MAJCI BO\u017dJOJ (1944.)<br \/>\n532. Montgomeri M. : OD ALEMAINA DO BALTI\u010cKOG MORA ( 1951.<br \/>\n533. Martini C.M.: KAKO NAU\u010cITI MOLITI (1996.)<\/p>\n<h2>N<\/h2>\n<p>534. Niero Antonio: SVETA LUCIJA ( 2004.)<br \/>\n535. Nigg Walter: SVETI IVAN OD BOGA ( 2003.)<br \/>\n536. Nigg Walter: SVETI IVAN OD BOGA (2003.)<br \/>\n537. Nigg Walter: SVETI IVAN OD BOGA (2003.)<br \/>\n538. Nigg Walter: SVETI IVAN OD BOGA (2003.)<br \/>\n539. Norman Walker: I MO\u017dETE POSTATI PUNO MLA\u0110I ( 2006.)<br \/>\n540. Nouwen Henri: NA\u0160 NAJVE\u0106I DAR ( 2005.)<br \/>\n541. Nutt Francis: MOLITVA ZA OZDRAVLJENJE (2005.)<br \/>\n542. Novak Vjenceslav: POSLJEDNJI STIPAN\u010cI\u0106I (2008.)<br \/>\n545. Noll Ingrid: APOTEKARICA ( 1999.)<br \/>\n546. Nietzsche Fridrich: TAKO JE GOVORIO ZARATUSTRA (1975.)<br \/>\n547. Nietzsche Fridrich: ANTIKRIST (1999.)<br \/>\n548. Neubert Emil: JESUS, MARIENS SOHN (1941.)<br \/>\n549. Nestorovi\u0107 Milan: VE\u0160TINA \u0160OFERISANJA (1941.)<br \/>\n550. Nagy Bo\u017eidar: TKO JE IVAN MERZ? (2005.)<br \/>\n551. Nagy Bo\u017eidar: IVAN MERZ ( 2003.)<br \/>\n552. Nagy Bo\u017eidar: S BLA\u017dENIM IVANOM NA KRISTOVOM PUTU (2004.)<br \/>\n553. Nagy Bo\u017eidar: S BLA\u017dENIM IVANOM NA KRISTOVOM PUTU (2004.)<br \/>\n554. Nagy Bo\u017eidar: S BLA\u017dENIM IVANOM NA KRISTOVOM PUTU (2004.)<br \/>\n555. Nagy Bo\u017eidar: IZVOR \u017dIVOTA (2005.)<br \/>\n556. Niki\u0107 Mijo: KAKO VJEROM NADVLADATI STRAH ( 2005.)<br \/>\n557. Noldin Herbert: DE SEXTO PERCEPTO ( 1940.)<br \/>\n558. Noldin Herbert: DE PAERCEPCIS DEI ET ECCLESIAE ( 1939.)<br \/>\n559. Noldin Herbert: DE PRINCIPIIS ( 1939,)<\/p>\n<h2>O<\/h2>\n<p>560. Oliveri Alonso: \u010cUDESA GOVORE (1980.)<br \/>\n561. Oliveri Alonso: \u010cUDESA GOVORE (1980)<br \/>\n562. Opeka Mihovil: MISIJSKI GOVORI I PREDAVANJA (1926.)<br \/>\n563. Obereder Ingeborg: POD ZRAKAMA LJUBAVI (2006.)<br \/>\n564. O&#8217;Neill Joseph: NIGDJEZEMSKA (2008.)<br \/>\n565. Ovidije Publije: METAMORFOZE (2008.)<\/p>\n<h2>P<\/h2>\n<p>566. Petri\u0107 Igor: ZAKON ULICE (2002.)<br \/>\n567. Proust Marcel: PUT K SWANNU (2004.)<br \/>\n568. Poupard Paul: VJERA KATOLI\u010cKE CRKVE (1993.)<br \/>\n569. Popovi\u0107 Anto. BIBLIJSKE TEME ( 2004.)<br \/>\n570. Pale\u010dek Vladimir: KRISTIJAN, MALI BIJELI MRAV (1980.)<br \/>\n571. Pale\u010dek Vladimir: PUT HUMANIZMA JE PUT MIRA (1969.)<br \/>\n572. Palunko Vicko: MARIJIN MJESEC (1900.)<br \/>\n573. Pavan Marijan: QUO VADIS EUROPA (1998.)<br \/>\n574. Pavi\u0107 Ivan: Radosna vijest ( 1975.)<br \/>\n575. Pavi\u0107 Ivan: MALI KATEKIZAM (1950.)<br \/>\n576. Pavi\u0107 Matija: GRADNJA I TRO\u0160KOVNIK KATEDRALE U \u0110AKOVU (1994.)<br \/>\n577. Pavli\u010di\u0107 \u017deljko: DO\u0110I DU\u0160E PRESVETI (1996.)<br \/>\n578. Pavli\u010di\u0107 \u017deljko: BLA\u017dENI \u010cISTA SRCA (1993.)<br \/>\n579. Pavli\u010di\u0107 \u017deljko: PORO\u0110AJ, POBO\u010cAJ, PILULA (1986.)<br \/>\n580. Pavli\u010di\u0107 \u017deljko: PORO\u0110AJ, POBO\u010cAJ, PILULA (1986.)<br \/>\n581. Pavi\u010di\u0107 Nikola: KROZ GOSPINU HRVATSKU (1943.)<br \/>\n582. Pate Rudolf: OBLJUBE SRCA JEZUSOVEGA ( 1941.)<br \/>\n583. Pederzini Novello: KAKO TRPJETI BOLI? (2003.)<br \/>\n584. Peni\u0107 Janko: RAZUM I OBJAVA O BOGU (1971.)<br \/>\n585. Peni\u0107 Janko: PUTOVI K BOGU (1971.)<br \/>\n586. Perrier Jacqes: UPOZNAJMO I LJUBIMO SVETU MISU (2000.)<br \/>\n587. Petranovi\u0107 Stjepan: GORAN\u010cICE (1942.)<br \/>\n588. Petrovi\u0107 Stjepan: KONFERENCIJE (1982.)<br \/>\n589. Pierre Chales: MOLITVA SVIH \u010cASOVA (1935.)<br \/>\n590. Plasajec Platon: BO\u017dJA RIJE\u010c (1973.)<br \/>\n591. Plasajec Platon: NEDJELJNO CVIJE\u0106E (1979.)<br \/>\n592. Plasajec Platon: NEDJELJNA SVJETLOST ( 1972.)<br \/>\n593. Plasajec Platon: NEDJELJNO CVIJE\u0106E (1978.)<br \/>\n594. Plasajec Platon: HVALOSPJEV MISLI (1967.)<br \/>\n595. Plasajec Platon: GOSPODNJA SLAVLJA ( 1965.)<br \/>\n596. Plasajec Platon: MAGNIFIKAT MISLI ( 1969.)<br \/>\n597. Plasajec Platon: GOSPODNJA SLAVLJA ( 1965.)<br \/>\n598. Plasajec Platon: NEDJELJNO CVIJE\u0106E ( 1980.)<br \/>\n599. Plasajec Platon: OBU\u010cENA SUNCEM (1977.)<br \/>\n600. Plasajec Platon: S MARIJOM ( 1967.)<br \/>\n601. Plasajec Platon: OBU\u0106ENA SUNCEM (1978.)<br \/>\n602. Plasajec Platon: NEDJELJNA SVJETLOST (1975.)<br \/>\n603. Plasajec Platon: NEDJELJNA RIJE\u010c (1966.)<br \/>\n604. Plasajec Platon: S NEBA SJAJ (1975.)<br \/>\n605. Plasajec Platon: S NEBA SJEJ ( 1975.)<br \/>\n606. Plasajec Platon: MISLI DANA GOSPODNJIH ( 1968.)<br \/>\n607. Plasajec Platon: BO\u017dJEG NEBA ZVIJEZDE (1976,)<br \/>\n608. Plasajec Platon: SVETA\u010cKI VIJENAC (1966.)<br \/>\n609. Plasajec Platon: SVETA\u010cKI VIJENAC ( 1966.)<br \/>\n610. Plasajec Platon: AUREOLA MISLI ( 1968.)<br \/>\n611. Plasajec Platon: NEDJELJNA SVJETLOST ( 1974.)<br \/>\n612. Plasajec Platon: BO\u017dJEG NEBA ZVIJEZDE (1977.)<br \/>\n613. Plasajec Platon: SVETA\u010cKI VIJENAC ( 1966.)<br \/>\n614. Plasajec Platon: GOSPODNJA SLAVLJA ( 1965.)<br \/>\n615. Plenkovi\u0107 Zlatan: STO UZORAKA NEBESKIH ( 1980.)<br \/>\n616. Plenkovi\u0107 Zlatan: SVIBANJ (1976,)<br \/>\n617. Plenkovi\u0107 Zlatan: SVIBANJ (1976.)<br \/>\n618. Plaznjak Bo\u017eo; LITURGIJSKA OBNOVA ZAJEDNICE 8 1964.)<br \/>\n619. Plevnjak Franc: PRILOZI ZA KULTURNU POVIJEST ( 1910.)<br \/>\n620. Podgorc Valentin: RAZLAGANJE CERKVENEGA LETA ( 1910.)<br \/>\n621. Pompey Heinrich: NE OSTAVLJAJMO UMIRU\u0106E SAME ( 1998.)<br \/>\n622. Popp Georg: NOVI JE DAN NOVA PRILIKA (2005.)<br \/>\n623. Pukler Miroljub: DU\u0160OBRI\u017dNIK ( 1913,<br \/>\n624. Puntigam Ante: PETAR BARBARI\u0106 ( 1937.)<br \/>\n625. Puntigam Ante: KROZ OLUJE MLADOSTI ( 1936.)<br \/>\n626. Pulez \u017deljka: RATNA KRONIKA ( 1992.)<\/p>\n","protected":false},"excerpt":{"rendered":"<p>L 401. Ladewig Dieter: OVISNOST I OVISNI\u010cKE BOLESTI (1997.) 402. Lippman Laura: BALTIMORSKI BLUES (2004.) 403. Lach Maksimilijan: \u017dIVOT SVETACA( sije\u010danj) (1939.) 404. Lach Maksimilijan: \u017dIVOT SVETACA ( velja\u010da) (1940.) 405. Lach Maksimilijan: \u017dIVOT SVETACA (o\u017eujak) ( 1942.) 406. Lach Maksimilijan: \u017dIVOT SVETACA ( travanj) (1941.) 407. Lach maksimilijan: \u017dIVOT SVETACA (svibanj) ( 1941.) 408. &hellip; <\/p>\n<p class=\"link-more\"><a href=\"https:\/\/zupa-svik-recica.hr\/index.php\/popis-knjiga-l-p\/\" class=\"more-link\">Nastavi \u010ditati<span class=\"screen-reader-text\"> &#8220;Popis knjiga L &#8211; P&#8221;<\/span><\/a><\/p>\n","protected":false},"author":2,"featured_media":0,"parent":0,"menu_order":0,"comment_status":"closed","ping_status":"closed","template":"","meta":{"_mi_skip_tracking":false},"_links":{"self":[{"href":"https:\/\/zupa-svik-recica.hr\/index.php\/wp-json\/wp\/v2\/pages\/246"}],"collection":[{"href":"https:\/\/zupa-svik-recica.hr\/index.php\/wp-json\/wp\/v2\/pages"}],"about":[{"href":"https:\/\/zupa-svik-recica.hr\/index.php\/wp-json\/wp\/v2\/types\/page"}],"author":[{"embeddable":true,"href":"https:\/\/zupa-svik-recica.hr\/index.php\/wp-json\/wp\/v2\/users\/2"}],"replies":[{"embeddable":true,"href":"https:\/\/zupa-svik-recica.hr\/index.php\/wp-json\/wp\/v2\/comments?post=246"}],"version-history":[{"count":0,"href":"https:\/\/zupa-svik-recica.hr\/index.php\/wp-json\/wp\/v2\/pages\/246\/revisions"}],"wp:attachment":[{"href":"https:\/\/zupa-svik-recica.hr\/index.php\/wp-json\/wp\/v2\/media?parent=246"}],"curies":[{"name":"wp","href":"https:\/\/api.w.org\/{rel}","templated":true}]}}