{"id":241,"date":"2017-12-14T21:54:42","date_gmt":"2017-12-14T20:54:42","guid":{"rendered":"http:\/\/192.168.1.16\/?page_id=241"},"modified":"2017-12-14T21:54:42","modified_gmt":"2017-12-14T20:54:42","slug":"popis-knjiga-a-k","status":"publish","type":"page","link":"https:\/\/zupa-svik-recica.hr\/index.php\/popis-knjiga-a-k\/","title":{"rendered":"Popis knjiga A \u2013 K"},"content":{"rendered":"<h2>A<\/h2>\n<p>1. Aranguren Miguel: NEPRIJATELJ (2010)<br \/>\n2. Aurelije Augustin: ISPOVIJESTI (2007 )<br \/>\n3. Aurelije Augustin: ISPOVIJESTI (1894)<br \/>\n4. Andri\u0107 Ivo: NA DRINI \u0106UPRIJA (2004)<br \/>\n5. Andri\u0107 Ivo: TRAVNI\u010cKA KRONIKA (2008)<br \/>\n6. Andri\u0107 Ivo. PROKLETA AVLIJA (2008)<br \/>\n7. Austen Jane: EMMA (2008)<br \/>\n8. Arl Julius: IVANA ORLEANSKA ( 2006)<br \/>\n9. Abeln Reinhard: NA\u0110IMO VREMENA&#8230; ( 2003)<br \/>\n10. Agredska Marija: \u017dIVOT BDM ( 1933)<br \/>\n11. Albanese Giovani: MUDROST \u017dIVOTA (1976)<br \/>\n12. Albiseti Valerio: BLAGODAT SAMO\u0106E ( 2003)<br \/>\n13. Albiseti Valerio: SRETNI ZAJEDNO ( 2005)<br \/>\n14. Alkaniz F.: POSVETA SRCU ISUSOVU 1968<br \/>\n15. Alvarez Valentin: I BOG POSTADE BRATOM LJUDIMA ( 2005)<br \/>\n16. Ange Damel: TVOJE TIJELO STVORENO ZA LJUBAV ( 2003)<br \/>\n17. Anderli\u0107 Vilko: PROPOVIJEDI ( 1927)<br \/>\n18. Anderli\u0107 Vilko: PROPOVIJEDI ( 1927)<br \/>\n19. Autexier E.; TAJNA ZLA ( 2002)<br \/>\n20. Amorth Gabriele: IZVJE\u0160\u0106A RIMSKOG EGZORCISTA ( 2005)<br \/>\n21. Ars Walter: SVETA MISA ( 2003)<br \/>\n22. Ars Walter: SVETA MISA ( 2003)<br \/>\n23. Anti\u0107 Andrija: EUHARISTIJA (1982)<br \/>\n24. Anti\u0107 Andrija: EUHARISTIJA (1982.<\/p>\n<h2>B<\/h2>\n<p>25. Borges Jorge Luis: ALEPH ( 2004)<br \/>\n26. Brezin\u0161\u0107ak B. Bo\u017eidar: BLA\u017dENI ANTON SLOM\u0160EK (2005)<br \/>\n27. Bako\u0161 Nevenka: PRI\u010cE ZA DJECU ( 1997)<br \/>\n28. Bak\u0161i\u0107 Franjo: SVETI JOSIP (1939)<br \/>\n29. Bak\u0161i\u0107 Stjepan: PRESVETO TROJSTVO ( 1946)<br \/>\n30. Bak\u0161i\u0107 Stjepan: PRESVETO TROJSTVO (1946)<br \/>\n31. BAK\u0160I\u0106 STJEPAN: BOG STVORITELJ (1946)<br \/>\n32. Baur Benedikto: RASVIJETLI ME (1940)<br \/>\n33. Baur Benedikto: RASVIJETLI ME (1940)<br \/>\n34. Baur Benedikto: RASVIJETLI ME ( 1940)<br \/>\n35. Basilea: PATMOS ( 1994)<br \/>\n36. Bartoli\u0107 Marijan: ODAZIV SRCA ( 1998)<br \/>\n37. Baoti\u0107 Zvonimir: TEMELJI PROPOVJEDNI\u0160TVA ( 1984)<br \/>\n38. Bali\u0107 Mahmud: KUNI\u0106ARSTVO ( 1951)<br \/>\n39. Balthasar Hans Urs: TI KRUNI\u0160 GODINU DOBROTOM SVOJOM ( 2004)<br \/>\n40. Balling Adalbert: KAZUJ MI \u0160UTKE O BOGU ( 1998)<br \/>\n41. Benkovi\u0107 Ambrozije: \u017dIVOT SVETE ANE ( 1938)<br \/>\n42. Benkovi\u0107 Ambrozije: SVETA MAJKA ANA ( 2005)<br \/>\n43. Benkovi\u0107 Ambrozije: SVETI ANDRIJA APOSTOL (1931)<br \/>\n44. Beli\u0107 Matija: ZBIRKA KANONSKIH PROPISA O BRAKU ( 1937)<br \/>\n45. Bebi\u0107 Sonja: IGROKAZI ZA DJECU ( 2005)<br \/>\n46. Beci\u0107 Ivan: DUHOVNI GOVORI ( 1898)<br \/>\n47. Bazin Rene: MAGNIFICAT ( 1039)<br \/>\n48. Baur Andreas: O\u010cE NA\u0160 ( 1984)<br \/>\n49. Baur Andreas: O\u010cE NA\u0160 (1984)<br \/>\n50. Bezi\u0107 \u017divan: ZNAKOVI, SIMBOLI, MITOVI ( 1998)<br \/>\n51. Bezi\u0107 \u017divan: OTO\u010cKE DAVORIJE ( 2004)<br \/>\n52. Bezi\u0107 \u017divan: BITI \u010cOVJEK! ALI KAKO? (1996)<br \/>\n53. Bezi\u0107 \u017divan: RAZVOJNI PUT MLADIH ( 2002)<br \/>\n54. Bezi\u0107 \u017divan: ZA\u0160TO I KAKO ODGAJATI? ( 1996)<br \/>\n55. Bertrand P.: UPOZNAJMO BIBLIJU ( 1995)<br \/>\n56. Benigar Aleksa: U DOMOVINI ISUSA KRISTA ( 2005)<br \/>\n57. Bla\u017eevi\u0107 Ivo: PU\u010cKA DOGMATIKA ( 1937)<br \/>\n58. Bla\u017eevi\u0107 Ivo: OBRANA VJERE ( 1929)<br \/>\n59. Bla\u017eevi\u0107 ivo: OBRANA VJERE ( 1929)<br \/>\n60. Bi\u0161kup Marijan: BLA\u017dENI AUGUSTIN KA\u017dOTI\u0106 ( 2002)<br \/>\n61. Bi\u0161kup Marijan: BLA\u017dENI AUGUSTIN KA\u017dOTI\u0106 ( 2002)<br \/>\n62. Bischofberger Otto: NOVI RELIGIOZNI POKRETI ( 2002)<br \/>\n63. Bini\u010dki Fran: POMO\u0106NICA KR\u0160\u0106ANA ( 1940)<br \/>\n64. Billings Evelyn: BILLINGSOVA METODA ( 2000)<br \/>\n65. Boel Heinrich: KRUH RANIH GODINA ( 1972)<br \/>\n66. Bozani\u0107 Josip: DRU\u0160TVO PO MJERI O\u010cENA\u0160A ( 1999)<br \/>\n67. Bozani\u0107 Josip: NAJSVJETLIJI LIK CRKVE BO\u017dJE U HRVATA ( 1998)<br \/>\n68. Bo\u0161njak Sre\u010dko: ZBIRKA PROPOVIJEDI O SVECIMA ( 1996)<br \/>\n69. Bo\u0161njak Sre\u0107ko: ZBIRKA PROPOVIJEDI O SVECIMA ( 1996)<br \/>\n70. Bossis Gabriele: ON I JA ( 2000)<br \/>\n71. Brzi\u0107 \u017darko: NADE I OHRABRENJA: (1978)<br \/>\n72. Brzi\u0107 \u017darko: NEZASTARJELA MUDROST ( 2006)<br \/>\n73. Brummet Jakob: BOG U \u017dIVOTU DJETETA ( 1961)<br \/>\n74. Brixy Bernardo: PRIRO\u010cNIK ZA PLANINCE ( 1951)<br \/>\n75. Bosmans Phil: BLAGOTVORNA RIJE\u010c ZA SVAKI DAN ( 2003)<br \/>\n76. Boscarto Carlo: ANTUN IZ PADOVE ( 1985)<br \/>\n77. Boscarto Carlo: ANTUN IZ PADOVE (1985)<br \/>\n78. Boscarto Carlo: ANTUN IZ PADOVE ( 1985)<br \/>\n79. Bonacci Ivo: TEBI MARIJO ( 1920)<br \/>\n80. Bonetto Giovani: UMRIJETI U \u0160ESNAESTOJ GODINI ( 1979)<br \/>\n81. Bogdanovi\u0107 Neven: \u010cOVJEKOVE NEDOKU\u010cIVOSTI ( 2000)<br \/>\n82. Bla\u017ei\u0107 Marijan: EVOLUCIJA I POSTANAK \u010cOVJEKA ( 1939)<br \/>\n83. Brezin\u0161\u010dak Bo\u017eidar: NADGROBNA SVJETLOST (2006)<br \/>\n84. Brey Henriette: JOSIP SIN DAVIDOV ( 2006)<br \/>\n85. Brecelj Anton: \u010cUDA IN TAJNE \u017dIVLJENJA ( 1926)<br \/>\n86. Brantzen Hubertus: UDOMITI LJUBAV ( 2002)<br \/>\n87. Braga Carlo: OBREDI SVETE MISE ( 1967)<br \/>\n88. Braj\u010di\u0107 Rudolf: BOG ( 1966)<br \/>\n89. Bosco Teresio: SNOVI JEDNOG DJE\u010cAKA (1985)<br \/>\n90. Byrd R.E. : SAM (1952)<br \/>\n91. Biehler Klare: TRENUCI SABRANOSTI ( 2006)<br \/>\n92. Buljan Ivica: KAROL WOYTILA (2003)<br \/>\n93. Bulat Pero: OBITELJ ME\u0110U KAMERAMA ( 1973)<br \/>\n94. Bulat Pero: PO EUHARISTIJI SE VJE\u010cNO \u017dIVI ( 1981)<br \/>\n95. Brzi\u0107 \u017darko: NASMIJANO LICE ( 2003)<\/p>\n<h2>C<\/h2>\n<p>96. Ciampi Alfred: BLA\u017dENI AUGUSTIN KA\u017dOTI\u0106 ( 1959)<br \/>\n97. Carev Franjo: GOVORIM VAMA, GOVORIM SVIMA (1978)<br \/>\n98. Carell Alexis: PUT U LURD (2006)<br \/>\n99. Carretto Carlo: OBITELJ, MALA CRKVA (2005)<br \/>\n100. Canjkar Stanko: TRIDESET LET ( 1970)<br \/>\n101. Canjko Valentin: SVIBANJSKE PROPOVIJEDI (1908)<br \/>\n102. Caldelari Henri: IZ TVOJE VJERE IZVIRE \u017dIVOT ( 1996)<br \/>\n103. Caldelari Henri: OPRO\u0160TENJE, IZVOR VJERE ( 2002)<br \/>\n104. Calvino Italo: AKO JEDNE ZIMSKE NO\u0106I NEKI PUTNIK (2004)<br \/>\n105. Conrad Jeseph: SRCE TAME ( 2004)<br \/>\n106. Cole Martina: MAURINA IGRA ( 2004)<br \/>\n107. Court Franz: SAKRAMENTI (1997)<br \/>\n108. Clark Higins Mary: CIJELU DUGU NO\u0106 ( 2000)<br \/>\n109. Camus Albert: STRANAC ( 1976)<br \/>\n110. Coles Peter: HAWKING I UM BOGA ( 2001)<br \/>\n111. Christie Agatha: KARIPSKA MISTERIJA ( 2002)<br \/>\n112. Capote Truman: HLADNOKRVNO UBOJSTVO ( 2004)<br \/>\n113. Cantalamessa Raniero: RIJE\u010c I \u017dIVOT ( 1983)<br \/>\n114. Cantalamessa Raniero: RIJE\u010c I \u017dIVOT ( 1983)<br \/>\n115. Cebulski Ivan: RIJE\u010c JE GOSPODNJA (2003)<br \/>\n116. Cebulski Ivan: RIJE\u010c JE GOSPODNJA ( 2004)<br \/>\n117. Cindori Lovro: \u017dIVOTNI TRAG JEDNE GENERACIJE (2004)<br \/>\n118. Courth Franz: KR\u0160\u0106ANSKA ANTROPOLOGIJA ( 1998)<br \/>\n119. Courth Franz. SAKRAMMENTI ( 1997)<br \/>\n120. Cipri\u0161 Vito: JESENSKE STAZE ( 1986)<br \/>\n121. Cavazza Philippo: SVETI RIKARD PAMPURI ( 2003)<br \/>\n122, Chris: ZA\u0160TO SE ISPLATI \u017dIVJETI? ( 1995)<br \/>\n123. Catalany M.: TAJNE GRADA PALAHORA ( 1923)<br \/>\n124. Castro Francisco: POVIJEST \u017dIVOTA IVANA OD BOGA ( 2005)<br \/>\n125. Cvekan Pa\u0161kal: FRANJEVCI U KARLOVCU ( 1979)<br \/>\n126. Cuvaj Antun: GRA\u0110A ZA POVIJEST \u0160KOLSTVA ( 1910)<br \/>\n127. Crnica Ante: KANONSKO PRAVO KATOLI\u010cKE CRKVE ( 1937)<br \/>\n128. Crnica Ante. BLA\u017dENI NIKOLA TAVELI\u0106 ( 1944)<br \/>\n130. Chio Alberto: KARDINAL \u0160EPER( 2005)<\/p>\n<h2>\u010c<\/h2>\n<p>131. \u010cagalj Marijan: PRED MARIJOM ( 1971)<br \/>\n132. \u010cerni Andreas: KARTUZIJANCI ( 1969)<br \/>\n133. \u010cekada \u010cedomir: DR IVAN MERZ (1966)<br \/>\n134. \u010cekada \u010cedomir: DR IVAN MERZ (1966)<br \/>\n135. \u010cekada \u010cedomir: DR IVAN MERZ ( 1966)<br \/>\n136. \u010cekada \u010cedomir: GOSPODIN GOVORI ( 1972)<br \/>\n137. \u010cekada \u010cedomir: GOSPODIN GOVORI ( \u00b81969)<br \/>\n138. \u010cekada \u010cedomir: GOSPODIN GOVORI ( 1974)<br \/>\n139. \u010cekada \u010cedomir: ZA CRKVU, ZA DOMOVINU ( 1975)<br \/>\n140. \u010cekada \u010cedomir: P\u0160ENICA I KUKOLJ ( 1979)<br \/>\n141. \u010cekada \u010cedomir: PROIGRANE \u0160ANSE ( 1971)<br \/>\n142. \u010cuturi\u0107 Dragutin: RASTRGANI \u017dIVOT 8 1981)<br \/>\n143. \u010cun\u010di\u0107 Marica: VJEROM DO ZDRAVLJA (2000)<br \/>\n144. \u010ceovi\u0107 Ivo:LOV U PITANJIMA I ODGOVORIMA ( 1952)<br \/>\n145. \u010ceovi\u0107 Ivo: URE\u0110ENJE LOVI\u0160TA ( 1950)<br \/>\n146. \u010ceovi\u0107 Ivo: FAZANI (1953)<br \/>\n147. \u010cvrljak Kre\u0161imir: FILOZOFIJA U ENCIKLOPEDIZMU PAVLA SKALI\u0106A (2004)<br \/>\n148. \u010cvrljak Kre\u0161imir: ZLATO I SREBRO HRVATSKOG RENESANSNOG HUMANIZMA (2010)<\/p>\n<h2>\u0106<\/h2>\n<p>149. \u0106uk Bo\u017eidar: S KRI\u017dEM KROZ PAKAO (2005)<\/p>\n<h2>D<\/h2>\n<p>150. Dizdar Mak: KAMENI SPAVA\u010c ( 1984)<br \/>\n151. Dostojevski Fjodor Mihajlovi\u0107: IDIOT ( 2008)<br \/>\n152. Duda Bonaventura: SIJA\u010c JE SIN \u010cOVJE\u010cJI (1996)<br \/>\n153. Duda Bonaventura: SJEME JE BO\u017dJA RIJE\u010c (1993)<br \/>\n154. Duda Bonaventura: U PLEMENITU SRCU ( 2000)<br \/>\n155. Duda Bonaventura: JA BOGU POVJERIH SVOJ \u0160TAP (1998)<br \/>\n156. Dugand\u017ei\u0107 Ivan: U RADOSTI NAVIJE\u0160TENE RIJE\u010cI ( 2006)<br \/>\n157. Dugand\u017ei\u0107 Ivan: NOVA PRAVEDNOST ( 1991)<br \/>\n158. Davies Meryl Wyn: DARWIN I FUNDAMENTALIZAM (2001)<br \/>\n159. Dani\u010di\u0107 \u0110uro: BIBLIJA ( 1925)<br \/>\n160. Denzinger Heiruch: ZBIRKA SA\u017dETAKA VJEROVANJA&#8230; (2002)<br \/>\n161. Dangoisse Michel: SVJEDO\u010cANSTVA O POMIRENJU S BOGOM ( 2004)<br \/>\n162. Devetak Vojko: JA I SVAGDANJA STVARNOST (1995)<br \/>\n163. Devetak Vojko: NEDJELJNO EUHARISTIJSKO SLAVLJE ( 1974)<br \/>\n164. Descallo Jose: ISPOVIJEST MLADOG SVE\u0106ENIKA (1961)<br \/>\n165. De\u017eeli\u0107 Velimir: TROJA VRATA NEBESKA ( 1943)<br \/>\n166. De\u017eeli\u0107 Velimir: KARDINAL HAULIK ( 1927)<br \/>\n167. De\u017eeli\u0107 Velimir: ISUSOVCI U HRVATSKOJ (1927)<br \/>\n168. De\u017eeli\u0107 Velimir: TISU\u0106U METARA NAD MOREM ( 1944)<br \/>\n169. Didovi\u0107 Frano: \u017dITIJA SV. \u0106IRILA I METODA ( 1963)<br \/>\n170. Didovi\u0107 Frano: \u017dITIJA SV. \u0106IRILA I METODA ( 1963)<br \/>\n171. Dini\u0107 Bo\u017eidar; FRANCUSKA \u0106ITANKA (1934)<br \/>\n172. Dini\u0107 Radivoj: RE\u010cNIK STRANIH RE\u010cI (1063)<br \/>\n173. Dor\u010di\u0107 Milan: NJEGA VO\u0106AKA ( 1948)<br \/>\n174. Drexle Renate: ODAKLE, KAMO, ZA\u0160TO? ( 2001)<br \/>\n175. Drinkovi\u0107 Katica: PARLIAMO ITALIANO&#8230;.( 1998)<br \/>\n176. Ducheim Andre: VJEROVATI I LJUBITI (1984)<br \/>\n177. Ducheim Andre: VJEROVATI I LJUBITI ( 1984)<br \/>\n178. Dutil M.: TVOJA MISA I TVOJ \u017dIVOT ( 1943)<br \/>\n179. Dyckhoff Peter: SMIRUJU\u0106A MOLITVA ( 2003)<\/p>\n<h2>\u0110<\/h2>\n<p>180. \u0110urak Gabrijel: MARIJO MAJKO NA\u0160EG TRSATA<\/p>\n<h2>D\u017d<\/h2>\n<p>181. D\u017eubran Halid: MISLI I MEDITACIJE ( 2003)<\/p>\n<h2>E<\/h2>\n<p>182. Ecco Umberto: IME RU\u017dE ( 2004)<br \/>\n183. Evan Ian: TRAJNA LJUBAV (2004)<br \/>\n184. Ehmann Hermann: SNAGA NUTRINE ( 2005)<br \/>\n185. Ehret Arnold: POSTOM DO ZDRAVLJA (2006)<br \/>\n186. Ehret Arnold: LJEKOVITA HRANA BEZ SLUZAVOSTI (2006)<br \/>\n187. Eltz Monika: BO\u017dI\u0106NE PRI\u010cE ( 1993)<br \/>\n188. Emonnet Gabriel: KRISTOVA MUKA I NA\u0160E TRPLJENJE ( 2004)<br \/>\n189. Engel Eugene; ZA\u0160TO BA\u0160 JA? ( 2003)<br \/>\n190. Engel Eugene: MARIJA NA PUTU NA\u0160EG \u017dIVOTA (2005)<br \/>\n191. Eisebach Franziskus: zA\u0160TO SVAKE NEDJELJE I\u0106O NA MISA? (1980)<br \/>\n192. Escriva Josemaria: SUSRET S KRISTOM ( 1987)<\/p>\n<h2>F<\/h2>\n<p>193. Fu\u010dek Ivan: BRA\u010cNA LJUBAV (1974)<br \/>\n194. Fu\u010dek Ivan: MLADIMA ODGOVARAM (1977)<br \/>\n195. Frankl Viktor: PATNJA ZBOF BESMISLENOG \u017dIVOTA ( 1998)<br \/>\n196. Fauvelle Andre: ZNAM KOME SAM POVJEROVAO (1983)<br \/>\n197. Fauvelle Andre: \u017dIVJERI USPJE\u0160NIJE I SRETNIJE (2006)<br \/>\n198. Filipovi\u0107 Jeronim: PROPOVIEDI O NAUKU KR\u0160\u0106ANSKOM ( 1891)<br \/>\n199. Filipovi\u0107 Jeronim: PROPOVIEDI O NAUKU KR\u0160\u0106ANSKOM (1893)<br \/>\n200. Filip\u010di\u0107 Ivan. \u017dUPA PREGRADA (1983)<br \/>\n201. Filip\u010di\u0107 Ivan: \u017dUPA PREGRADA (1983)<br \/>\n202. Filip\u010di\u0107 Ivan: \u017dUPA PREGRADA (1983)<br \/>\n203. Frkin Vatroslav: BITNE OZNAKE BRA\u010cNE LJUBAVI ( 2006)<br \/>\n204. Frkin Vatroslav: HODANJE DJEVOJKE I MLADI\u0106A ( 2002)<br \/>\n205. Fischle Hildegund: NJE\u017dNO\u0160\u0106U DO SRE\u0106E ( 2000)<br \/>\n206. Fukuyama Francis: KRAJ \u010cOVJEKA (2003)<br \/>\n207. Filipec Kre\u0161imir: PO SVETI\u0160TU MBG U LOBORU (2008)<br \/>\n208. Ludlum Robert: OSTERMANOV VIKEND (2004)<\/p>\n<h2>G<\/h2>\n<p>209. Galli Mario: \u017dIVLJENA BUDU\u0106NOST SV. FRANJE ( 1974)<br \/>\n210. Golub Ivan: \u010cE\u017dNJA ZA LICEM ( 1981)<br \/>\n211. Galot Jean: MOLITVE NADE ( 1995)<br \/>\n212. Galot Jean: MOLITVE DUHU SVETOM ( 2007)<br \/>\n213. Galot Jean: UPOZNAJMO I SLAVIMO OCA ( 1999)<br \/>\n214. Galot Jean: MARIOLOGIJA (2991)<br \/>\n215. Galot Jean: KRISTOLOGIJA (2000)<br \/>\n216. Gatterer Mihael: U SVJETLU VJERE (1937)<br \/>\n217. Gene Antonio: SIDA (1994)<br \/>\n218. Giordani Igino: VICENCO FOLONARI ( 1965)<br \/>\n219. Girardin Jean: TRIDESET DANA S DU\u0160AMA U \u010cISTILI\u0160TU (2003)<br \/>\n220. Giusepe R. Maria: \u017dIVOTOPIS SVETOG NIKOLE PUTNIKA (2000)<br \/>\n221. Gjani\u0107 Stjepan: PRIRU\u010cNIK ZA VR\u0160ENJE SLU\u017dBE (1919)<br \/>\n222. Glogovi\u0107 Marko: DODIR MILOSRDNE LJUBAVI (2005)<br \/>\n223. Gori\u010deva Tatjana: PUT BOGU SPASITELJU (2004)<br \/>\n224. Gori\u010deva Tatjana: JOBOVE K\u0106ERI ( 1995)<br \/>\n225. Gortan Stjepan: LATINSKA GRAMATIKA (1954)<br \/>\n226. Gaurmont Robert: \u0160TO JE SVETA MISA (2000)<br \/>\n227. Gruber A.: \u017dIVOT JE \u017dIVA RIJE\u010c BO\u017dJA (1991)<br \/>\n228. Gudek Drago: APOKALIPSA (1945)<br \/>\n229. Gudelj Stjepan: UZGOJ LOVA\u010cKIH PASA (1953)<br \/>\n230. Gugi\u0107 Ivo: MARIJANSKO KLASJE (1959)<br \/>\n231. Gugi\u0107 Ivo: MILJENICI VJE\u010cNOG KRALJA ( 1968)<br \/>\n232. Gugi\u0107 Ivo: ZLATNO KLASJE ( 1961)<br \/>\n233. Guitton Jean: ISUS (1977)<br \/>\n234. Gusi\u0107 Juraj: DJEVOJKA I LJUBAV (!980)<br \/>\n235. Gusi\u0107 Juraj: MLADI\u0106 I LJUBAV (1980)<br \/>\n236. Gusi\u0107 Juraj: MLADI\u0106 I LJUBAV (1980)<br \/>\n237. Gusi\u0107 Juraj: MLADI\u0106 I LJUBAV (1980)<br \/>\n238. Gusi\u0107 Juraj: MAJKA ODBA\u010cENIH (1976)<br \/>\n239. Gusi\u0107 Juraj: S ISUSOM NA GOLGOTU ( 1972)<br \/>\n240. Guillet Arnold: MOLITVE ZA POKOJNIKE (2000)<br \/>\n241. Gutzwiller Robert: MEDITACIJE O MATEJEVOM EVAN\u0110ELJU (1963)<br \/>\n242. Gutzwiller Robert: MEDITACIJE O MATEJEVOM EVA\u0110ELJU (1963)<br \/>\n243. Gwerder Edvin: RO\u0110ENDANI I IMENDANI (2007)<br \/>\n244. Gudek Dominik: KATEKEZE (1931)<br \/>\n245. Gide Andre: KRIVOTVORITELJI NOVCA ( 2004)<br \/>\n246. Gide Andre: USKA VRATA (1974)<br \/>\n247. Guareschi Giovannino: DRUG DON CAMILLO (2003)<br \/>\n248. Gutierrez Gustavo: TEOLOGIJA OSLOBO\u0110ENJA (1989)<br \/>\n249. Guardini Romano: UVOD U MOLITVU (1993)<\/p>\n<h2>H<\/h2>\n<p>248. Haan Martin: MOLITI S POUZDANJEM (2001)<br \/>\n249. Haggard Henry: DJEVOJKA S BISERIMA (1977)<br \/>\n250. Halovani\u0107 Dubravko: KRONOLOGIJA \u017dUPE \u0160VAR\u010cA (2005)<br \/>\n251. Hammer Franjo: NOVA MANRESA (1928)<br \/>\n252. Harapin Teofil: DU\u0160OBRI\u017dNIK (1915)<br \/>\n253. Haring Fridrich: U POTRAZI ZA BLI\u017dNJIM (1994)<br \/>\n254. Haering Bernhard: MOJE ISKUSTVO S CRKVOM (2002)<br \/>\n255. Haering Bernhard: VIDIO SAM TVOJE SUZE (2000)<br \/>\n256. Heffker Ferdo: RUKOVO\u0110 ZA BIBLIJSKE CRTICE ( 1905)<br \/>\n257. Hefdler Ferdo: RUKOVO\u0110 ZA KATEHISTE (1913)<br \/>\n258. Heffler Ferdo: KR\u0160\u0106ANSKI NAUK (1937)<br \/>\n259. Heffler Ferdo: KR\u0160\u0106ANSKI NAUK ( 1929)<br \/>\n260. Hffler Ferdo: METODIKA ZA VJERONAUK (1903)<br \/>\n261. Hffler Ferdo: LITURGIJSKA \u010cITANKA (1916)<br \/>\n262. Hfler Ferdo: LITURGIJSKA \u010cITANKA (1916)<br \/>\n261. Hemingway Ernest: STARAC I MORE (2004)<br \/>\n262. Huntington Samuel: SUKOB CIVILIZACIJA<br \/>\n263. Hawking Stephen: KRATKA POVIJEST VREMENA (1996)<br \/>\n264. Hawking Stephen: BUDU\u0106NOST SVEMIRA (1996)<br \/>\n265. Hoag Tami: TIHA VODA (2002)<br \/>\n268. Horocks Christopher: MARSHALL McLUHAN (2001)<br \/>\n269. Hider Nik: RADIKALNE PERSPEKTIVE U PSIHOLOGIJI ( 1976)<br \/>\n270. Heyneck Dave: ATLANTIDA (2001)<br \/>\n271. Herwegwn Ildefons: SVETI BENEDIKT (1969)<br \/>\n272. Henrici Peter: OTKRI\u0106E ISUSA (1998)<br \/>\n273. Hensel Jochim: O SMISLU TRPLJENJA (2000)<br \/>\n274. Heki\u0107 Danijel: MOJA KRUNICA (1996)<br \/>\n275. Hoth Iva: ISUSOVO RO\u0110ENJE (1981)<br \/>\n276. Hoth Iva: ISUSOVO RO\u0110ENJE (1981)<br \/>\n277. Hlada\u010dek Vinko: PROPOVJEDNIK (1878)<br \/>\n278. Hochstraser Urs: ZDRAVA HRANA (2006)<br \/>\n279. Hochstraser Urs: ZDRAVA DJE\u010cJA PREHRANA ( 2006)<br \/>\n280. Horvat Klaro: DU\u0160OBRI\u017dNIK (1919)<br \/>\n281. Horvat Rudolf: PRVOSTOLNA CRKVA U ZAGREBU (1941)<br \/>\n282. Hra\u0161\u010danec Rudolf: JERUZALEMSKA MAJKA BO\u017dJA (1943)<br \/>\n283. Hren Dragutin; FATIMSKA GOSPA ( 1944)<br \/>\n284. Hren Dragutin: ZAPALJENI JEZIK ( 1944)<br \/>\n285. Hienermann Wilhelm: ZVONA U SRCU (2001)<br \/>\n286. Hienermann Wilhelm: APOSTOL BE\u010cA &#8211; BL. MARIJA HOFBAUER (2000)<br \/>\n287. Hienermann Wilhelm: REDOVNIK ME\u0110U VUKOVIMA (1982)<br \/>\n288. Hienermann Wilhelm: REDOVNIK ME\u0110U VUKOVIMA (1982)<br \/>\n289. Hienermann Wilhelm: REDOVNIK ME\u0110U VUKOVIMA \/1982)<br \/>\n290. Hienermann Wilhelm: PROSJAK IZ GRANADE &#8211; SV. IVAN OD BOGA(2001)<br \/>\n291. Hienermann Wilhelm: PROSJAK IZ GRANADE&#8230;.(2001)<br \/>\n292. Hienermann Wilhelm: REDOVNIK ME\u0110U VUKOVIMA (1982)<\/p>\n<h2>I<\/h2>\n<p>293. Innes Brian: PRIJEVARE I KRIVOTVORINE (2007)<br \/>\n294. Illies Joachim: NA PUTU ODRASTANJA ( 1994)<br \/>\n295. Ivan\u010di\u0107 Tomislav: POVRATAK NADE (2008)<br \/>\n296. Ivan\u010di\u0107 Tomislav: PUTOVI PUNI NADE (200()<br \/>\n297. Ivan\u010di\u0107 Tomislav. SUSRET SA \u017dIVIM BOGOM (2008)<br \/>\n298. Ivekovi\u0107 Franjo: \u017dIVOT SVETACA (1886)<br \/>\n299. Ivonides Yves: SVETAC BIJELIH LJILJANA (2007)<br \/>\n300. Ivonides Yves: FATIMA: DA ILI NE? ( 2005<\/p>\n<h2>J<\/h2>\n<p>301. Jacquinot Claude: TRGOVCI NERO\u0110ENOM DJECOM (1994)<br \/>\n302. Jaki\u0107 Vladimir: KAMENSKO (2004)<br \/>\n303. Jakovljevi\u0107 Ilija: STUDIJE I FELJTONI (1919)<br \/>\n304. Jaeger Ivan: TVOJ AN\u0110EO ( 1980)<br \/>\n305. Jampolsky Gerard: UMIJE\u0106E OPRA\u0160TANJA (2004)<br \/>\n306. Jegli\u010d Milko: NARA\u0160TAJSKA TJELOVJE\u017dBA ( 1928)<br \/>\n306. Jeli\u010di\u0107 Vitomil: Kanonsko \u017eenidbeno pravo (1942)<br \/>\n307. Jovi\u0107 Mato: RIJE\u010c BRA\u010cNIM KANDIDATIMA (1967)<br \/>\n308. Joergensen Johannes: HODO\u010cA\u0160\u0106E FRANJEVA\u010cKOM ITALIJOM ( 1925)<br \/>\n309. Juras Ivo: \u0160IROM SVIETA ( 1943)<br \/>\n310. Jurnet Charles: MAJKO \u017dALOSNA ( 2003)<br \/>\n311. Jurnet Charles: \u017dRTVA NA KRI\u017dU&#8230; ( 2000)<br \/>\n312. Jung Carlo Gustav: O RELIGIJI I KR\u0160\u0106ANSTVU (1996)<br \/>\n313. Jurak Ivan: VODI\u0106 U SVETI\u0160TE LUDBREG ( 1981)<br \/>\n314. Juri\u0161i\u0107 Mario: NADA USKRSNU\u0106A (1977)<br \/>\n315. Jurjevi\u0107 Juraj. ZIMZELENE STARINE (1995)<br \/>\n316. Jergovi\u0107 Miljenko. SARAJEVSKI MARLBORO (2004)<br \/>\n317. Jergovi\u0107 Miljenko: GLORIA IN EXCELSIS (2005)<br \/>\n318. Joyce James: ULIKS 1. DIO (2004)<br \/>\n319. Joyce james: ULIKS 2. DIO (2004)<\/p>\n<h2>K<\/h2>\n<p>320. Kalan Ivan: SVIJET ZA KRISTA (1937)<br \/>\n321. Kalan Ivan: SVIJET ZA KRISTA (1937)<br \/>\n322. Kasper Walter: BOG ISUSA KRISTA ( 2004)<br \/>\n333. Katalini\u0107 Ante: NA\u0160 VELIKI LANG ( 2004)<br \/>\n334. Kati\u0107 Franjo: HRAVATSKO LATINSKI RIJE\u010cNIK (1904)<br \/>\n335. Kaufman Karlo: SUVREMENE DJEVOJKE I LJUBAV (1982)<br \/>\n336. Kaufman karlo: SUVREMENE DJEVOJKE I LJUBAV (1982)<br \/>\n337. Kondi\u0107 Kosta: ZARAZNE BOLESTI DOMA\u0106IH \u017dIVOTINJA (1928)<br \/>\n338. Kornefeld Eugen: MALI KR\u0160\u0106ANSKI NAUK (1947)<br \/>\n339. Kornefeld Eugeb: MALI KR\u0160\u0106ANSKI NAUK ( 1947)<br \/>\n340. Kolarek Nikola: METODI\u010cKI PRISTUP KR\u0160\u0106. NAUKU (1962)<br \/>\n341. Koudelka Florijan: BOLESTI DOMA\u0106IH \u017dIVOTINJA (1941)<br \/>\n342. Kova\u010di\u0107 Bonita: SUPUTNICA (2004)<br \/>\n343. Kova\u010di\u0107 Bonita: U SJENI MASLINA (1997)<br \/>\n344. Kowalska M. Faustina: MILOSRDNI ISUSE&#8230;.(2006)<br \/>\n345. Ko\u017eul Stjepan: KALNI\u010cKI ARHI\u0110AKONAT (2006)<br \/>\n346. Ko\u017eul Stjepan: STRADANJA ZGB NADBISKUPIJE ZA DRUGOG SVJETSKOG RATA (2004)<br \/>\n347. Krle\u017ea Miroslav: POVRATAK FILIPA LATINOVICZA (2006)<br \/>\n348. Kolari\u0107 juraj: KR\u0160\u0106ANI NA DRUGI NA\u010cIN (1976)<br \/>\n349. Kniewald Dragutin: PASTIRSKO BOGOSLOVLJE (1930)<br \/>\n350. Kniewald Dragutin: SVE\u0106ENI\u010cKA SLU\u017dBA (1938)<br \/>\n351. Kniewald Dragutin: PASTIRSKO BOGOSLOVLJE (1943)<br \/>\n352. Kniewald Dragutin: SVE\u0106ENI\u010cKA SLU\u017dBA (1938)<br \/>\n353. Kniewald Dragutin: LITURGIKA (1937)<br \/>\n354. Kraljevi\u0107 Petar: POSLOVNIK KRI\u017dARSKE ORGANIZACIJE (1999.)<br \/>\n355. Kraljevi\u0107 Vinko: TEBI MAJKO ZBORIMO (1969)<br \/>\n356. Kurt Kren: RIJE\u010cI NA PUTU (2001.)<br \/>\n357. Ferdinand Krenzer: NA\u0160A VJERA (1983)<br \/>\n358. Josip Kribl: BO\u017dJA PORUKA \u010cOVJEKU (1972)<br \/>\n359. Josip Kribl: RELIGIJA I ISKUSTVO (1978.)<br \/>\n360. Jorgen Kriss: JER JA \u017dELIM \u017dIVJETI (1995.)<br \/>\n361. Kruhek Milan: \u017dUPA SV. FRANJE NA \u0160VAR\u010cI ( 2004)<br \/>\n362. Kruhek Milan: \u017dUPA SV. FRANJE NA \u0160VAR\u010cI (2004)<br \/>\n363. Kr\u017ei\u0107 Anton: DUHOVNI PASTIR (1894)<br \/>\n364. Kr\u017ei\u0107 Anton: DUHOVNI PASTIR (1894)<br \/>\n365. Ku\u010dera Oton: T.B.\u017d. (1923.)<br \/>\n366. Ku\u010dera Oton: MAGNETIZAM I ELEKTRICITET (1897.)<br \/>\n367. Kuhari\u0107 Franjo: ISTINA \u0106E VAS OSLOBODITI (1973.)<br \/>\n368. Kuharu\u0107 Franjo: KAKO JE LIJEPO BITI \u010cISTI NARA\u0160TAJ (1985)<br \/>\n369. Kuhari\u0107 Franjo: KAKO JE LIJEPO BITI \u010cISTI NARA\u0160TAJ (1985)<br \/>\n370. Kuhari\u0107 Franjo: Kako je lijepo biti \u010disti nara\u0161taj (1985.)<br \/>\n371. Kuhari\u0107 Franjo: iVAN MERZ &#8211; \u010cUDO BO\u017dJE LJUBAVI (2002)<br \/>\n372. Kuhari\u0107 Franjo: JU\u017dNA AFRIKA (2003.)<br \/>\n373. Kuhari\u0107 Franjo: JU\u017dNA AMERIKA (2004.)<br \/>\n374. Kuhari\u0107 Franjo: SJEVERNA AMERIKA (2005.)<br \/>\n375. Kuhari\u0107 Franjo: AUSTRALIJA, NOVI ZELAND (2003.)<br \/>\n376. Kujund\u017ei\u0107 Ivan: VRATIMO SE GOSPODU ( 1946.)<br \/>\n377. Kukolja Stjepan: MOJE ISKUSTVO S PRIRODNIM LIJE\u010cENJEM (1998.)<br \/>\n378. Kulun\u010di\u0107 Matija: \u017divot i nauka isusa Krista ( 1927,)<br \/>\n379. Kulun\u010di\u0107 Matija: \u017dIVOT I NAUKA ISUSA KRISTA (1927.)<br \/>\n380. Kulun\u010di\u0107 Matija: \u017dIVOT I NAUKA ISUSA KRISTA (1927.)<br \/>\n381. Kulun\u010di\u0107 Matija: \u017dIVOT I NAUKA ISUSA KRISTA ( 1927.)<br \/>\n382. Kuni\u010di\u0107 Josip: KATOLI\u010cKA DRU\u0160TVENA NAUKA (1971,)<br \/>\n383. Kusi\u0107 Ante: ODGOJ ZA VJE\u010cNOST (2000.)<br \/>\n384. Kusi\u0107 Ante: O PARAPSIHOLOGIJI I SMRTI ( 2002.)<br \/>\n385. Kusi\u0107 Ante: ODGOJ ZA \u010cOVJE\u010cNOST ( 1998.)<br \/>\n386. Kusi\u0107 Ante: KRIST PO\u010cELO I SVRHA SVEGA ( 1997)<br \/>\n387. Kusti\u0107 \u017divko: TOMICA I NJEGOVA PISMA ( 1972.)<br \/>\n388. Kusti\u0107 \u017divko: MALI KLJU\u010c BIBLIJE ( 1980.)<br \/>\n389. Kuuisinen Aino: BOG RU\u0160I AN\u0110ELE ( 1972.)<br \/>\n390. Kuebler Elisabeth: Razgovori s umiru\u0107ima ( 1976)<br \/>\n391. Kuebler Elisabeth: RAZGOVORI S UMIRU\u0106IMA ( 1980.)<br \/>\n392. Kafka Franz: PROCES I PREOBRAZBA (2008.)<br \/>\n393. Krle\u017ea Miroslav: GLEBMAJEVI (2008.)<br \/>\n394. Kellerman Jonathan: \u010cUDOVI\u0160TE (2004.)<br \/>\n395. Kellerman Jonathan: PREKO RUBA (2005.)<br \/>\n396. Klein Naomi: DOKTRINA \u0160OKA (2008.)<br \/>\n397. Kinkel Tanja: LUTKARI (1998.)<br \/>\n398. Kertesz Imre: \u010cOVJEK BEZ SUDBINE (2003.)<br \/>\n399. Kalajd\u017ei\u0107 Dragan: JESMO LI SAMI NA PUTU? ( 1997.)<br \/>\n400. Kraetzl Helmut: VJERUJETE LI VI U BOGA, GOSPODINE BISKUPE? (2011.)<\/p>\n","protected":false},"excerpt":{"rendered":"<p>A 1. Aranguren Miguel: NEPRIJATELJ (2010) 2. Aurelije Augustin: ISPOVIJESTI (2007 ) 3. Aurelije Augustin: ISPOVIJESTI (1894) 4. Andri\u0107 Ivo: NA DRINI \u0106UPRIJA (2004) 5. Andri\u0107 Ivo: TRAVNI\u010cKA KRONIKA (2008) 6. Andri\u0107 Ivo. PROKLETA AVLIJA (2008) 7. Austen Jane: EMMA (2008) 8. Arl Julius: IVANA ORLEANSKA ( 2006) 9. Abeln Reinhard: NA\u0110IMO VREMENA&#8230; ( 2003) &hellip; <\/p>\n<p class=\"link-more\"><a href=\"https:\/\/zupa-svik-recica.hr\/index.php\/popis-knjiga-a-k\/\" class=\"more-link\">Nastavi \u010ditati<span class=\"screen-reader-text\"> &#8220;Popis knjiga A \u2013 K&#8221;<\/span><\/a><\/p>\n","protected":false},"author":2,"featured_media":0,"parent":0,"menu_order":0,"comment_status":"closed","ping_status":"closed","template":"","meta":{"_mi_skip_tracking":false},"_links":{"self":[{"href":"https:\/\/zupa-svik-recica.hr\/index.php\/wp-json\/wp\/v2\/pages\/241"}],"collection":[{"href":"https:\/\/zupa-svik-recica.hr\/index.php\/wp-json\/wp\/v2\/pages"}],"about":[{"href":"https:\/\/zupa-svik-recica.hr\/index.php\/wp-json\/wp\/v2\/types\/page"}],"author":[{"embeddable":true,"href":"https:\/\/zupa-svik-recica.hr\/index.php\/wp-json\/wp\/v2\/users\/2"}],"replies":[{"embeddable":true,"href":"https:\/\/zupa-svik-recica.hr\/index.php\/wp-json\/wp\/v2\/comments?post=241"}],"version-history":[{"count":0,"href":"https:\/\/zupa-svik-recica.hr\/index.php\/wp-json\/wp\/v2\/pages\/241\/revisions"}],"wp:attachment":[{"href":"https:\/\/zupa-svik-recica.hr\/index.php\/wp-json\/wp\/v2\/media?parent=241"}],"curies":[{"name":"wp","href":"https:\/\/api.w.org\/{rel}","templated":true}]}}