{"id":2374,"date":"2020-02-24T18:02:41","date_gmt":"2020-02-24T17:02:41","guid":{"rendered":"http:\/\/zupa-svik-recica.hr\/?page_id=2374"},"modified":"2024-08-06T15:20:41","modified_gmt":"2024-08-06T13:20:41","slug":"nedjeljne-i-blagdanske-misli","status":"publish","type":"page","link":"https:\/\/zupa-svik-recica.hr\/index.php\/nedjeljne-i-blagdanske-misli\/","title":{"rendered":"Nedjeljne i blagdanske misli"},"content":{"rendered":"<p><span style=\"color: #0000ff;\"><strong>GODINA A:<br \/>\n<a style=\"color: #0000ff;\" href=\"https:\/\/pitrazmisljnja.blogspot.com\/2020\/02\/pocetak-novog-vremena.html\">Pepelnica<\/a><br \/>\n<a href=\"https:\/\/pitrazmisljnja.blogspot.com\/2023\/02\/obnova-kao-mantra-ili-stvarnost.html\"><span style=\"color: #ff0000;\">Pepelnica 2023.<\/span><\/a><br \/>\n<a href=\"https:\/\/pitrazmisljnja.blogspot.com\/2020\/02\/prva-korizmena-nedjelja.html\">Prva korizmena nedjelja<\/a><br \/>\n<a href=\"http:\/\/zupa-svik-recica.hr\/wp-content\/uploads\/2020\/03\/DRUGA-KORIZMENA-NEDJELJ1.docx\">DRUGA KORIZMENA NEDJELJ1<\/a><br \/>\n<a href=\"https:\/\/pitrazmisljnja.blogspot.com\/2020\/03\/treca-korizmena-nedjelja.html\">TRE\u0106A KORIZMENA NEDJELJA<\/a><br \/>\n<a href=\"https:\/\/www.blogger.com\/blog\/post\/edit\/9170290093186978556\/2538468365014629630?hl=hr\">Rije\u010d Bo\u017eja, temelj na\u0161e vjere<\/a><br \/>\n<a href=\"https:\/\/pitrazmisljnja.blogspot.com\/2020\/03\/zivjeti-da-bi-se-propovijedalo1.html\">PETA KORIZMENA NEDJELJA<\/a><br \/>\n<a href=\"https:\/\/pitrazmisljnja.blogspot.com\/2020\/04\/cvjetna-strana-galileje.html\">Cvjetna strana Galileje<\/a><br \/>\n<a href=\"https:\/\/pitrazmisljnja.blogspot.com\/2020\/04\/propitkivanje-i-otkrivanje.html\">Propitkivanje i otkrivanje<\/a><br \/>\n<a href=\"https:\/\/pitrazmisljnja.blogspot.com\/2020\/04\/u-cemu-je-kvaka.html\">U \u010demu je kvaka?<\/a><br \/>\n<a href=\"https:\/\/pitrazmisljnja.blogspot.com\/2020\/05\/dobri-pastir.html\">Dobri pastir<\/a><br \/>\n<a href=\"https:\/\/pitrazmisljnja.blogspot.com\/2020\/05\/neka-se-ne-uznemiruje-srce-vase.html\">Neka se ne uznemiruje srce va\u0161e<\/a><br \/>\n<a href=\"https:\/\/pitrazmisljnja.blogspot.com\/2020\/05\/obrazlozenje-nade.html\">Obrazlo\u017eenje nada<\/a><br \/>\n<a href=\"https:\/\/pitrazmisljnja.blogspot.com\/2020\/05\/ne-odustati-od-puta.html\">Ne odustati od Puta<\/a><br \/>\nGODINA B<br \/>\n<a href=\"https:\/\/pitrazmisljnja.blogspot.com\/2020\/05\/ima-li-buducnosti.html\">Ima li budu\u0107nosti?<\/a><br \/>\n<a href=\"https:\/\/pitrazmisljnja.blogspot.com\/2020\/06\/doseci-niciju-zemlju.html\">Povratak u Ni\u010diju zemlju<\/a><br \/>\n<a href=\"http:\/\/zupa-svik-recica.hr\/wp-content\/uploads\/2020\/06\/Ro\u0111enje-sv.docx\">Ro\u0111enje sv<\/a><br \/>\n<a href=\"https:\/\/pitrazmisljnja.blogspot.com\/2020\/06\/gledajuci-uciti.html\">Gledaju\u0107i u\u010diti<\/a><br \/>\n<a href=\"https:\/\/www.blogger.com\/blog\/post\/edit\/9170290093186978556\/2428932102366455085\">Nema izgubljenih<\/a><br \/>\n<a href=\"https:\/\/pitrazmisljnja.blogspot.com\/2020\/10\/dinamika-neba-i-zemlje.html\">Dinamika neba i zemlje<\/a><br \/>\n<a href=\"https:\/\/pitrazmisljnja.blogspot.com\/2020\/11\/zastani-na-trenutak-meditacije1.html\">Zastani na trenutak\/meditacija 1\/<\/a><br \/>\n<a href=\"https:\/\/www.blogger.com\/blog\/post\/edit\/9170290093186978556\/3951940874238901288\">VRIJEME KU\u0160NJE<\/a><br \/>\n<a href=\"https:\/\/www.blogger.com\/blog\/post\/edit\/9170290093186978556\/2178749833070713144\">KU\u0106A KRUHA<\/a><br \/>\n<a href=\"https:\/\/www.blogger.com\/blog\/post\/edit\/9170290093186978556\/5669914657634555545\">U\u010cITELJU GDJE STANUJE\u0160?<\/a><br \/>\n<\/strong><\/span><strong><a href=\"https:\/\/pitrazmisljnja.blogspot.com\/2021\/02\/grafiti.html\">NEMIR ISTINE<\/a><br \/>\n<a href=\"https:\/\/pitrazmisljnja.blogspot.com\/2021\/07\/poslanje.html\">POSLANJE<\/a><\/p>\n<p>&#8212;&#8212;&#8212;&#8212;&#8212;&#8212;&#8212;&#8212;&#8212;&#8212;&#8212;-<br \/>\n<a href=\"https:\/\/www.blogger.com\/blog\/post\/edit\/9170290093186978556\/2178749833070713144?hl=hr\">KU\u0106A KRUHA<\/a><br \/>\n<\/strong><\/p>\n<p>&nbsp;<\/p>\n<p>&nbsp;<\/p>\n<p>&nbsp;<\/p>\n<p>&nbsp;<\/p>\n","protected":false},"excerpt":{"rendered":"<p>GODINA A: Pepelnica Pepelnica 2023. Prva korizmena nedjelja DRUGA KORIZMENA NEDJELJ1 TRE\u0106A KORIZMENA NEDJELJA Rije\u010d Bo\u017eja, temelj na\u0161e vjere PETA KORIZMENA NEDJELJA Cvjetna strana Galileje Propitkivanje i otkrivanje U \u010demu je kvaka? Dobri pastir Neka se ne uznemiruje srce va\u0161e Obrazlo\u017eenje nada Ne odustati od Puta GODINA B Ima li budu\u0107nosti? Povratak u Ni\u010diju zemlju &hellip; <\/p>\n<p class=\"link-more\"><a href=\"https:\/\/zupa-svik-recica.hr\/index.php\/nedjeljne-i-blagdanske-misli\/\" class=\"more-link\">Nastavi \u010ditati<span class=\"screen-reader-text\"> &#8220;Nedjeljne i blagdanske misli&#8221;<\/span><\/a><\/p>\n","protected":false},"author":3,"featured_media":0,"parent":0,"menu_order":0,"comment_status":"closed","ping_status":"closed","template":"","meta":{"_mi_skip_tracking":false},"_links":{"self":[{"href":"https:\/\/zupa-svik-recica.hr\/index.php\/wp-json\/wp\/v2\/pages\/2374"}],"collection":[{"href":"https:\/\/zupa-svik-recica.hr\/index.php\/wp-json\/wp\/v2\/pages"}],"about":[{"href":"https:\/\/zupa-svik-recica.hr\/index.php\/wp-json\/wp\/v2\/types\/page"}],"author":[{"embeddable":true,"href":"https:\/\/zupa-svik-recica.hr\/index.php\/wp-json\/wp\/v2\/users\/3"}],"replies":[{"embeddable":true,"href":"https:\/\/zupa-svik-recica.hr\/index.php\/wp-json\/wp\/v2\/comments?post=2374"}],"version-history":[{"count":30,"href":"https:\/\/zupa-svik-recica.hr\/index.php\/wp-json\/wp\/v2\/pages\/2374\/revisions"}],"predecessor-version":[{"id":3817,"href":"https:\/\/zupa-svik-recica.hr\/index.php\/wp-json\/wp\/v2\/pages\/2374\/revisions\/3817"}],"wp:attachment":[{"href":"https:\/\/zupa-svik-recica.hr\/index.php\/wp-json\/wp\/v2\/media?parent=2374"}],"curies":[{"name":"wp","href":"https:\/\/api.w.org\/{rel}","templated":true}]}}