{"id":222,"date":"2017-12-14T21:35:19","date_gmt":"2017-12-14T20:35:19","guid":{"rendered":"http:\/\/192.168.1.16\/?page_id=222"},"modified":"2023-09-20T14:42:46","modified_gmt":"2023-09-20T12:42:46","slug":"ministranti","status":"publish","type":"page","link":"https:\/\/zupa-svik-recica.hr\/index.php\/ministranti\/","title":{"rendered":"Ministranti"},"content":{"rendered":"<p><span style=\"color: #0000ff;\"><strong>KATEHEZE:<\/strong><\/span><br \/>\n<a href=\"http:\/\/zupa-svik-recica.hr\/wp-content\/uploads\/2020\/09\/ZAJEDNICA.docx\">ZAJEDNICA<\/a><br \/>\n<a href=\"https:\/\/www.google.com\/search?q=liturgijsko+ruho+i+predmeti&amp;rlz=1C1EJFA_enHR732HR784&amp;oq=lITURGIJSKO+RUHO&amp;aqs=chrome.7.69i57j35i39j0l3j0i22i30l3.9905j0j15&amp;sourceid=chrome&amp;ie=UTF-8\">LITURGIJSKO RUHO I PREDMETI<\/a><br \/>\n<a href=\"http:\/\/zupa-svik-recica.hr\/wp-content\/uploads\/2020\/11\/SKUPINA-ILI-ZAJEDNICA.docx\">SKUPINA ILI ZAJEDNICA<\/a><br \/>\n<a href=\"http:\/\/zupa-svik-recica.hr\/wp-content\/uploads\/2020\/11\/Radosno-i\u0161\u010dekivanje.docx\">Radosno i\u0161\u010dekivanje<\/a><br \/>\n<a href=\"https:\/\/issuu.com\/zupna.kateheza\/docs\/crkvena_liturgijska_godina\">CRKVENA LITURGIJSKA GODINA<\/a><\/p>\n<p>Ministrant (poslu\u017eitelj kod misnog slavlja) je osoba koja poma\u017ee sve\u0107eniku za vrijeme mise i drugih liturgijskih slavlja. Obi\u010dno je odjeven u misnu albu i sudjeluje u euharistijskom slavlju tako \u0161to u procesiji nosi kri\u017e, svije\u0107e i tamjan, na oltar donosi kruh i vino, te stoji uz sve\u0107enika dok on \u010dita evan\u0111elje.<\/p>\n<p>Popis ministranata \u017eupe sv. Ivana Krstitelja:<\/p>\n<p><a href=\"http:\/\/zupa-svik-recica.hr\/wp-content\/uploads\/2023\/06\/IMG_8572.jpg\"><img loading=\"lazy\" class=\"alignleft size-medium wp-image-3635\" src=\"http:\/\/zupa-svik-recica.hr\/wp-content\/uploads\/2023\/06\/IMG_8572-300x200.jpg\" alt=\"\" width=\"300\" height=\"200\" srcset=\"https:\/\/zupa-svik-recica.hr\/wp-content\/uploads\/2023\/06\/IMG_8572-300x200.jpg 300w, https:\/\/zupa-svik-recica.hr\/wp-content\/uploads\/2023\/06\/IMG_8572.jpg 320w\" sizes=\"(max-width: 300px) 100vw, 300px\" \/><\/a><\/p>\n<ol>\n<li>Vilim Kranj\u010dec<\/li>\n<li>Lovro Ba\u017eulj<\/li>\n<li>Fran \u0160karica<\/li>\n<li>Mihael Pavlovi\u0107<\/li>\n<li>Jakov Pavlovi\u0107<\/li>\n<li>Roko Ba\u017eulj<br \/>\nMateo Pavlovi\u0107<br \/>\nLovro Pavkovi\u0107<\/li>\n<li>Luka Vratari\u0107<\/li>\n<\/ol>\n","protected":false},"excerpt":{"rendered":"<p>KATEHEZE: ZAJEDNICA LITURGIJSKO RUHO I PREDMETI SKUPINA ILI ZAJEDNICA Radosno i\u0161\u010dekivanje CRKVENA LITURGIJSKA GODINA Ministrant (poslu\u017eitelj kod misnog slavlja) je osoba koja poma\u017ee sve\u0107eniku za vrijeme mise i drugih liturgijskih slavlja. Obi\u010dno je odjeven u misnu albu i sudjeluje u euharistijskom slavlju tako \u0161to u procesiji nosi kri\u017e, svije\u0107e i tamjan, na oltar donosi kruh &hellip; <\/p>\n<p class=\"link-more\"><a href=\"https:\/\/zupa-svik-recica.hr\/index.php\/ministranti\/\" class=\"more-link\">Nastavi \u010ditati<span class=\"screen-reader-text\"> &#8220;Ministranti&#8221;<\/span><\/a><\/p>\n","protected":false},"author":2,"featured_media":0,"parent":0,"menu_order":0,"comment_status":"closed","ping_status":"closed","template":"","meta":{"_mi_skip_tracking":false},"_links":{"self":[{"href":"https:\/\/zupa-svik-recica.hr\/index.php\/wp-json\/wp\/v2\/pages\/222"}],"collection":[{"href":"https:\/\/zupa-svik-recica.hr\/index.php\/wp-json\/wp\/v2\/pages"}],"about":[{"href":"https:\/\/zupa-svik-recica.hr\/index.php\/wp-json\/wp\/v2\/types\/page"}],"author":[{"embeddable":true,"href":"https:\/\/zupa-svik-recica.hr\/index.php\/wp-json\/wp\/v2\/users\/2"}],"replies":[{"embeddable":true,"href":"https:\/\/zupa-svik-recica.hr\/index.php\/wp-json\/wp\/v2\/comments?post=222"}],"version-history":[{"count":14,"href":"https:\/\/zupa-svik-recica.hr\/index.php\/wp-json\/wp\/v2\/pages\/222\/revisions"}],"predecessor-version":[{"id":3669,"href":"https:\/\/zupa-svik-recica.hr\/index.php\/wp-json\/wp\/v2\/pages\/222\/revisions\/3669"}],"wp:attachment":[{"href":"https:\/\/zupa-svik-recica.hr\/index.php\/wp-json\/wp\/v2\/media?parent=222"}],"curies":[{"name":"wp","href":"https:\/\/api.w.org\/{rel}","templated":true}]}}