{"id":220,"date":"2017-12-14T21:27:22","date_gmt":"2017-12-14T20:27:22","guid":{"rendered":"http:\/\/192.168.1.16\/?page_id=220"},"modified":"2020-01-09T18:10:07","modified_gmt":"2020-01-09T17:10:07","slug":"zupni-zborovi","status":"publish","type":"page","link":"https:\/\/zupa-svik-recica.hr\/index.php\/zupni-zborovi\/","title":{"rendered":"\u017dupni zborovi"},"content":{"rendered":"<h2>\u017dupni zbor<\/h2>\n<p><img loading=\"lazy\" class=\"size-medium wp-image-920 alignleft\" src=\"http:\/\/zupa-svik-recica.hr\/wp-content\/uploads\/2018\/02\/\u017eupni-zbor-300x158.jpg\" alt=\"\" width=\"300\" height=\"158\" srcset=\"https:\/\/zupa-svik-recica.hr\/wp-content\/uploads\/2018\/02\/\u017eupni-zbor-300x158.jpg 300w, https:\/\/zupa-svik-recica.hr\/wp-content\/uploads\/2018\/02\/\u017eupni-zbor.jpg 650w\" sizes=\"(max-width: 300px) 100vw, 300px\" \/><\/p>\n<h2>U \u017eupi se na poseban na\u010din njeguje pu\u010dko pjevanje koje predvodi mje\u0161oviti \u017eupni zbor pod ravnanjem Franceka Vrane i Tomislava Vrane koji su ujedno i \u017eupni orgulja\u0161i.<br \/>\nOsim redovitog pjevanja pod svetom misom i posebnim slavljima zbor sudjeluje i na organiziranim susretima diljem dekanata.<br \/>\n<span style=\"color: #666666; font-size: 1.25rem;\"><br \/>\nZbor mladih Charisma<br \/>\n<\/span><\/h2>\n<p>Obnovljeni zbor mladih Charisma nastao je od mladih koji su pro\u0161li kroz dje\u010dji zbor Iskrice.Osim na misama u \u017eupnoj crkvi do sada je nastupio i na jednoj od Velikih pobo\u017enosti sv. Josipu u Nacionalnom sveti\u0161tu u Karlovcu. <img src=\"http:\/\/zupa-svik-recica.hr\/wp-content\/uploads\/2019\/03\/zbor-mladih-150x150.jpg\" \/><br \/>\nProslavi Josipa radnika u Nacionalnom sveti\u0161tu 01.05.2019.<br \/>\n<img loading=\"lazy\" class=\"alignleft size-medium wp-image-2033\" src=\"http:\/\/zupa-svik-recica.hr\/wp-content\/uploads\/2019\/05\/MLADI\u017dUPE-300x200.jpg\" alt=\"\" width=\"300\" height=\"200\" srcset=\"https:\/\/zupa-svik-recica.hr\/wp-content\/uploads\/2019\/05\/MLADI\u017dUPE-300x200.jpg 300w, https:\/\/zupa-svik-recica.hr\/wp-content\/uploads\/2019\/05\/MLADI\u017dUPE-768x512.jpg 768w, https:\/\/zupa-svik-recica.hr\/wp-content\/uploads\/2019\/05\/MLADI\u017dUPE-1024x683.jpg 1024w, https:\/\/zupa-svik-recica.hr\/wp-content\/uploads\/2019\/05\/MLADI\u017dUPE.jpg 1200w\" sizes=\"(max-width: 300px) 100vw, 300px\" \/><img loading=\"lazy\" class=\"alignleft size-medium wp-image-2034\" src=\"http:\/\/zupa-svik-recica.hr\/wp-content\/uploads\/2019\/05\/MLADI\u017dUPE-1-300x200.jpg\" alt=\"\" width=\"300\" height=\"200\" srcset=\"https:\/\/zupa-svik-recica.hr\/wp-content\/uploads\/2019\/05\/MLADI\u017dUPE-1-300x200.jpg 300w, https:\/\/zupa-svik-recica.hr\/wp-content\/uploads\/2019\/05\/MLADI\u017dUPE-1-768x512.jpg 768w, https:\/\/zupa-svik-recica.hr\/wp-content\/uploads\/2019\/05\/MLADI\u017dUPE-1-1024x683.jpg 1024w, https:\/\/zupa-svik-recica.hr\/wp-content\/uploads\/2019\/05\/MLADI\u017dUPE-1.jpg 1200w\" sizes=\"(max-width: 300px) 100vw, 300px\" \/><\/p>\n<p>&nbsp;<\/p>\n<p>&nbsp;<\/p>\n<p>&nbsp;<\/p>\n<p>&nbsp;<\/p>\n<p>&nbsp;<\/p>\n<p>&nbsp;<\/p>\n<p>&nbsp;<\/p>\n<p>&nbsp;<\/p>\n<p>nASTUP NA ADVENTU U KARLOVCU 26.12.2019.<br \/>\n<img loading=\"lazy\" class=\"alignleft size-medium wp-image-2323\" src=\"http:\/\/zupa-svik-recica.hr\/wp-content\/uploads\/2020\/01\/80679867_2595699507150847_4979729857740013568_o-300x225.jpg\" alt=\"\" width=\"300\" height=\"225\" srcset=\"https:\/\/zupa-svik-recica.hr\/wp-content\/uploads\/2020\/01\/80679867_2595699507150847_4979729857740013568_o-300x225.jpg 300w, https:\/\/zupa-svik-recica.hr\/wp-content\/uploads\/2020\/01\/80679867_2595699507150847_4979729857740013568_o-768x576.jpg 768w, https:\/\/zupa-svik-recica.hr\/wp-content\/uploads\/2020\/01\/80679867_2595699507150847_4979729857740013568_o.jpg 960w\" sizes=\"(max-width: 300px) 100vw, 300px\" \/><img loading=\"lazy\" class=\"alignleft size-medium wp-image-2324\" src=\"http:\/\/zupa-svik-recica.hr\/wp-content\/uploads\/2020\/01\/81434242_2595700083817456_6141136276398538752_o-300x225.jpg\" alt=\"\" width=\"300\" height=\"225\" srcset=\"https:\/\/zupa-svik-recica.hr\/wp-content\/uploads\/2020\/01\/81434242_2595700083817456_6141136276398538752_o-300x225.jpg 300w, https:\/\/zupa-svik-recica.hr\/wp-content\/uploads\/2020\/01\/81434242_2595700083817456_6141136276398538752_o-768x576.jpg 768w, https:\/\/zupa-svik-recica.hr\/wp-content\/uploads\/2020\/01\/81434242_2595700083817456_6141136276398538752_o.jpg 960w\" sizes=\"(max-width: 300px) 100vw, 300px\" \/><\/p>\n<p>&nbsp;<\/p>\n<p>&nbsp;<\/p>\n<p>&nbsp;<\/p>\n<p>&nbsp;<\/p>\n<p>&nbsp;<\/p>\n<p>&nbsp;<\/p>\n<p>&nbsp;<\/p>\n<p>&nbsp;<\/p>\n<p>&nbsp;<\/p>\n<p>NASTUP NA BANIJI 05.01.2020.<br \/>\n<img loading=\"lazy\" class=\"alignleft size-medium wp-image-2298\" src=\"http:\/\/zupa-svik-recica.hr\/wp-content\/uploads\/2019\/12\/bo\u017ei\u01072-300x200.jpg\" alt=\"\" width=\"300\" height=\"200\" srcset=\"https:\/\/zupa-svik-recica.hr\/wp-content\/uploads\/2019\/12\/bo\u017ei\u01072-300x200.jpg 300w, https:\/\/zupa-svik-recica.hr\/wp-content\/uploads\/2019\/12\/bo\u017ei\u01072-768x512.jpg 768w, https:\/\/zupa-svik-recica.hr\/wp-content\/uploads\/2019\/12\/bo\u017ei\u01072.jpg 1024w\" sizes=\"(max-width: 300px) 100vw, 300px\" \/><\/p>\n<h2><span style=\"color: #666666; font-size: 1.25rem;\">Dje\u010dji zbor Iskrice<\/span><\/h2>\n<p><img loading=\"lazy\" class=\"size-medium wp-image-921 alignleft\" src=\"http:\/\/zupa-svik-recica.hr\/wp-content\/uploads\/2018\/02\/72970_728662447167117_629898439_n-300x225.jpg\" alt=\"\" width=\"300\" height=\"225\" srcset=\"https:\/\/zupa-svik-recica.hr\/wp-content\/uploads\/2018\/02\/72970_728662447167117_629898439_n-300x225.jpg 300w, https:\/\/zupa-svik-recica.hr\/wp-content\/uploads\/2018\/02\/72970_728662447167117_629898439_n.jpg 320w\" sizes=\"(max-width: 300px) 100vw, 300px\" \/><\/p>\n<p class=\"separator\" data-blogger-escaped-style=\"clear: both; text-align: left;\">\u017dupni dje\u010dji zbor Iskrice osnovao je onda\u0161nji \u017eupnik\u00a0 vl\u010d Josip Karas 2006. godine. Prva voditeljica zbora bila je Ivana \u0160afar. Dolaskom novoga \u017eupnika vl\u010d Lovre Zaplati\u0107a u kolovozu 2007. godine zbor je nastavio svoje djelovanje. Vo\u0111enje zbora preuzela je Marija Fi\u0161trovi\u0107. Zbor prije tri godine preuzima Nikolina Ivinac danas Vrane i zajedno s Tomislavom Vrane vodi ovaj zbor.<br \/>\nZbor redovito pjeva na poldanjoj svetoj misi u \u017eupnoj crkvi.<\/p>\n<p class=\"separator\" data-blogger-escaped-style=\"clear: both; text-align: left;\">DOSADA\u0160NJI JAVNI NATUPI ZBORA:<\/p>\n<p><img loading=\"lazy\" class=\"size-medium wp-image-922 alignleft\" src=\"http:\/\/zupa-svik-recica.hr\/wp-content\/uploads\/2018\/02\/10002983_641838585870292_1134107122_n-300x128.jpg\" alt=\"\" width=\"300\" height=\"128\" srcset=\"https:\/\/zupa-svik-recica.hr\/wp-content\/uploads\/2018\/02\/10002983_641838585870292_1134107122_n-300x128.jpg 300w, https:\/\/zupa-svik-recica.hr\/wp-content\/uploads\/2018\/02\/10002983_641838585870292_1134107122_n-768x328.jpg 768w, https:\/\/zupa-svik-recica.hr\/wp-content\/uploads\/2018\/02\/10002983_641838585870292_1134107122_n.jpg 960w\" sizes=\"(max-width: 300px) 100vw, 300px\" \/><\/p>\n<ul>\n<li>\n<p class=\"separator\" data-blogger-escaped-style=\"clear: both; text-align: left;\">nastupali su u \u017eupi Lobor<\/p>\n<\/li>\n<li>\n<p class=\"separator\" data-blogger-escaped-style=\"clear: both; text-align: left;\">u \u017eupi Mahi\u0107no<\/p>\n<\/li>\n<li>\n<p class=\"separator\" data-blogger-escaped-style=\"clear: both; text-align: left;\">u \u017eupi \u0160i\u0161ljavi\u0107<\/p>\n<\/li>\n<li>\n<p class=\"separator\" data-blogger-escaped-style=\"clear: both; text-align: left;\">u \u017eupi Donja Kop\u010dina<\/p>\n<\/li>\n<li>\n<p class=\"separator\" data-blogger-escaped-style=\"clear: both; text-align: left;\">na Bo\u017ei\u0107nom koncertu u \u017eupi Presvetog Srca Isusova<\/p>\n<\/li>\n<li>\n<p class=\"separator\" data-blogger-escaped-style=\"clear: both; text-align: left;\">na ljetnim ve\u010derima u organizaciji \u017eupe Presvetog Trojstva<\/p>\n<\/li>\n<li>\n<p class=\"separator\" data-blogger-escaped-style=\"clear: both; text-align: left;\">na humanitarnom koncertu &#8220;Jak kao Jakov&#8221; u domu HV u Karlovcu<\/p>\n<\/li>\n<li>\n<p class=\"separator\" data-blogger-escaped-style=\"clear: both; text-align: left;\">na humanitarnom koncertu u \u017ditnoj ku\u0107i<\/p>\n<\/li>\n<li>\n<p class=\"separator\" data-blogger-escaped-style=\"clear: both; text-align: left;\">na koncertu u dvorani Nacionalnog sveti\u0161ta sv. Josipa u Karlovcu<\/p>\n<\/li>\n<li>\n<p class=\"separator\" data-blogger-escaped-style=\"clear: both; text-align: left;\">Advent u karlovcu 2017.<\/p>\n<\/li>\n<li>Velika Devetnica sv. Josipu Karlovac Dubovac 07.03.2018.<br \/>\nJak kao Jakov u Domu HV u Karlovcu 19.05.2018.<\/li>\n<\/ul>\n<div id='gallery-1' class='gallery galleryid-220 gallery-columns-2 gallery-size-medium'><figure class='gallery-item'>\n\t\t\t<div class='gallery-icon landscape'>\n\t\t\t\t<a href='https:\/\/zupa-svik-recica.hr\/wp-content\/uploads\/2018\/01\/Advent_4_e.jpg'><img width=\"300\" height=\"200\" src=\"https:\/\/zupa-svik-recica.hr\/wp-content\/uploads\/2018\/01\/Advent_4_e-300x200.jpg\" class=\"attachment-medium size-medium\" alt=\"\" loading=\"lazy\" srcset=\"https:\/\/zupa-svik-recica.hr\/wp-content\/uploads\/2018\/01\/Advent_4_e-300x200.jpg 300w, https:\/\/zupa-svik-recica.hr\/wp-content\/uploads\/2018\/01\/Advent_4_e-768x512.jpg 768w, https:\/\/zupa-svik-recica.hr\/wp-content\/uploads\/2018\/01\/Advent_4_e-1024x683.jpg 1024w, https:\/\/zupa-svik-recica.hr\/wp-content\/uploads\/2018\/01\/Advent_4_e.jpg 1980w\" sizes=\"100vw\" \/><\/a>\n\t\t\t<\/div><\/figure><figure class='gallery-item'>\n\t\t\t<div class='gallery-icon landscape'>\n\t\t\t\t<a href='https:\/\/zupa-svik-recica.hr\/wp-content\/uploads\/2018\/02\/iskrice2.jpg'><img width=\"300\" height=\"200\" src=\"https:\/\/zupa-svik-recica.hr\/wp-content\/uploads\/2018\/02\/iskrice2-300x200.jpg\" class=\"attachment-medium size-medium\" alt=\"\" loading=\"lazy\" srcset=\"https:\/\/zupa-svik-recica.hr\/wp-content\/uploads\/2018\/02\/iskrice2-300x200.jpg 300w, https:\/\/zupa-svik-recica.hr\/wp-content\/uploads\/2018\/02\/iskrice2-768x512.jpg 768w, https:\/\/zupa-svik-recica.hr\/wp-content\/uploads\/2018\/02\/iskrice2.jpg 960w\" sizes=\"100vw\" \/><\/a>\n\t\t\t<\/div><\/figure>\n\t\t<\/div>\n\n<p><iframe loading=\"lazy\" title=\"&quot;U onaj dan&quot;, Zbor mladih \u017dupe Re\u010dica\" width=\"525\" height=\"295\" src=\"https:\/\/www.youtube.com\/embed\/P1d3ESeQgrQ?start=31&#038;feature=oembed\" frameborder=\"0\" allow=\"accelerometer; autoplay; encrypted-media; gyroscope; picture-in-picture\" allowfullscreen><\/iframe><\/p>\n<p><iframe loading=\"lazy\" title=\"&quot;Jerihonske zidine&quot;, Zbor mladih \u017dupe Re\u010dica\" width=\"525\" height=\"295\" src=\"https:\/\/www.youtube.com\/embed\/sWuopXgzfYc?start=27&#038;feature=oembed\" frameborder=\"0\" allow=\"accelerometer; autoplay; encrypted-media; gyroscope; picture-in-picture\" allowfullscreen><\/iframe><\/p>\n<p><iframe loading=\"lazy\" title=\"&quot;Jer ti si predivan Bog&quot;, Zbor mladih \u017dupe Re\u010dica\" width=\"525\" height=\"295\" src=\"https:\/\/www.youtube.com\/embed\/QUYy5lll_p0?feature=oembed\" frameborder=\"0\" allow=\"accelerometer; autoplay; encrypted-media; gyroscope; picture-in-picture\" allowfullscreen><\/iframe><\/p>\n<p><img loading=\"lazy\" class=\"alignnone size-medium wp-image-1159\" src=\"http:\/\/zupa-svik-recica.hr\/wp-content\/uploads\/2018\/05\/jak2-300x225.jpg\" alt=\"\" width=\"300\" height=\"225\" srcset=\"https:\/\/zupa-svik-recica.hr\/wp-content\/uploads\/2018\/05\/jak2-300x225.jpg 300w, https:\/\/zupa-svik-recica.hr\/wp-content\/uploads\/2018\/05\/jak2-768x575.jpg 768w, https:\/\/zupa-svik-recica.hr\/wp-content\/uploads\/2018\/05\/jak2.jpg 960w\" sizes=\"(max-width: 300px) 100vw, 300px\" \/><\/p>\n<p><iframe loading=\"lazy\" title=\"Zbor Iskrice, nastup na humanitarnom koncertu Udruge Jak kao Jakov, &quot;Njima na dar, 2018.&quot;\" width=\"525\" height=\"295\" src=\"https:\/\/www.youtube.com\/embed\/3If-3-HN-KI?feature=oembed\" frameborder=\"0\" allow=\"accelerometer; autoplay; encrypted-media; gyroscope; picture-in-picture\" allowfullscreen><\/iframe><\/p>\n<p>Trodnevnica u \u017eupi Presvetog Srca Isusova u Karlovcu 05. lipnja 2018.<br \/>\n<img loading=\"lazy\" class=\"alignnone size-thumbnail wp-image-1222\" src=\"http:\/\/zupa-svik-recica.hr\/wp-content\/uploads\/2018\/06\/tro1-150x150.jpg\" alt=\"\" width=\"150\" height=\"150\" srcset=\"https:\/\/zupa-svik-recica.hr\/wp-content\/uploads\/2018\/06\/tro1-150x150.jpg 150w, https:\/\/zupa-svik-recica.hr\/wp-content\/uploads\/2018\/06\/tro1-100x100.jpg 100w\" sizes=\"(max-width: 150px) 100vw, 150px\" \/><\/p>\n","protected":false},"excerpt":{"rendered":"<p>\u017dupni zbor U \u017eupi se na poseban na\u010din njeguje pu\u010dko pjevanje koje predvodi mje\u0161oviti \u017eupni zbor pod ravnanjem Franceka Vrane i Tomislava Vrane koji su ujedno i \u017eupni orgulja\u0161i. Osim redovitog pjevanja pod svetom misom i posebnim slavljima zbor sudjeluje i na organiziranim susretima diljem dekanata. Zbor mladih Charisma Obnovljeni zbor mladih Charisma nastao je &hellip; <\/p>\n<p class=\"link-more\"><a href=\"https:\/\/zupa-svik-recica.hr\/index.php\/zupni-zborovi\/\" class=\"more-link\">Nastavi \u010ditati<span class=\"screen-reader-text\"> &#8220;\u017dupni zborovi&#8221;<\/span><\/a><\/p>\n","protected":false},"author":2,"featured_media":0,"parent":0,"menu_order":0,"comment_status":"closed","ping_status":"closed","template":"","meta":{"_mi_skip_tracking":false},"_links":{"self":[{"href":"https:\/\/zupa-svik-recica.hr\/index.php\/wp-json\/wp\/v2\/pages\/220"}],"collection":[{"href":"https:\/\/zupa-svik-recica.hr\/index.php\/wp-json\/wp\/v2\/pages"}],"about":[{"href":"https:\/\/zupa-svik-recica.hr\/index.php\/wp-json\/wp\/v2\/types\/page"}],"author":[{"embeddable":true,"href":"https:\/\/zupa-svik-recica.hr\/index.php\/wp-json\/wp\/v2\/users\/2"}],"replies":[{"embeddable":true,"href":"https:\/\/zupa-svik-recica.hr\/index.php\/wp-json\/wp\/v2\/comments?post=220"}],"version-history":[{"count":13,"href":"https:\/\/zupa-svik-recica.hr\/index.php\/wp-json\/wp\/v2\/pages\/220\/revisions"}],"predecessor-version":[{"id":2325,"href":"https:\/\/zupa-svik-recica.hr\/index.php\/wp-json\/wp\/v2\/pages\/220\/revisions\/2325"}],"wp:attachment":[{"href":"https:\/\/zupa-svik-recica.hr\/index.php\/wp-json\/wp\/v2\/media?parent=220"}],"curies":[{"name":"wp","href":"https:\/\/api.w.org\/{rel}","templated":true}]}}