{"id":205,"date":"2017-12-10T21:09:00","date_gmt":"2017-12-10T20:09:00","guid":{"rendered":"http:\/\/192.168.1.16\/?page_id=205"},"modified":"2017-12-10T21:09:00","modified_gmt":"2017-12-10T20:09:00","slug":"molitve","status":"publish","type":"page","link":"https:\/\/zupa-svik-recica.hr\/index.php\/molitve\/","title":{"rendered":"Molitve"},"content":{"rendered":"<h2>LITANIJE DUHU SVETOME<\/h2>\n<p>Slava Ocu i Sinu i Duhu Svetomu!<br \/>\nKako bija\u0161e na po\u010detku, tako i sada i vazda i u vijeke vjekova!<br \/>\nAmen!<\/p>\n<p>1. Du\u0161e Sveti, si\u0111i s prijestolja svoje uzvi\u0161enosti i nastani se u srcu sluge svojega!<br \/>\nMolimo Te usli\u0161i nas!<br \/>\n2. Du\u0161e Sveti, koji si \u010da\u0161\u0107en s Ocem i Sinom, nau\u010di me \u017eivjeti u stalnoj nazo\u010dnosti Bo\u017ejoj!<br \/>\nMolimo Te usli\u0161i nas!<br \/>\n3. Du\u0161e Sveti, koji si \u010da\u0161\u0107en s Ocem i Sinom, nau\u010di me \u017eivjeti po volji Bo\u017ejoj!<br \/>\nMolimo Te usli\u0161i nas!<br \/>\n4. Du\u0161e Sveti, koji \u017eivi\u0161 u Srcu Sina Bo\u017ejega, nau\u010di me da Te bolje upoznam i iskrenije ljubim!<br \/>\nMolimo Te usli\u0161i nas!<br \/>\n5. Du\u0161e Sveti, koji se brine\u0161 za slavu Boga Oca, nau\u010di me \u017eivjeti u savr\u0161enom predanju i povjerenju u Boga!<br \/>\nMolimo Te usli\u0161i nas!<br \/>\n6. Du\u0161e Sveti, koji si se pojavio u obliku goru\u0107ih jezika, zapali u mom srcu vatru svoje ljubavi!<br \/>\nMolimo Te usli\u0161i nas!<br \/>\n7. Du\u0161e Sveti, koji nema\u0161 nali\u010dja niti imena, nau\u010di me ispravno moliti!<br \/>\nMolimo Te usli\u0161i nas!<br \/>\n8. Du\u0161e Sveti, otajstvena Golubice, nau\u010di me razumjeti Sveto Pismo!<br \/>\nMolimo Te usli\u0161i nas!<br \/>\n9. Du\u0161e Sveti, koji progovara\u0161 preko proroka, nau\u010di me \u017eivjeti u miru i ravnote\u017ei duha i du\u0161e!<br \/>\nMolimo Te usli\u0161i nas!<br \/>\n10. Du\u0161e Sveti, goru\u0107i Ognje ljubavi, nau\u010di me \u017eivjeti mudro i strpljivo!<br \/>\nMolimo Te usli\u0161i nas!<br \/>\n11. Du\u0161e Sveti, prepuna Riznico milosti, nau\u010di me da shvatim vrijednost trpljenja!<br \/>\nMolimo Te usli\u0161i nas!<br \/>\n12. Du\u0161e Sveti, Djelitelju svih milosti, nau\u010di me \u017eivjeti ponizno i skromno<br \/>\nMolimo Te usli\u0161i nas!<br \/>\n13. Du\u0161e Sveti, beskrajna posudo Milosti, nau\u010di me da ispravno koristim dragocijeno vrijeme!<br \/>\nMolimo Te usli\u0161i nas!<br \/>\n14. Du\u0161e Sveti, iz \u010dije riznice ni\u0161ta ne propada, \u010duvaj me od svake sebi\u010dnosti i oholosti!<br \/>\nMolimo Te usli\u0161i nas!<br \/>\n15. Du\u0161e Sveti, \u010dije bogatstvo nitko ne mo\u017ee procijeniti, nau\u010di me da se odre\u010dem nekorisnih predod\u017ebi i misli!<br \/>\nMolimo Te usli\u0161i nas!<br \/>\n16. Du\u0161e Sveti, Djelitelju svih darova, nau\u010di me da izbjegavam nekorisna djela i besmislene, prazne rije\u010di!<br \/>\nMolimo Te usli\u0161i nas!<br \/>\n17. Du\u0161e Sveti, od \u010dije Punine svi mi primismo, nau\u010di me \u0161utjeti i u pravo vrijeme prona\u0107i pravu rije\u010d!<br \/>\nMolimo Te usli\u0161i nas!<br \/>\n18. Du\u0161e Sveti, Ti vje\u010dna Ljubavi, nau\u010di me davati dobar primjer drugima!<br \/>\nMolimo Te usli\u0161i nas!<br \/>\n19. Du\u0161e Sveti, Ti beskrajna Dobroto, podari mi ustrajnost u dobru!<br \/>\nMolimo Te usli\u0161i nas!<br \/>\n20. Du\u0161e Sveti, Ti ljubazni U\u010ditelju, nau\u010di me dobrom odnosu s ljudima!<br \/>\nMolimo Te usli\u0161i nas!<br \/>\n21. Du\u0161e Sveti, Ti dragi Prijatelju du\u0161a, nau\u010di me da nikoga ne osu\u0111ujem ili nepravdu izre\u010dem!<br \/>\nMolimo Te usli\u0161i nas!<br \/>\n22. Du\u0161e Sveti, Ti usre\u010duju\u0107e Svjetlo du\u0161a, nau\u010di me da uo\u010dim potrebe drugih i ne propustim nijedno dobro djelo!<br \/>\nMolimo Te usli\u0161i nas!<br \/>\n23. Du\u0161e Sveti, Ti O\u010de bjednika, daj da spoznam svoje pogre\u0161ke!<br \/>\nMolimo Te usli\u0161i nas!<br \/>\n24. Du\u0161e Sveti, Ti koji \u010dini\u0161 \u010dudesa u du\u0161ama, vodi me kroz budnost do savr\u0161enosti!<br \/>\nMolimo Te usli\u0161i nas!<br \/>\n25. Du\u0161e Sveti, kojemu ni\u0161ta nije sakriveno, nau\u010di me odbijati zasjede \u0111avolske!<br \/>\nMolimo Te usli\u0161i nas!<br \/>\n26. Du\u0161e Sveti, koji poznaje\u0161 budu\u0107nost svijeta, pomozi mi da se otrgnem zavodljivostima tijela i \u0111avla!<br \/>\nMolimo Te usli\u0161i nas!<br \/>\n27. Du\u0161e Sveti, koji znade\u0161 i moju budu\u0107nost, stavi pod svoje okrilje i moju obitelj, moje prijatelje, dobro\u010dinitelje i sve ljude!<br \/>\nMolimo Te usli\u0161i nas!<br \/>\n28. Du\u0161e Sveti, nau\u010di me \u017eivjeti s Tvojom bo\u017eanskom pomo\u0107i: na ve\u0107u slavu i \u010dast Bo\u017eju, za spasenje du\u0161a i na radost Bo\u017ejoj Majci Mariji, te tako jednom uzmognem umrijeti kao korisni sluga Bo\u017eji!<br \/>\nMolimo Te usli\u0161i nas!<\/p>\n<p>R. Po\u0161alji Duha svojega i postat \u0107e. O. I obnovit \u0107e\u0161 lice zemlje.<\/p>\n<p>Pomolimo se:<br \/>\nBo\u017ee, koji si svjetlo\u0161\u0107u Duha Svetoga pou\u010dio srca vjernih, daj da u tom istom Duhu \u0161to<br \/>\nje pravo mislimo i njegovoj se utjehi vazda radujemo. Po Kristu Gospodinu na\u0161em. Amen<\/p>\n","protected":false},"excerpt":{"rendered":"<p>LITANIJE DUHU SVETOME Slava Ocu i Sinu i Duhu Svetomu! Kako bija\u0161e na po\u010detku, tako i sada i vazda i u vijeke vjekova! Amen! 1. Du\u0161e Sveti, si\u0111i s prijestolja svoje uzvi\u0161enosti i nastani se u srcu sluge svojega! Molimo Te usli\u0161i nas! 2. Du\u0161e Sveti, koji si \u010da\u0161\u0107en s Ocem i Sinom, nau\u010di me &hellip; <\/p>\n<p class=\"link-more\"><a href=\"https:\/\/zupa-svik-recica.hr\/index.php\/molitve\/\" class=\"more-link\">Nastavi \u010ditati<span class=\"screen-reader-text\"> &#8220;Molitve&#8221;<\/span><\/a><\/p>\n","protected":false},"author":2,"featured_media":0,"parent":0,"menu_order":0,"comment_status":"closed","ping_status":"closed","template":"","meta":{"_mi_skip_tracking":false},"_links":{"self":[{"href":"https:\/\/zupa-svik-recica.hr\/index.php\/wp-json\/wp\/v2\/pages\/205"}],"collection":[{"href":"https:\/\/zupa-svik-recica.hr\/index.php\/wp-json\/wp\/v2\/pages"}],"about":[{"href":"https:\/\/zupa-svik-recica.hr\/index.php\/wp-json\/wp\/v2\/types\/page"}],"author":[{"embeddable":true,"href":"https:\/\/zupa-svik-recica.hr\/index.php\/wp-json\/wp\/v2\/users\/2"}],"replies":[{"embeddable":true,"href":"https:\/\/zupa-svik-recica.hr\/index.php\/wp-json\/wp\/v2\/comments?post=205"}],"version-history":[{"count":0,"href":"https:\/\/zupa-svik-recica.hr\/index.php\/wp-json\/wp\/v2\/pages\/205\/revisions"}],"wp:attachment":[{"href":"https:\/\/zupa-svik-recica.hr\/index.php\/wp-json\/wp\/v2\/media?parent=205"}],"curies":[{"name":"wp","href":"https:\/\/api.w.org\/{rel}","templated":true}]}}