{"id":187,"date":"2017-12-10T20:43:47","date_gmt":"2017-12-10T19:43:47","guid":{"rendered":"http:\/\/192.168.1.16\/?page_id=187"},"modified":"2018-02-02T12:34:20","modified_gmt":"2018-02-02T11:34:20","slug":"molitvena-zajednica","status":"publish","type":"page","link":"https:\/\/zupa-svik-recica.hr\/index.php\/molitvena-zajednica\/","title":{"rendered":"Molitvena zajednica"},"content":{"rendered":"<p><img loading=\"lazy\" class=\"alignright size-full wp-image-188\" src=\"http:\/\/zupa-svik-recica.hr\/wp-content\/uploads\/2018\/01\/MOLITVENA.jpg\" alt=\"\" width=\"320\" height=\"213\" \/>Molitvena zajednica \u017eupe sv. Ivana Krstitelja u Re\u010dici djeluje pet godina. Nastala je na poticaj sada pokojne Vesne Goj\u0161i\u0107. Sastaje se svake nedjelje nave\u010der u na\u0161em pastoralnom centru.<br \/>\nZadnje nedjelje u mjesecu imamo zajedni\u010dku euharistiju a nakon euharistije male agape. Nastojimo se i na taj na\u010din povezati i stvoriti zajedni\u0161tvo.<br \/>\nSvaki na\u0161 susret je druga\u010diji i nastojimo njegovati razne oblike molitve. Jednom je to krunica, drugi puta pobo\u017enost Milosrdnom Isusu, \u010casoslov ili biblijsko meditativna molitva.<br \/>\nOno \u0161to nas posebno veseli jest me\u0111usobna povezanost \u010dlanova, ali i to da se poslije po\u010detnog zanosa zajednica ne osipa nego da ostaje isti broj \u010dlanova.<br \/>\nVesele\u00a0nas i plodovi koje donosi u \u017eupi molitva na\u0161e zajednice.<\/p>\n<blockquote class=\"alignleft\"><p>Razumom se razmi\u0161lja, a duhom ili srcem se vjeruje.<\/p><\/blockquote>\n<p><img loading=\"lazy\" class=\"alignleft size-full wp-image-213\" src=\"http:\/\/zupa-svik-recica.hr\/wp-content\/uploads\/2018\/01\/Molitvena2.jpg\" alt=\"\" width=\"173\" height=\"209\" \/>Osniva\u010d benediktinskog reda i Otac Europe sveti Benedikt postavio je na\u010delo: Ora et labora &#8211; moli i radi! Svojevremeno je bla\u017eeni Alojzije Stepinac doveo u svoju nadbiskupiju karmeli\u0107anke da mole za sve\u0107enike. I sam Gospodin, kako nas izvje\u0161\u0107uju Evan\u0111elja, nakon napornih dana navje\u0161taja i dru\u017eenja s ljudima povla\u010dio se na osamljena mjesta i molio. Sje\u0107am se kada je nama mladim studentima na fakultetu govorio stari profesor: gospodo, teologija se studira na koljenima.<br \/>\nAko je euharistija srce Crkve koja je \u017eivi organizam, molitva je krvotok Crkve. Kada ljudi prestaju biti vjernici, Bog im postaje stranac? Onda kada prestanu moliti!<br \/>\nU na\u0161oj \u017eupi \u017eelimo vas sve povezati preko molitve, u molitvi i s molitvom. \u017delimo dublje do\u017eivjeti prisutnost Boga, njegove rije\u010di.<br \/>\nStoga osnivamo molitvenu zajednicu u kojoj i preko koje \u017eelimo dublje sve to do\u017eivjeti, ali u isto vrijeme slaviti i hvaliti Gospodina koji nam se daruje.<\/p>\n","protected":false},"excerpt":{"rendered":"<p>Molitvena zajednica \u017eupe sv. Ivana Krstitelja u Re\u010dici djeluje pet godina. Nastala je na poticaj sada pokojne Vesne Goj\u0161i\u0107. Sastaje se svake nedjelje nave\u010der u na\u0161em pastoralnom centru. Zadnje nedjelje u mjesecu imamo zajedni\u010dku euharistiju a nakon euharistije male agape. Nastojimo se i na taj na\u010din povezati i stvoriti zajedni\u0161tvo. Svaki na\u0161 susret je druga\u010diji &hellip; <\/p>\n<p class=\"link-more\"><a href=\"https:\/\/zupa-svik-recica.hr\/index.php\/molitvena-zajednica\/\" class=\"more-link\">Nastavi \u010ditati<span class=\"screen-reader-text\"> &#8220;Molitvena zajednica&#8221;<\/span><\/a><\/p>\n","protected":false},"author":2,"featured_media":0,"parent":0,"menu_order":0,"comment_status":"closed","ping_status":"closed","template":"","meta":{"_mi_skip_tracking":false},"_links":{"self":[{"href":"https:\/\/zupa-svik-recica.hr\/index.php\/wp-json\/wp\/v2\/pages\/187"}],"collection":[{"href":"https:\/\/zupa-svik-recica.hr\/index.php\/wp-json\/wp\/v2\/pages"}],"about":[{"href":"https:\/\/zupa-svik-recica.hr\/index.php\/wp-json\/wp\/v2\/types\/page"}],"author":[{"embeddable":true,"href":"https:\/\/zupa-svik-recica.hr\/index.php\/wp-json\/wp\/v2\/users\/2"}],"replies":[{"embeddable":true,"href":"https:\/\/zupa-svik-recica.hr\/index.php\/wp-json\/wp\/v2\/comments?post=187"}],"version-history":[{"count":1,"href":"https:\/\/zupa-svik-recica.hr\/index.php\/wp-json\/wp\/v2\/pages\/187\/revisions"}],"predecessor-version":[{"id":863,"href":"https:\/\/zupa-svik-recica.hr\/index.php\/wp-json\/wp\/v2\/pages\/187\/revisions\/863"}],"wp:attachment":[{"href":"https:\/\/zupa-svik-recica.hr\/index.php\/wp-json\/wp\/v2\/media?parent=187"}],"curies":[{"name":"wp","href":"https:\/\/api.w.org\/{rel}","templated":true}]}}