{"id":183,"date":"2017-12-10T20:27:29","date_gmt":"2017-12-10T19:27:29","guid":{"rendered":"http:\/\/192.168.1.16\/?page_id=183"},"modified":"2024-07-19T16:21:52","modified_gmt":"2024-07-19T14:21:52","slug":"zupno-pastoralno-vijece","status":"publish","type":"page","link":"https:\/\/zupa-svik-recica.hr\/index.php\/zupno-pastoralno-vijece\/","title":{"rendered":"\u017dupno pastoralno  i ekonomsko vije\u0107e"},"content":{"rendered":"<p>Izvadak iz <a href=\"http:\/\/www.zg-nadbiskupija.hr\/UserDocsImages\/stories\/Download\/pravilnik%20zupnog%20pastoralnog%20vije%C4%87a.pdf\" target=\"_blank\" rel=\"noopener noreferrer\">Pravilnika<\/a> \u017dupnog pastoralnog vije\u0107a:<\/p>\n<p>Nadbiskupski duhovni stol dopisom 1271. od 02. srpnja 2024. godine potvrdio je prelo\u017eene \u010dlanove za <strong>\u017dupno ekonomsko vije\u0107e<\/strong>. Mandat vije\u0107nika traje 3 godine:<br \/>\n<strong>\u017dUPNO EKONOMSKO VIJE\u0106E:<\/strong><br \/>\n<strong>1. FRANCEK VRANE<\/strong><br \/>\n<strong>2. DARKO DRO\u017d\u0110IBOB<\/strong><br \/>\n<strong>3. JOSIP \u0160KARICA<br \/>\n<\/strong>&#8212;&#8212;&#8212;&#8212;&#8212;&#8212;&#8212;&#8212;&#8212;&#8212;&#8212;&#8212;&#8212;<\/p>\n<p>&nbsp;<\/p>\n","protected":false},"excerpt":{"rendered":"<p>Izvadak iz Pravilnika \u017dupnog pastoralnog vije\u0107a: Nadbiskupski duhovni stol dopisom 1271. od 02. srpnja 2024. godine potvrdio je prelo\u017eene \u010dlanove za \u017dupno ekonomsko vije\u0107e. Mandat vije\u0107nika traje 3 godine: \u017dUPNO EKONOMSKO VIJE\u0106E: 1. FRANCEK VRANE 2. DARKO DRO\u017d\u0110IBOB 3. JOSIP \u0160KARICA &#8212;&#8212;&#8212;&#8212;&#8212;&#8212;&#8212;&#8212;&#8212;&#8212;&#8212;&#8212;&#8212; &nbsp;<\/p>\n","protected":false},"author":2,"featured_media":0,"parent":0,"menu_order":0,"comment_status":"closed","ping_status":"closed","template":"","meta":{"_mi_skip_tracking":false},"_links":{"self":[{"href":"https:\/\/zupa-svik-recica.hr\/index.php\/wp-json\/wp\/v2\/pages\/183"}],"collection":[{"href":"https:\/\/zupa-svik-recica.hr\/index.php\/wp-json\/wp\/v2\/pages"}],"about":[{"href":"https:\/\/zupa-svik-recica.hr\/index.php\/wp-json\/wp\/v2\/types\/page"}],"author":[{"embeddable":true,"href":"https:\/\/zupa-svik-recica.hr\/index.php\/wp-json\/wp\/v2\/users\/2"}],"replies":[{"embeddable":true,"href":"https:\/\/zupa-svik-recica.hr\/index.php\/wp-json\/wp\/v2\/comments?post=183"}],"version-history":[{"count":5,"href":"https:\/\/zupa-svik-recica.hr\/index.php\/wp-json\/wp\/v2\/pages\/183\/revisions"}],"predecessor-version":[{"id":3807,"href":"https:\/\/zupa-svik-recica.hr\/index.php\/wp-json\/wp\/v2\/pages\/183\/revisions\/3807"}],"wp:attachment":[{"href":"https:\/\/zupa-svik-recica.hr\/index.php\/wp-json\/wp\/v2\/media?parent=183"}],"curies":[{"name":"wp","href":"https:\/\/api.w.org\/{rel}","templated":true}]}}