{"id":181,"date":"2017-12-10T20:25:17","date_gmt":"2017-12-10T19:25:17","guid":{"rendered":"http:\/\/192.168.1.16\/?page_id=181"},"modified":"2018-11-07T11:19:18","modified_gmt":"2018-11-07T10:19:18","slug":"zupno-ekonomsko-vijece","status":"publish","type":"page","link":"https:\/\/zupa-svik-recica.hr\/index.php\/zupno-ekonomsko-vijece\/","title":{"rendered":"Slu\u017ebe u \u017eupi"},"content":{"rendered":"<div id=\"container\">\n<div id=\"content\">\n<div id=\"box1\">\n<h1>Uloga me\u017enara\/sakristana u liturgijskoj zajednici<\/h1>\n<p>Pri formiranju <i>liturgijske zajednice <\/i>kao <i>vjerni\u010dkoga kruga <\/i>u \u017eupnoj zajednici, kojemu je cilj produbljivanje zna\u010denja liturgije i \u0161to dostojanstvenije slavlje, osobito euharistije, posebnu pa\u017enju, uz ostalo, treba svakako posvetiti slu\u017ebi <i>me\u017enara <\/i>ili <i>sakristana<\/i>, bez kojega nema pravoga slavlja, kako ga predvi\u0111a i <i>Rimski misal<\/i>.<\/p>\n<p><b>Va\u017enost slu\u017ebe sakristana\/me\u017enara<\/b><\/p>\n<p>Osoba koja se brine za crkvu i svega za slavlje liturgije i drugo, u nekim se krajevima zove <i>me\u017enar <\/i>a u drugima sakristan, zvonar i sli\u010dno. Rije\u010d me\u017enar njema\u010dkog je podrijetla, a dolazi od &#8220;Messe&#8221; (misa), pa otud rije\u010d &#8220;Messner&#8221;, u hrvatskom me\u017enar, \u0161to zna\u010di osoba koja vodi brigu o pripremi svega \u0161to je potrebno za misu, kao najuzvi\u0161eniji \u010din Crkve. Negdje se ta osoba naziva i <i>sakristan <\/i>(od latinske rije\u010di &#8220;sacer&#8221; = svet), koji se bavi &#8220;svetim radnjama&#8221;, pa otud i rije\u010d sakristija (hrv. posvetionica), kao prostor gdje se \u010duvaju predmeti potrebni za sveto bogoslu\u017eje.<\/p>\n<p>U pro\u0161irenom zna\u010denju ta se osoba, pod vodstvom \u017eupnika, brine za sve \u0161to se odnosi na crkvu. Zbog va\u017enosti te slu\u017ebe danas bismo tu osobu mogli smatrati i svojevrsnim &#8220;pastoralnirn asistentom&#8221; jer uvelike poma\u017ee \u017eupniku, po\u010dev\u0161i od prve i \u010desto najva\u017enije informacije o svemu \u0161to se odnosi na vjerski \u017eivot i slavlja, ra\u010dunaju\u0107i i na \u010dinjenicu da se neki vjernici, pogotovo oni koji su se udaljili od Crkve, najprije njoj obra\u0107aju. Negdje tu slu\u017ebu vr\u0161e \u010dasne sestre, a u naj\u010de\u0161\u0107em slu\u010daju vjernici laici.<\/p>\n<p><b>Temeljne zada\u0107e<\/b><\/p>\n<p>Prva je zada\u0107a me\u017enara biti &#8220;poveznica&#8221; \u017eupljana sa \u017eupnikom, \u0161to pretpostavlja i zada\u0107a vje\u017ebanja u pravoj komunikaciji, a to zna\u010di:<\/p>\n<p>&#8211; znati \u017eupljanima dati prve i osnovne informacije o svim \u017eupnim zada\u0107ama i slavljima, kao npr. \u0161to je potrebno za slavlje nekih sakramenata, pogotovo kada pojedini \u017eupljani negoduju zbog nekih crkvenih uvjeta;<\/p>\n<p>&#8211; davanje prave informacije osobito onima koji slabo kontaktiraju sa Crkvom, odnosno rijetko dolaze ili su se dosta udaljili;<\/p>\n<p>&#8211; obavijestiti \u017eupnika o svemu o \u010demu je potrebno voditi ra\u010duna, tako\u0111er i na temelju primjedbi i sugestija nekih \u017eupljana;<\/p>\n<p>&#8211; djelovati u pravcu otklanjanja predrasuda prema Crkvi, posebno sve\u0107enicima, i op\u0107enito \u0161to se ti\u010de nekih crkvenih odredaba odnosno propisa;<\/p>\n<p>&#8211; pod vodstvom \u017eupnika brinuti se za sve \u0161to se odnosi na ure\u0111enje crkve, pripremu liturgijskih slavlja i drugo;<\/p>\n<p>&#8211; po potrebi, u dogovoru sa \u017eupnikom, pogotovo ako on ne stanuje u toj \u017eupi, voditi brigu o \u010disto\u0107i \u017eupnoga doma (stana), pomagati u organiziranju nekih okupljanja (kateheza i ostali susreti), biti na usluzi, osobito kada su neka ve\u0107a doga\u0111anja;<\/p>\n<p>&#8211; znati &#8220;\u010duvati tajnu&#8221; odnosno da ono \u0161to joj ka\u017eu u povjerenju, bilo \u017eupnik bilo \u017eupljani, ne pri\u010da bilo gdje;<\/p>\n<p>&#8211; kao vjernik &#8220;voljeti Crkvu&#8221;, imati razumijevanja za sve\u0107enika i biti spreman za razgovor, dogovor i suradnju, izbjegavati sudjelovanje u stvaranju nekih &#8220;grupica&#8221; koje ne\u0161to misle raditi &#8220;mimo \u017eupnika&#8221;, ne prigovarati &#8220;\u0161to treba ovo ili ono, toga prije nije bilo&#8221; i sli\u010dno, ve\u0107 poticati razgovor i raspravu ter biti u slu\u017ebi stvaranja \u017eupnog zajedni\u0161tva;<\/p>\n<p>&#8211; nastojati \u0161to vi\u0161e upoznati sve \u0161to se odnosi na \u017eivot \u017eupne zajednice, osobito odvijanja liturgije (mise) i drugog. Zato treba poznavati tijek liturgijske godine, odnosno temeljna kr\u0161\u0107anska slavlja, bilo \u0161to se ti\u010de zna\u010denja, bilo na\u010dina odvijanja. U tom smislu \u010dita Uvodne napomene u <i>Rimskom misalu<\/i>, a \u017eupnik \u0107e mu omogu\u0107iti i neke novije potrebne materijale (prikladnu knjigu), s uputama.<\/p>\n<p>&#8211; Uputno je da me\u017enar\/sakristan prati i liturgijsko-pastoralni list &#8220;\u017divo vrelo&#8221;, a svakako da ima <i>Nedjeljni i blagdanski misal ABC<\/i>. U svakom slu\u010daju sudjeluje u katehetskim susretima liturgijske zajednice odnosno biblijskim ve\u010derima. Pohvalno je \u0161to se negdje za te osobe organiziraju posebni susreti i na biskupijskoj razini.<\/p>\n<p><b>Vrjednovanje slu\u017ebe <\/b><\/p>\n<p>\u017dupljani su pozvani jo\u0161 vi\u0161e vrjednovati tu slu\u017ebu. Tim osobama treba izraziti posebno priznanje. Jer me\u017enar\/sakristan svojim govorom i djelovanjem na odre\u0111en na\u010din vr\u0161i i katehetsku slu\u017ebu. A to se mo\u017ee vr\u0161iti samo iz ljubavi prema Crkvi i konkretnoj \u017eupi. Ipak ta osoba treba dobiti i neku nagradu ili naknadu, jer mora biti \u010de\u0161\u0107e na raspolaganju, ne samo u nedjelje i blagdane, nego i radnim danom kada je misa, sprovod ili neki drugi program. To zna\u010di da \u010desto svoje obiteljske obveze mora podrediti obvezama u crkvi.<\/p>\n<p>Stoga je opravdan obi\u010daj da se godi\u0161nje skuplja <i>me\u017enarija<\/i>, ovisno o dogovoru na razini \u017eupnog pastoralnog vije\u0107a i \u017eupnika, pa su svi \u017eupljani pozvani o tome voditi ra\u010duna. Isto tako u nekim prigodama (o blagdanima, u povodu sprovoda, kr\u0161tenja, vjen\u010danja) obi\u010daj je da se daje i dodatni &#8220;dar&#8221;, \u0161to ovisi o uvi\u0111avnosti vjernika, vode\u0107i ra\u010duna i o tro\u0161kovima koje me\u017enar ima (pogotovo ako se brine i o crkvenom rublju i drugome).<\/p>\n<p>U \u017eupnoj zajednici va\u017eno je razvijati duh suodgovornosti, a to zna\u010di da sve ne mo\u017ee spasti na me\u017enara, ve\u0107 su i drugi \u017eupljani pozvani anga\u017eirati se i pomagati u raznim akcijama, od redovitih do izvanrednih, po\u010dev\u0161i od ure\u0111enja crkve, okoli\u0161a i drugog. Me\u017enar treba tako\u0111er poticati i koordinirati suradnju.<\/p>\n<p>S obzirom na ponegdje nedovoljno vrjednovanje te slu\u017ebe ter na pomanjkanje svijesti da je treba i financijski podr\u017eati, u dijelu \u017eupa vi\u0161e nema osoba za tu slu\u017ebu. Mla\u0111i to sve te\u017ee prihva\u0107aju. Zato i \u017eupno pastoralno vije\u0107e treba vi\u0161e podr\u017eavati tu slu\u017ebu. Mo\u017eda \u0107e se morati postaviti i pitanje njena druga\u010dijega profila, barem u ve\u0107im \u017eupama. Smatram da bi bilo dobro ako bi ta osoba imala i odre\u0111eni teolo\u0161ki studij ter bi, osim navedenih zada\u0107a, mogla predvoditi neke katehetske skupine, \u017eupnu administraciju i sli\u010dno. A to zna\u010di da bi trebala biti dijelom ili na puno radno vrijeme zaposlena. Valja voditi ra\u010duna o \u010dinjenici da se ubudu\u0107e ne\u0107e mo\u0107i bez \u0161kolovanijih \u017eupnih asistenata. U Crkvi \u0107e trebati vi\u0161e otvorenosti za to pitanje.<\/p>\n<p><b>Milan \u0160imunovi\u0107<\/b><\/p>\n<p>(<i>Glas Koncila<\/i>, br. 48, 7. studenoga 2011.)<\/p>\n<\/div>\n<\/div>\n<\/div>\n","protected":false},"excerpt":{"rendered":"<p>Uloga me\u017enara\/sakristana u liturgijskoj zajednici Pri formiranju liturgijske zajednice kao vjerni\u010dkoga kruga u \u017eupnoj zajednici, kojemu je cilj produbljivanje zna\u010denja liturgije i \u0161to dostojanstvenije slavlje, osobito euharistije, posebnu pa\u017enju, uz ostalo, treba svakako posvetiti slu\u017ebi me\u017enara ili sakristana, bez kojega nema pravoga slavlja, kako ga predvi\u0111a i Rimski misal. Va\u017enost slu\u017ebe sakristana\/me\u017enara Osoba koja se &hellip; <\/p>\n<p class=\"link-more\"><a href=\"https:\/\/zupa-svik-recica.hr\/index.php\/zupno-ekonomsko-vijece\/\" class=\"more-link\">Nastavi \u010ditati<span class=\"screen-reader-text\"> &#8220;Slu\u017ebe u \u017eupi&#8221;<\/span><\/a><\/p>\n","protected":false},"author":2,"featured_media":0,"parent":0,"menu_order":0,"comment_status":"closed","ping_status":"closed","template":"","meta":{"_mi_skip_tracking":false},"_links":{"self":[{"href":"https:\/\/zupa-svik-recica.hr\/index.php\/wp-json\/wp\/v2\/pages\/181"}],"collection":[{"href":"https:\/\/zupa-svik-recica.hr\/index.php\/wp-json\/wp\/v2\/pages"}],"about":[{"href":"https:\/\/zupa-svik-recica.hr\/index.php\/wp-json\/wp\/v2\/types\/page"}],"author":[{"embeddable":true,"href":"https:\/\/zupa-svik-recica.hr\/index.php\/wp-json\/wp\/v2\/users\/2"}],"replies":[{"embeddable":true,"href":"https:\/\/zupa-svik-recica.hr\/index.php\/wp-json\/wp\/v2\/comments?post=181"}],"version-history":[{"count":5,"href":"https:\/\/zupa-svik-recica.hr\/index.php\/wp-json\/wp\/v2\/pages\/181\/revisions"}],"predecessor-version":[{"id":1642,"href":"https:\/\/zupa-svik-recica.hr\/index.php\/wp-json\/wp\/v2\/pages\/181\/revisions\/1642"}],"wp:attachment":[{"href":"https:\/\/zupa-svik-recica.hr\/index.php\/wp-json\/wp\/v2\/media?parent=181"}],"curies":[{"name":"wp","href":"https:\/\/api.w.org\/{rel}","templated":true}]}}