{"id":163,"date":"2017-12-10T18:06:48","date_gmt":"2017-12-10T17:06:48","guid":{"rendered":"http:\/\/192.168.1.16\/?page_id=163"},"modified":"2017-12-10T18:06:48","modified_gmt":"2017-12-10T17:06:48","slug":"zastitnik","status":"publish","type":"page","link":"https:\/\/zupa-svik-recica.hr\/index.php\/zastitnik\/","title":{"rendered":"Za\u0161titnik"},"content":{"rendered":"<h2>Sveti Ivan Krstitelj<\/h2>\n<p><em>Ro\u0111en: 1. stolje\u0107e pr. Kr., Judeja<\/em><br \/>\n<em>Preminuo: 31.-36.<\/em><br \/>\n<em>Kanoniziran: prije kongregacije<\/em><br \/>\n<em>Spomendan: 24. lipnja i 29. kolovoza<\/em><\/p>\n<h2>\u017divot i mu\u010deni\u0161tvo<\/h2>\n<p>Ve\u0107inu podataka o Ivanu dobivamo iz evan\u0111elja, a njegova osoba do danas je ostala tajnovita i ne do kraja razja\u0161njena. Prema Novom zavjetu, njegovi roditelji, Zaharija i Elizabeta, dugo nisu mogli imati djece i kada im se rodio sin, zavladala je velika radost. Odr\u017eana je posebna sve\u010danost, na kojoj mu je trebalo nadjenuti ime. Okupili su se prijatelji i ro\u0111aci, koji su do\u0161li izdaleka. Htjeli su da se zove Zaharija po ocu, ali s tim se nije slo\u017eila Elizabeta. Rekla je da \u0107e se zvati Ivan \u0161to zna\u010di &#8220;Gospodin je milostiv&#8221; (heb. Johanan). Prijatelji i ro\u0111aci su pitali Zahariju za mi\u0161ljenje. On se slo\u017eio s time da se zove Ivan. Budu\u0107i da Zaharija dotad nije mogao govoriti, tada mu se vratio glas. Po\u010deo je zahvaljivati Bogu i slaviti ga zbog njegove dobrote: &#8220;I ti \u0107e\u0161 biti poseban. I\u0107i \u0107e\u0161 pred Bo\u017ejim izabranikom. Nosit \u0107e\u0161 poruku Bo\u017eje ljubavi i opro\u0161tanja njegovu narodu.&#8221;<br \/>\nIvan je oti\u0161ao od ku\u0107e, \u017eivio je u pustinji blizu rijeke Jordana. Nosio je odijelo od devine dlake opasano ko\u017enim pojasom. Jeo je pustinjsku hranu &#8211; divlji med i skakavce. Propovijedao je blizinu kraljevstva Bo\u017ejeg i pozivao svoje sunarodnjake na obra\u0107enje, a mnogi su se kajali za svoje grijehe i dali da ih Ivan krsti. Evan\u0111elja pripovijedaju i da je Isus do\u0161ao k Ivanu, te od njega zatra\u017eio kr\u0161tenje. Ivan je na njegovo inzistiranje to i u\u010dinio, a za kr\u0161tenja, kako propovijeda biblijski tekst, spustio se nad Isusa Duh Sveti u obliku goluba i Bo\u017eji glas je progovorio: &#8220;Ti si Sin moj ljubljeni. U tebi mi sva milina.&#8221; Nakon \u0161to se kr\u0161\u0107anstvo ve\u0107 po\u010delo \u0161iriti, paralelno sa zajednicama Kristovih sljedbenika, postojale i zajednica sljedbenika Ivanovih, te su poznavale samo &#8220;Ivanovo kr\u0161tenje&#8221;, o \u010demu svjedo\u010de i Djela apostolska. Izvanbiblijski izvori, osobito kr\u0161\u0107anski apologetski tekstovi, tako\u0111er potvr\u0111uju postojanje takve zajednice osobito me\u0111u \u017didovima. \u010cini se da su upravo zbog toga novozavjetni pisci toliko nagla\u0161avali Ivanovu poniznost i ponavljali njegove rije\u010di da \u0107e iza njega &#8220;do\u0107i ve\u0107i od njega&#8221;.<\/p>\n<p>Herod Antipa zatvorio ga je u tamnicu i dao mu odbrubiti glavu, jer mu je prigovorio zbog preljuba. O mu\u010deni\u0161tvu Ivanovu govori i \u017eidovski povjesni\u010dar iz 1. stolje\u0107a, Josip Flavije, te spominje da je ubijen u tvr\u0111avi Makerontu, s isto\u010dne strane Mrtvoga mora. Arheolo\u0161ke iskopine svjedo\u010de o postojanju tvr\u0111ave s pala\u010dom i dva triklinija, \u0161to odgovara evan\u0111eoskom opisu prema kojem su Herod i mu\u0161karci bili u jednoj prostoriji, a Herodijada i Saloma u drugoj.<\/p>\n<h2>\u0160tovanje<\/h2>\n<p>Najstarije \u0161tovanje vezano uz Ivana Krstitelja odnosi se na \u010da\u0161\u0107enje njegova groba u Sebasti, nedaleko od dana\u0161njeg Nablusa u Palestini. Potom je jedna od najve\u0107ih kr\u0161\u0107anskih bazilika, ona u Damasku posve\u0107ena Ivanu Krstitelju. Danas je u njoj d\u017eamija, a posjetio ju je i papa Ivan Pavao II., zajedno s poglavarima mjesnih crkava, prilikom svoga posjeta tome gradu, te se ondje odr\u017eao me\u0111ureligijski susret.<\/p>\n<p>Relikvije svetog Ivana Krstitelja danas se \u010duvaju u crkvi sv. Silvestra u Rimu i u Amiensu u Francuskoj. Sv. Ivan Krstitelj jako je po\u0161tovan u kr\u0161\u0107anskom svijetu. U srednjem vijeku, njegov blagdan zvali su &#8220;ljetni Bo\u017ei\u0107&#8221;. U \u010dast sv. Ivanu Krstitelju, podignute su mnoge crkve po\u010dev\u0161i od Lateranske bazilike u Rimu, papinske katedrale. U Rimokatoli\u010dkoj Crkvi njegovo se ro\u0111enje slavi kao svetkovina 24. lipnja, a mu\u010deni\u0161tvo, nekad nazivano i Glavosjek sv. Ivana Krstitelja, kao spomendan 29. kolovoza.<\/p>\n<p>Za\u0161titnik je pjeva\u010da, glazbenika, kroja\u010da, ko\u017eara, krznara, vunara, remenara, gostioni\u010dara, no\u017eara, brusa\u010da, zatvorenika, osu\u0111enih na smrt, uzgajiva\u010da ptica, oboljelih od epilepsije, kr\u0161tenika, Malte, Jordana i velikog broja gradova \u0161irom svijeta. U Hrvatskoj po njemu su nazvana mjesta Ivani\u0107 Grad, Ivanec, Klo\u0161tar Ivani\u0107, Sveti Ivan Zelina, Sveti Ivan \u017dabno, Ivanska, Ivankovo i vjerojatno jo\u0161 neka mjesta. U Mariji Bistrici, nedavno je postavljen njegov kip na otvorenom prostoru. U Bosni i Hercegovini, u Podmila\u010dju kraj Jajca postoji veliko sveti\u0161te sv. Ivana Krstitelja.<\/p>\n<p style=\"text-align: right;\"><em>Izvor: Wikipedia<\/em><\/p>\n","protected":false},"excerpt":{"rendered":"<p>Sveti Ivan Krstitelj Ro\u0111en: 1. stolje\u0107e pr. Kr., Judeja Preminuo: 31.-36. Kanoniziran: prije kongregacije Spomendan: 24. lipnja i 29. kolovoza \u017divot i mu\u010deni\u0161tvo Ve\u0107inu podataka o Ivanu dobivamo iz evan\u0111elja, a njegova osoba do danas je ostala tajnovita i ne do kraja razja\u0161njena. Prema Novom zavjetu, njegovi roditelji, Zaharija i Elizabeta, dugo nisu mogli imati &hellip; <\/p>\n<p class=\"link-more\"><a href=\"https:\/\/zupa-svik-recica.hr\/index.php\/zastitnik\/\" class=\"more-link\">Nastavi \u010ditati<span class=\"screen-reader-text\"> &#8220;Za\u0161titnik&#8221;<\/span><\/a><\/p>\n","protected":false},"author":2,"featured_media":0,"parent":0,"menu_order":0,"comment_status":"closed","ping_status":"closed","template":"","meta":{"_mi_skip_tracking":false},"_links":{"self":[{"href":"https:\/\/zupa-svik-recica.hr\/index.php\/wp-json\/wp\/v2\/pages\/163"}],"collection":[{"href":"https:\/\/zupa-svik-recica.hr\/index.php\/wp-json\/wp\/v2\/pages"}],"about":[{"href":"https:\/\/zupa-svik-recica.hr\/index.php\/wp-json\/wp\/v2\/types\/page"}],"author":[{"embeddable":true,"href":"https:\/\/zupa-svik-recica.hr\/index.php\/wp-json\/wp\/v2\/users\/2"}],"replies":[{"embeddable":true,"href":"https:\/\/zupa-svik-recica.hr\/index.php\/wp-json\/wp\/v2\/comments?post=163"}],"version-history":[{"count":0,"href":"https:\/\/zupa-svik-recica.hr\/index.php\/wp-json\/wp\/v2\/pages\/163\/revisions"}],"wp:attachment":[{"href":"https:\/\/zupa-svik-recica.hr\/index.php\/wp-json\/wp\/v2\/media?parent=163"}],"curies":[{"name":"wp","href":"https:\/\/api.w.org\/{rel}","templated":true}]}}