{"id":158,"date":"2017-12-10T17:52:46","date_gmt":"2017-12-10T16:52:46","guid":{"rendered":"http:\/\/192.168.1.16\/?page_id=158"},"modified":"2020-05-12T10:48:49","modified_gmt":"2020-05-12T08:48:49","slug":"zupna-crkva","status":"publish","type":"page","link":"https:\/\/zupa-svik-recica.hr\/index.php\/zupna-crkva\/","title":{"rendered":"\u017dupna crkva"},"content":{"rendered":"<p><a href=\"http:\/\/zupa-svik-recica.hr\/wp-content\/uploads\/2018\/01\/crkva1.jpg\"><img loading=\"lazy\" class=\"alignright wp-image-148\" src=\"http:\/\/zupa-svik-recica.hr\/wp-content\/uploads\/2018\/01\/crkva1.jpg\" alt=\"\" width=\"300\" height=\"399\" \/><\/a>U knjizi \u201cGraditeljska ba\u0161tina Karlova\u010dkog Pokuplja\u201d od dr Milana Kruheka zabilje\u017eeno je: \u201d\u017dupna crkva sv. Ivana Krstitelja kao i sama \u017eupa u Re\u010dici iz novijeg su vremena. Starija drvena crkva sagra\u0111ena je u 17. stolje\u0107u. Spadala je pod \u017eupu Hrneti\u0107. Jo\u0161 starija crkva od ove stajala je nasuprot Re\u010dici u Luki Pokupskoj. Tu je bila jo\u0161 starija crkva sv. Nikole, koju spominje popis \u017eupa i \u017eupnika godine 1501.<\/p>\n<p>Uz pomo\u0107 \u017eupljana i grofa Dra\u0161kovi\u0107a zapo\u010dela je godine 1737. gradnja dana\u0161nje crkve u Re\u010dici. Godina po\u010detka gradnje uklesana je u zaglavnom kamenu nadvratnika ulaza u prizemlju zvonika. Do godine 1739. podignuti su bo\u010dni zidovi i sakristija. Zidanje zvonika je zavr\u0161eno 1744. Visok je 45 metara i dominira cijelim krajem. 1765. crkva je poplo\u010dana klesanim kamenim plo\u010dama. Gradnja crkve tekla je sporo tako da je tek 1782. godine i posve\u0107ena.<\/p>\n<p><a href=\"http:\/\/zupa-svik-recica.hr\/wp-content\/uploads\/2018\/01\/crkva2.jpg\"><img loading=\"lazy\" class=\"alignleft wp-image-149\" src=\"http:\/\/zupa-svik-recica.hr\/wp-content\/uploads\/2018\/01\/crkva2.jpg\" alt=\"\" width=\"300\" height=\"225\" \/><\/a>1851. godine crkva i \u017eupni dvor temeljito su obnovljeni. Na\u017ealost pri tome se izgubio njezin prvotni baroktni inventar a i oltari su vi\u0161e puta mijenjani. Na glavnom oltaru je slika sv. Ivana Krstitelja iz 18. stolje\u0107a.&#8221;<br \/>\n<span style=\"color: #ff0000;\"><strong><a style=\"color: #ff0000;\" href=\"http:\/\/recica-galerija.blogspot.com\/2009\/03\/\">PANORAMA I DETALJI IZ \u017dUPNE CRKVE<\/a><\/strong><\/span><\/p>\n","protected":false},"excerpt":{"rendered":"<p>U knjizi \u201cGraditeljska ba\u0161tina Karlova\u010dkog Pokuplja\u201d od dr Milana Kruheka zabilje\u017eeno je: \u201d\u017dupna crkva sv. Ivana Krstitelja kao i sama \u017eupa u Re\u010dici iz novijeg su vremena. Starija drvena crkva sagra\u0111ena je u 17. stolje\u0107u. Spadala je pod \u017eupu Hrneti\u0107. Jo\u0161 starija crkva od ove stajala je nasuprot Re\u010dici u Luki Pokupskoj. Tu je bila &hellip; <\/p>\n<p class=\"link-more\"><a href=\"https:\/\/zupa-svik-recica.hr\/index.php\/zupna-crkva\/\" class=\"more-link\">Nastavi \u010ditati<span class=\"screen-reader-text\"> &#8220;\u017dupna crkva&#8221;<\/span><\/a><\/p>\n","protected":false},"author":2,"featured_media":0,"parent":0,"menu_order":0,"comment_status":"closed","ping_status":"closed","template":"","meta":{"_mi_skip_tracking":false},"_links":{"self":[{"href":"https:\/\/zupa-svik-recica.hr\/index.php\/wp-json\/wp\/v2\/pages\/158"}],"collection":[{"href":"https:\/\/zupa-svik-recica.hr\/index.php\/wp-json\/wp\/v2\/pages"}],"about":[{"href":"https:\/\/zupa-svik-recica.hr\/index.php\/wp-json\/wp\/v2\/types\/page"}],"author":[{"embeddable":true,"href":"https:\/\/zupa-svik-recica.hr\/index.php\/wp-json\/wp\/v2\/users\/2"}],"replies":[{"embeddable":true,"href":"https:\/\/zupa-svik-recica.hr\/index.php\/wp-json\/wp\/v2\/comments?post=158"}],"version-history":[{"count":2,"href":"https:\/\/zupa-svik-recica.hr\/index.php\/wp-json\/wp\/v2\/pages\/158\/revisions"}],"predecessor-version":[{"id":2530,"href":"https:\/\/zupa-svik-recica.hr\/index.php\/wp-json\/wp\/v2\/pages\/158\/revisions\/2530"}],"wp:attachment":[{"href":"https:\/\/zupa-svik-recica.hr\/index.php\/wp-json\/wp\/v2\/media?parent=158"}],"curies":[{"name":"wp","href":"https:\/\/api.w.org\/{rel}","templated":true}]}}