{"id":145,"date":"2017-12-10T14:01:58","date_gmt":"2017-12-10T13:01:58","guid":{"rendered":"http:\/\/192.168.1.16\/?page_id=145"},"modified":"2018-02-02T12:31:46","modified_gmt":"2018-02-02T11:31:46","slug":"lokacija-zupe-sv-ivana-krstitelja","status":"publish","type":"page","link":"https:\/\/zupa-svik-recica.hr\/index.php\/lokacija-zupe-sv-ivana-krstitelja\/","title":{"rendered":"Lokacija \u017eupe sv. Ivana Krstitelja"},"content":{"rendered":"<p><a href=\"http:\/\/zupa-svik-recica.hr\/wp-content\/uploads\/2018\/01\/Picture007.jpg\"><img loading=\"lazy\" class=\"alignright wp-image-150\" src=\"http:\/\/zupa-svik-recica.hr\/wp-content\/uploads\/2018\/01\/Picture007.jpg\" alt=\"\" width=\"300\" height=\"225\" \/><\/a>Re\u010dica je naselje u blizini Karlovca, u \u010dijem se sastavu administrativno nalazi. Re\u010dica je dru\u0161tveno, umjetni\u010dko i \u0161portsko sredi\u0161te, u kojoj djeluje Kulturno-umjetni\u010dko dru\u0161tvo &#8220;Re\u010dica&#8221;, nogometni klub &#8220;Mladost&#8221;, dobrovoljna vatrogasna dru\u0161tva &#8220;Re\u010dica-Matica&#8221;, &#8220;Re\u010dica Kolodvor&#8221; i &#8220;Donja Re\u010dica&#8221; te lova\u010dko dru\u0161tvo &#8220;Re\u010dica&#8221;. Re\u010dica je tako\u0111er sredi\u0161te \u017eupe sv. Ivana Krstitelja, kojoj jo\u0161 pripadaju i sela Luka Pokupska, Zamr\u0161je i Karasi. Navedena sela i administrativno pripadaju Mjesnom odboru Re\u010dica te dru\u0161tvenoj zajednici Re\u010dice. Sama Re\u010dica ima 200 doma\u0107instava i oko 700 \u017eitelja, a zajedno s Lukom Pokupskom, Zamr\u0161jem i Karasima ima to\u010dno 379 doma\u0107instva i 1175 \u017eitelja.<br \/>\nRe\u010dica se u dokumentima spominje u 15. st. Najve\u0107a kulturno-povijesna ba\u0161tina Re\u010dice i \u0161ire okolice je dvorac Dra\u0161kovi\u0107a, ostatak nekad mnogo ve\u0107eg vlastelinstva. Dvorac je najpoznatiji po grofu Janku Dra\u0161kovi\u0107u koji je u njemu boravio u prvoj polovici 19. stolje\u0107a.<\/p>\n<p><a href=\"http:\/\/zupa-svik-recica.hr\/wp-content\/uploads\/2018\/01\/re\u010dica3.jpg\"><img loading=\"lazy\" class=\"alignleft wp-image-151\" src=\"http:\/\/zupa-svik-recica.hr\/wp-content\/uploads\/2018\/01\/re\u010dica3.jpg\" alt=\"\" width=\"300\" height=\"225\" \/><\/a> Re\u010dica je od Karlovca udaljena desetak kilometara i smje\u0161tena je na rijeci Kupi. Kupa je na tom dijelu svoga toka \u0161iroka i pitoma, plovna i korisna rijeka. Dio ovog naselja je po njoj i dobio ime &#8220;Luka Pokupska&#8221;, jer bilo je to u istinu pravo pristajali\u0161te. Za niska vodostaja Kupe ovdje se istovarivala roba, ponajprije \u017eito, koje se je onda konjskom zapregom prevozilo u Karlovac. Zahvaljuju\u0107i toj okolnosti mnogi su nekada\u0161nji \u017eitelji Re\u010dice tu nalazili skromne, prete\u017eno dodate zarade. Jer ovo je kraj u kojem se od uvijek \u017eivjelo po najprije od plodova zemlje. Poljoprivreda je danas dominantna gospodarska grana usprkos svekolikom op\u0107em dru\u0161tvenom razvitku na \u0161irem planu. Mnogo stanovnika ovoga kraja sigurni kruh je potra\u017eilo u Karlovcu kamo se godinama putuje na posao, seljaci putuju radi prodaje peradi, stoke i raznih poljoprivrednih proizvoda, a \u017eivot se provodi u Re\u010dici.<\/p>\n<p>Zanimljiv je geografski polo\u017eaj Re\u010dice \u0161to je onda oblikovalo i na\u010din \u017eivota njezinih \u017eitelja. Izme\u0111u sela Re\u010dice i grada Karlovca nalazi se \u0161uma zvana \u0160umbar. Na neki na\u010din mo\u017eemo re\u0107i da se isprije\u010dila kao prirodna barijera. Re\u010dica je blizu grada, a opet daleka tako da je trebalo urediti cjelokupni dru\u0161tveni \u017eivot samostalno.<\/p>\n<p>Na\u017ealost \u017eupna Spomenica je siroma\u0161na i neredovito se vodila pa glavne podatke o \u017eupi nalazimo u knjizi &#8220;Graditeljska ba\u0161tina Karlova\u010dkog Pokuplja&#8221; od dr Milana Kruheka.<\/p>\n","protected":false},"excerpt":{"rendered":"<p>Re\u010dica je naselje u blizini Karlovca, u \u010dijem se sastavu administrativno nalazi. Re\u010dica je dru\u0161tveno, umjetni\u010dko i \u0161portsko sredi\u0161te, u kojoj djeluje Kulturno-umjetni\u010dko dru\u0161tvo &#8220;Re\u010dica&#8221;, nogometni klub &#8220;Mladost&#8221;, dobrovoljna vatrogasna dru\u0161tva &#8220;Re\u010dica-Matica&#8221;, &#8220;Re\u010dica Kolodvor&#8221; i &#8220;Donja Re\u010dica&#8221; te lova\u010dko dru\u0161tvo &#8220;Re\u010dica&#8221;. Re\u010dica je tako\u0111er sredi\u0161te \u017eupe sv. Ivana Krstitelja, kojoj jo\u0161 pripadaju i sela Luka &hellip; <\/p>\n<p class=\"link-more\"><a href=\"https:\/\/zupa-svik-recica.hr\/index.php\/lokacija-zupe-sv-ivana-krstitelja\/\" class=\"more-link\">Nastavi \u010ditati<span class=\"screen-reader-text\"> &#8220;Lokacija \u017eupe sv. Ivana Krstitelja&#8221;<\/span><\/a><\/p>\n","protected":false},"author":2,"featured_media":0,"parent":0,"menu_order":0,"comment_status":"closed","ping_status":"closed","template":"","meta":{"_mi_skip_tracking":false},"_links":{"self":[{"href":"https:\/\/zupa-svik-recica.hr\/index.php\/wp-json\/wp\/v2\/pages\/145"}],"collection":[{"href":"https:\/\/zupa-svik-recica.hr\/index.php\/wp-json\/wp\/v2\/pages"}],"about":[{"href":"https:\/\/zupa-svik-recica.hr\/index.php\/wp-json\/wp\/v2\/types\/page"}],"author":[{"embeddable":true,"href":"https:\/\/zupa-svik-recica.hr\/index.php\/wp-json\/wp\/v2\/users\/2"}],"replies":[{"embeddable":true,"href":"https:\/\/zupa-svik-recica.hr\/index.php\/wp-json\/wp\/v2\/comments?post=145"}],"version-history":[{"count":1,"href":"https:\/\/zupa-svik-recica.hr\/index.php\/wp-json\/wp\/v2\/pages\/145\/revisions"}],"predecessor-version":[{"id":860,"href":"https:\/\/zupa-svik-recica.hr\/index.php\/wp-json\/wp\/v2\/pages\/145\/revisions\/860"}],"wp:attachment":[{"href":"https:\/\/zupa-svik-recica.hr\/index.php\/wp-json\/wp\/v2\/media?parent=145"}],"curies":[{"name":"wp","href":"https:\/\/api.w.org\/{rel}","templated":true}]}}