{"id":233,"date":"2017-12-14T21:48:58","date_gmt":"2017-12-14T20:48:58","guid":{"rendered":"http:\/\/192.168.1.16\/?page_id=233"},"modified":"2018-02-02T12:36:46","modified_gmt":"2018-02-02T11:36:46","slug":"zupna-knjiznica","status":"publish","type":"page","link":"http:\/\/zupa-svik-recica.hr\/index.php\/zupna-knjiznica\/","title":{"rendered":"\u017dupna knji\u017enica"},"content":{"rendered":"<p><img loading=\"lazy\" class=\"alignright wp-image-234\" src=\"http:\/\/zupa-svik-recica.hr\/wp-content\/uploads\/2018\/01\/knjiznica_stock.png\" alt=\"\" width=\"300\" height=\"160\" \/>\u017dupna knji\u017enica informacijsko je, medijsko i komunikacijsko sredi\u0161te \u017eupe. Ona slu\u017ei \u017eupljanima &#8211; mladim i starijima da kroz knjigu upoznaju svoju vjeru, prona\u0111u odgovore na svoja pitanja, da se duhovno oboga\u0107uju&#8230;<\/p>\n<p>U\u010dlanite se u na\u0161u knji\u017enicu, postanite dio nje, da bi ona postala dio vas&#8230;.<\/p>\n<p>Imate knjigu, ne znate \u0161to s njom &#8211; poklonite je na\u0161oj knji\u017enici!<br \/>\nNa\u0111ite vremena za knjigu &#8211; knji\u017enica otvorena svaki dan od 07,00 sati do 21,00 sat!<br \/>\nMo\u017eete je posuditi i \u010ditati kod ku\u0107e ili u ugodnom prostoru knji\u017enice!<\/p>\n","protected":false},"excerpt":{"rendered":"<p>\u017dupna knji\u017enica informacijsko je, medijsko i komunikacijsko sredi\u0161te \u017eupe. Ona slu\u017ei \u017eupljanima &#8211; mladim i starijima da kroz knjigu upoznaju svoju vjeru, prona\u0111u odgovore na svoja pitanja, da se duhovno oboga\u0107uju&#8230; U\u010dlanite se u na\u0161u knji\u017enicu, postanite dio nje, da bi ona postala dio vas&#8230;. Imate knjigu, ne znate \u0161to s njom &#8211; poklonite je &hellip; <\/p>\n<p class=\"link-more\"><a href=\"http:\/\/zupa-svik-recica.hr\/index.php\/zupna-knjiznica\/\" class=\"more-link\">Nastavi \u010ditati<span class=\"screen-reader-text\"> &#8220;\u017dupna knji\u017enica&#8221;<\/span><\/a><\/p>\n","protected":false},"author":2,"featured_media":0,"parent":0,"menu_order":0,"comment_status":"closed","ping_status":"closed","template":"","meta":{"_mi_skip_tracking":false},"_links":{"self":[{"href":"http:\/\/zupa-svik-recica.hr\/index.php\/wp-json\/wp\/v2\/pages\/233"}],"collection":[{"href":"http:\/\/zupa-svik-recica.hr\/index.php\/wp-json\/wp\/v2\/pages"}],"about":[{"href":"http:\/\/zupa-svik-recica.hr\/index.php\/wp-json\/wp\/v2\/types\/page"}],"author":[{"embeddable":true,"href":"http:\/\/zupa-svik-recica.hr\/index.php\/wp-json\/wp\/v2\/users\/2"}],"replies":[{"embeddable":true,"href":"http:\/\/zupa-svik-recica.hr\/index.php\/wp-json\/wp\/v2\/comments?post=233"}],"version-history":[{"count":1,"href":"http:\/\/zupa-svik-recica.hr\/index.php\/wp-json\/wp\/v2\/pages\/233\/revisions"}],"predecessor-version":[{"id":866,"href":"http:\/\/zupa-svik-recica.hr\/index.php\/wp-json\/wp\/v2\/pages\/233\/revisions\/866"}],"wp:attachment":[{"href":"http:\/\/zupa-svik-recica.hr\/index.php\/wp-json\/wp\/v2\/media?parent=233"}],"curies":[{"name":"wp","href":"https:\/\/api.w.org\/{rel}","templated":true}]}}